{"id":1179,"date":"2025-08-11T15:01:21","date_gmt":"2025-08-11T15:01:21","guid":{"rendered":"https:\/\/cityfirstbank.com\/?page_id=1179"},"modified":"2025-11-04T16:32:31","modified_gmt":"2025-11-04T16:32:31","slug":"aboutus","status":"publish","type":"page","link":"https:\/\/www.cityfirstbank.com\/es\/aboutus\/","title":{"rendered":"Qui\u00e9nes somos"},"content":{"rendered":"<div id=\"block_b5e2efd9ebdf5219702f4a866454c28e\" class=\"wysiwyg page-width\"><h3>Banca orientada a la misi\u00f3n que refuerza la resiliencia de la comunidad<\/h3>\n<p><span class=\"TextRun SCXW255257601 BCX8\" lang=\"EN-US\" xml:lang=\"EN-US\" data-contrast=\"auto\"><span class=\"NormalTextRun SCXW255257601 BCX8\">Defender la vivienda asequible, el crecimiento de las organizaciones sin \u00e1nimo de lucro y el desarrollo de las peque\u00f1as empresas en comunidades con escasas inversiones mediante una financiaci\u00f3n estrat\u00e9gica que colme las lagunas de capital e impulse un impacto duradero.<\/span><\/span><\/p>\n<\/div>\n\n\n\n\t<div id=\"block_49b2d519cdf0aa2f8f9dad21b6720753\" class=\"split container--horizontal split-size--50 background-color--light-blue background-alignment--right full-width vertical-align--middle\">\n\t\t<!-- Image Error ($image is empty) -->\t\t<div class=\"split__inner-container\">\n\t\t\t\n\n<div id=\"block_2a6b47baeede154dfea9bc13b90bd1b2\" class=\"image page-width\">\n\t<div class=\"i72-image cover\" role=\"img\" title=\"llave en mano\" aria-label=\"Llave en mano\" data-srcset=\"https:\/\/www.cityfirstbank.com\/wp-content\/uploads\/2025\/09\/key_in-hand.png 3000w 3000h,https:\/\/www.cityfirstbank.com\/wp-content\/uploads\/2025\/09\/key_in-hand-300x225.png 300w 225h,https:\/\/www.cityfirstbank.com\/wp-content\/uploads\/2025\/09\/key_in-hand-768x576.png 768w 576h,https:\/\/www.cityfirstbank.com\/wp-content\/uploads\/2025\/09\/key_in-hand-1024x768.png 1024w 768h,https:\/\/www.cityfirstbank.com\/wp-content\/uploads\/2025\/09\/key_in-hand.png 1200w 900h,https:\/\/www.cityfirstbank.com\/wp-content\/uploads\/2025\/09\/key_in-hand.png 1200w 900h,https:\/\/www.cityfirstbank.com\/wp-content\/uploads\/2025\/09\/key_in-hand-16x12.png 16w 12h,https:\/\/www.cityfirstbank.com\/wp-content\/uploads\/2025\/09\/key_in-hand-150x113.png 150w 113h,https:\/\/www.cityfirstbank.com\/wp-content\/uploads\/2025\/09\/key_in-hand.png 1200w 900h,https:\/\/www.cityfirstbank.com\/wp-content\/uploads\/2025\/09\/key_in-hand.png 1200w 900h\" data-original-width=\"1200\" data-original-height=\"900\"><\/div><\/div>\n\n\r\n<div id=\"block_3265e01541f818d4a97328a6f19930a9\" class=\"paragraph paragraph--icon align-left page-width\">\r\n\t\t\t<div class=\"paragraph__inner-container\">\r\n\t\t<div class=\"paragraph__text-container\">\r\n\t\t\t\t\t\t\t<h2 class=\"paragraph__title\">QUI\u00c9NES SOMOS<\/h2>\r\n\t\t\t\t\t\t\t\t\t\t<div class=\"paragraph__text\"><h4>Fundada para colmar las lagunas de capital<\/h4>\n<p>Somos un banco comercial impulsado por una misi\u00f3n, cuyo \u00fanico objetivo es el bienestar y el empoderamiento econ\u00f3mico de nuestros clientes y comunidades. Nuestra raz\u00f3n de ser es empoderar a las organizaciones y a las personas que tienen un acceso m\u00e1s limitado a los servicios bancarios y financieros comerciales tradicionales.<\/p>\n<p>Misi\u00f3n bloqueada por dise\u00f1o<\/p>\n<ul>\n<li>Nuestro prop\u00f3sito est\u00e1 salvaguardado a trav\u00e9s de inversores, socios, certificaciones y estructura jur\u00eddica alineados con la misi\u00f3n.<\/li>\n<li>Como empresa con certificaci\u00f3n B Corp y Public Benefit Corporation, equilibramos las personas, el planeta y los beneficios.<\/li>\n<li>Como Instituci\u00f3n Financiera de Desarrollo Comunitario (CDFI) certificada, nos centramos en prestar servicios a comunidades con ingresos bajos y moderados.<\/li>\n<\/ul>\n<\/div>\r\n\t\t\t\t\t<\/div>\r\n\t\t\t<\/div>\r\n<\/div>\n\n\t\t<\/div>\n\t<\/div>\n\n\n\n\n\n\t<div id=\"block_5f8202afddcc684066c39d70bf66dfb6\" class=\"split container--horizontal split-size--50 background-color--light-blue background-alignment--left full-width vertical-align--middle\">\n\t\t<!-- Image Error ($image is empty) -->\t\t<div class=\"split__inner-container\">\n\t\t\t\n\r\n<div id=\"block_4ec2591e82c8b4a7ee6e041a6335c782\" class=\"paragraph paragraph--icon align-left page-width\">\r\n\t\t\t<div class=\"paragraph__inner-container\">\r\n\t\t<div class=\"paragraph__text-container\">\r\n\t\t\t\t\t\t\t<h2 class=\"paragraph__title\">QU\u00c9 HACEMOS<\/h2>\r\n\t\t\t\t\t\t\t\t\t\t<div class=\"paragraph__text\"><h4>Financiaci\u00f3n que impulsa el impacto<\/h4>\n<p>Utilizamos las finanzas como herramienta para el desarrollo duradero de la comunidad, apoyando a empresas y organizaciones sin \u00e1nimo de lucro alineadas con su misi\u00f3n a trav\u00e9s de pr\u00e9stamos y asociaciones estrat\u00e9gicas.<\/p>\n<p>70%+ de pr\u00e9stamos a iniciativas centradas en la misi\u00f3n<\/p>\n<ul>\n<li>Damos prioridad a la financiaci\u00f3n que fomenta las oportunidades econ\u00f3micas y sociales en comunidades con escasas inversiones.<\/li>\n<li>Como banco de desarrollo comunitario autorizado a escala nacional, proporcionamos financiaci\u00f3n comercial para viviendas asequibles, organizaciones sin \u00e1nimo de lucro y peque\u00f1as empresas.<\/li>\n<\/ul>\n<\/div>\r\n\t\t\t\t\t<\/div>\r\n\t\t\t<\/div>\r\n<\/div>\n\n\n<div id=\"block_be22b076ad308b2c1597e4c660340965\" class=\"image page-width\">\n\t<div class=\"i72-image cover\" role=\"img\" title=\"getty_coffee\" aria-label=\"Texto alternativo no disponible\" data-srcset=\"https:\/\/www.cityfirstbank.com\/wp-content\/uploads\/2025\/09\/getty_coffee.jpeg 3000w 3000h,https:\/\/www.cityfirstbank.com\/wp-content\/uploads\/2025\/09\/getty_coffee-300x169.jpeg 300w 169h,https:\/\/www.cityfirstbank.com\/wp-content\/uploads\/2025\/09\/getty_coffee-768x432.jpeg 768w 432h,https:\/\/www.cityfirstbank.com\/wp-content\/uploads\/2025\/09\/getty_coffee-1024x576.jpeg 1024w 576h,https:\/\/www.cityfirstbank.com\/wp-content\/uploads\/2025\/09\/getty_coffee-1536x864.jpeg 1536w 864h,https:\/\/www.cityfirstbank.com\/wp-content\/uploads\/2025\/09\/getty_coffee.jpeg 1920w 1080h,https:\/\/www.cityfirstbank.com\/wp-content\/uploads\/2025\/09\/getty_coffee-18x10.jpeg 18w 10h,https:\/\/www.cityfirstbank.com\/wp-content\/uploads\/2025\/09\/getty_coffee-150x84.jpeg 150w 84h,https:\/\/www.cityfirstbank.com\/wp-content\/uploads\/2025\/09\/getty_coffee-1280x720.jpeg 1280w 720h,https:\/\/www.cityfirstbank.com\/wp-content\/uploads\/2025\/09\/getty_coffee.jpeg 1920w 1080h\" data-original-width=\"1920\" data-original-height=\"1080\"><\/div><\/div>\n\n\t\t<\/div>\n\t<\/div>\n\n\n\n\n\n\t<div id=\"block_49b2d519cdf0aa2f8f9dad21b6720753\" class=\"split container--horizontal split-size--50 background-color--light-blue background-alignment--right full-width vertical-align--middle\">\n\t\t<!-- Image Error ($image is empty) -->\t\t<div class=\"split__inner-container\">\n\t\t\t\n\n<div id=\"block_9951a415145df95a5813914c684a6f56\" class=\"image page-width\">\n\t<div class=\"i72-image cover\" role=\"img\" title=\"Un aula\" aria-label=\"Un aula\" data-srcset=\"https:\/\/www.cityfirstbank.com\/wp-content\/uploads\/2025\/09\/classroom_0.jpg 3000w 3000h,https:\/\/www.cityfirstbank.com\/wp-content\/uploads\/2025\/09\/classroom_0-200x300.jpg 200w 300h,https:\/\/www.cityfirstbank.com\/wp-content\/uploads\/2025\/09\/classroom_0-768x1152.jpg 768w 1152h,https:\/\/www.cityfirstbank.com\/wp-content\/uploads\/2025\/09\/classroom_0-683x1024.jpg 683w 1024h,https:\/\/www.cityfirstbank.com\/wp-content\/uploads\/2025\/09\/classroom_0.jpg 800w 1200h,https:\/\/www.cityfirstbank.com\/wp-content\/uploads\/2025\/09\/classroom_0.jpg 800w 1200h,https:\/\/www.cityfirstbank.com\/wp-content\/uploads\/2025\/09\/classroom_0-8x12.jpg 8w 12h,https:\/\/www.cityfirstbank.com\/wp-content\/uploads\/2025\/09\/classroom_0-100x150.jpg 100w 150h,https:\/\/www.cityfirstbank.com\/wp-content\/uploads\/2025\/09\/classroom_0.jpg 800w 1200h,https:\/\/www.cityfirstbank.com\/wp-content\/uploads\/2025\/09\/classroom_0.jpg 800w 1200h\" data-original-width=\"800\" data-original-height=\"1200\"><\/div><\/div>\n\n\r\n<div id=\"block_e6d627d560924779488aa97d5b41286e\" class=\"paragraph paragraph--icon align-left page-width\">\r\n\t\t\t<div class=\"paragraph__inner-container\">\r\n\t\t<div class=\"paragraph__text-container\">\r\n\t\t\t\t\t\t\t<h2 class=\"paragraph__title\">POR QU\u00c9 ES IMPORTANTE<\/h2>\r\n\t\t\t\t\t\t\t\t\t\t<div class=\"paragraph__text\"><p>La banca es un poderoso motor de la fortaleza econ\u00f3mica y la capacidad de recuperaci\u00f3n de las comunidades, sobre todo de aquellas en las que no se invierte lo suficiente. Pero nos hace falta a todos.<\/p>\n<p>La banca orientada a la misi\u00f3n prospera gracias al compromiso colectivo de nuestros grupos de inter\u00e9s:<\/p>\n<ul>\n<li>Inversores que priorizan el impacto junto a la rentabilidad<\/li>\n<li>Depositantes que alinean su dinero con sus valores<\/li>\n<li>Socios comunitarios que ayudan a identificar y satisfacer las necesidades locales<\/li>\n<li>Socios de los sectores p\u00fablico y privado que promueven sistemas financieros inclusivos<\/li>\n<li>Empleados y directivos que llevan a cabo la misi\u00f3n a diario<\/li>\n<\/ul>\n<p>Juntos, podemos seguir utilizando las finanzas como una fuerza para el bien, canalizando el capital all\u00ed donde m\u00e1s se necesita y creando oportunidades duraderas para todos.<\/p>\n<\/div>\r\n\t\t\t\t\t<\/div>\r\n\t\t\t<\/div>\r\n<\/div>\n\n\t\t<\/div>\n\t<\/div>","protected":false},"excerpt":{"rendered":"","protected":false},"author":16,"featured_media":0,"parent":0,"menu_order":0,"comment_status":"closed","ping_status":"closed","template":"","meta":{"_acf_changed":false,"inline_featured_image":false,"footnotes":""},"class_list":["post-1179","page","type-page","status-publish","hentry"],"acf":[],"aioseo_notices":[],"_links":{"self":[{"href":"https:\/\/www.cityfirstbank.com\/es\/wp-json\/wp\/v2\/pages\/1179","targetHints":{"allow":["GET"]}}],"collection":[{"href":"https:\/\/www.cityfirstbank.com\/es\/wp-json\/wp\/v2\/pages"}],"about":[{"href":"https:\/\/www.cityfirstbank.com\/es\/wp-json\/wp\/v2\/types\/page"}],"author":[{"embeddable":true,"href":"https:\/\/www.cityfirstbank.com\/es\/wp-json\/wp\/v2\/users\/16"}],"replies":[{"embeddable":true,"href":"https:\/\/www.cityfirstbank.com\/es\/wp-json\/wp\/v2\/comments?post=1179"}],"version-history":[{"count":29,"href":"https:\/\/www.cityfirstbank.com\/es\/wp-json\/wp\/v2\/pages\/1179\/revisions"}],"predecessor-version":[{"id":2999,"href":"https:\/\/www.cityfirstbank.com\/es\/wp-json\/wp\/v2\/pages\/1179\/revisions\/2999"}],"wp:attachment":[{"href":"https:\/\/www.cityfirstbank.com\/es\/wp-json\/wp\/v2\/media?parent=1179"}],"curies":[{"name":"wp","href":"https:\/\/api.w.org\/{rel}","templated":true}]}}