{"id":1199,"date":"2025-08-11T15:37:22","date_gmt":"2025-08-11T15:37:22","guid":{"rendered":"https:\/\/cityfirstbank.com\/?page_id=1199"},"modified":"2026-01-26T15:57:27","modified_gmt":"2026-01-26T15:57:27","slug":"history","status":"publish","type":"page","link":"https:\/\/www.cityfirstbank.com\/es\/mission\/history\/","title":{"rendered":"Nuestra historia"},"content":{"rendered":"<div id=\"block_59063a719681efc22655d58002737ba3\" class=\"wysiwyg page-width\"><h2>Casi 80 a\u00f1os de compromiso con la comunidad<\/h2>\n<h3>Un legado de impacto: desde Washington, D.C. hasta Los \u00c1ngeles, City First Bank ha promovido las oportunidades econ\u00f3micas a trav\u00e9s de una banca con una misi\u00f3n clara desde 1947.<\/h3>\n<p>La historia de City First Bank es una historia de compromiso duradero con las comunidades desatendidas. Nuestros fundadores en Washington, D.C. y Los \u00c1ngeles eran l\u00edderes locales que identificaron la necesidad de un banco que abordara la falta de acceso al capital en comunidades hist\u00f3ricamente excluidas y desatendidas. Desde nuestra fundaci\u00f3n, hemos sido una instituci\u00f3n financiera impulsada por una misi\u00f3n, llegando a convertirnos en el primer banco de Washington, D.C. certificado como Instituci\u00f3n Financiera de Desarrollo Comunitario (CDFI).<\/p>\n<\/div>\n\n\n<div id=\"block_8fec211305e072ee5cd53ba4a83a4edd\" class=\"image image--border page-width\">\n\t<div class=\"i72-image cover\" role=\"img\" title=\"Cartel del City First Bank de Washington D. C.\" aria-label=\"Cartel del City First Bank de Washington D. C.\" data-srcset=\"https:\/\/www.cityfirstbank.com\/wp-content\/uploads\/2025\/09\/sign.jpg 3000w 3000h,https:\/\/www.cityfirstbank.com\/wp-content\/uploads\/2025\/09\/sign-300x234.jpg 300w 234h,https:\/\/www.cityfirstbank.com\/wp-content\/uploads\/2025\/09\/sign.jpg 453w 353h,https:\/\/www.cityfirstbank.com\/wp-content\/uploads\/2025\/09\/sign.jpg 453w 353h,https:\/\/www.cityfirstbank.com\/wp-content\/uploads\/2025\/09\/sign.jpg 453w 353h,https:\/\/www.cityfirstbank.com\/wp-content\/uploads\/2025\/09\/sign.jpg 453w 353h,https:\/\/www.cityfirstbank.com\/wp-content\/uploads\/2025\/09\/sign-15x12.jpg 15w 12h,https:\/\/www.cityfirstbank.com\/wp-content\/uploads\/2025\/09\/sign-150x117.jpg 150w 117h,https:\/\/www.cityfirstbank.com\/wp-content\/uploads\/2025\/09\/sign.jpg 453w 353h,https:\/\/www.cityfirstbank.com\/wp-content\/uploads\/2025\/09\/sign.jpg 453w 353h\" data-original-width=\"453\" data-original-height=\"353\"><\/div><\/div>\n\n\r\n<div id=\"block_e7c1c687cfb9cd5822ef805937a9e28c\" class=\"wysiwyg page-width\"><h4>Nuestra historia<\/h4>\n<p>En 1993, dos docenas de miembros de la comunidad se reunieron en el s\u00f3tano de una iglesia para atender a los vecinos desfavorecidos de Washington D. C., y en noviembre de 1998 inauguraron el City First Bank con Debbi Hurd Baptist, de Freddie Mac, como directora ejecutiva; Lloyd Smith, de la Marshall Heights Community Development Corporation, como presidente; y unos 19,4 millones de d\u00f3lares en inversiones procedentes de fuentes p\u00fablicas y privadas. City First se convirti\u00f3 en 1999 en el primer banco de la capital del pa\u00eds certificado como CDFI.<\/p>\n<p>Broadway Federal Savings and Loan abri\u00f3 sus puertas a sus primeros clientes el 11 de enero de 1947 en Los \u00c1ngeles. Fundada por tres empresarios afroamericanos \u2014H. A. Howard, un agente inmobiliario e inversor que fue el primer gerente del banco; el Dr. H. Claude Hudson, un dentista, abogado y defensor de los derechos civiles; y Paul Revere Williams, el arquitecto afroamericano m\u00e1s destacado de los Estados Unidos\u2014, Broadway Federal se cre\u00f3 para facilitar el acceso a la vivienda a los soldados afroamericanos que regresaban de la Segunda Guerra Mundial.<\/p>\n<p>En 1998, Broadway recibi\u00f3 el Premio Social Compact por su colaboraci\u00f3n en materia de desarrollo comunitario con Inglewood Neighborhood Housing Services. En 1999 volvi\u00f3 a ser reconocida al recibir el Premio a la Colaboraci\u00f3n Comunitaria del Federal Home Loan Bank de San Francisco.<\/p>\n<p>En 2021, unimos fuerzas con Broadway Federal Bank, otra instituci\u00f3n financiera de desarrollo comunitario (CDFI) con sede en Los \u00c1ngeles, en una fusi\u00f3n hist\u00f3rica. Juntos, formamos uno de los bancos con fines sociales m\u00e1s grandes del pa\u00eds, bajo el nombre de City First Bank.<\/p>\n<p>Nuestra trayectoria de casi 80 a\u00f1os se basa en la visi\u00f3n de l\u00edderes comunitarios y empresariales que cre\u00edan en la importancia de canalizar el capital hacia donde m\u00e1s se necesita. Esa visi\u00f3n se remonta a 1947, cuando un grupo de l\u00edderes de Los \u00c1ngeles fund\u00f3 el Broadway Federal Bank con el fin de apoyar el acceso a la vivienda y las oportunidades econ\u00f3micas para los veteranos que regresaban a casa. Casi 50 a\u00f1os despu\u00e9s, un grupo de agentes del cambio en Washington D. C. se uni\u00f3 con el mismo objetivo: fundar el City First Bank para impulsar la inversi\u00f3n en comunidades de bajos ingresos.<\/p>\n<p>Hoy en d\u00eda, seguimos construyendo sobre ese legado, aportando capital, servicios financieros y una colaboraci\u00f3n de confianza para impulsar el progreso en los barrios urbanos con escasa inversi\u00f3n. Nuestro objetivo es claro: ampliar las oportunidades econ\u00f3micas a trav\u00e9s de una banca centrada en la comunidad.<\/p>\n<\/div>\n\n\t<h3 id=\"block_279666ef4bb8b6bef52f9cd4a8cfe8b2\" class=\"heading align-left page-width\">Los fundadores del City First Bank<\/h3> \n\n\n\n\t<div id=\"block_3fdcc7068c7dd7fbd4431a0cc63b46de\" class=\"row row--default container--horizontal row-break--4 row-gap--small background-color--none background-alignment--full page-width vertical-align--top\">\n\t\t<!-- Image Error ($image is empty) -->\t\t<div class=\"row__inner-container\">\n\t\t\t\n\n<div id=\"block_ed80d78d4cfd6d0c5cfdbf400128fa7d\" class=\"card card--default align-left page-width\">\n\t\t<div class=\"i72-image cover\" role=\"img\" title=\"Debbie-Hurd\" aria-label=\"Debbie Hurd\" data-srcset=\"https:\/\/www.cityfirstbank.com\/wp-content\/uploads\/2025\/09\/Debbie-Hurd-1-e1759260923403.jpeg 3000w 3000h,https:\/\/www.cityfirstbank.com\/wp-content\/uploads\/2025\/09\/Debbie-Hurd-1-e1759260923403.jpeg 217w 179h,https:\/\/www.cityfirstbank.com\/wp-content\/uploads\/2025\/09\/Debbie-Hurd-1-e1759260923403.jpeg 217w 179h,https:\/\/www.cityfirstbank.com\/wp-content\/uploads\/2025\/09\/Debbie-Hurd-1-e1759260923403.jpeg 217w 179h,https:\/\/www.cityfirstbank.com\/wp-content\/uploads\/2025\/09\/Debbie-Hurd-1-e1759260923403.jpeg 217w 179h,https:\/\/www.cityfirstbank.com\/wp-content\/uploads\/2025\/09\/Debbie-Hurd-1-e1759260923403.jpeg 217w 179h,https:\/\/www.cityfirstbank.com\/wp-content\/uploads\/2025\/09\/Debbie-Hurd-1-e1759260923403-15x12.jpeg 15w 12h,https:\/\/www.cityfirstbank.com\/wp-content\/uploads\/2025\/09\/Debbie-Hurd-1-e1759260923403-150x124.jpeg 150w 124h,https:\/\/www.cityfirstbank.com\/wp-content\/uploads\/2025\/09\/Debbie-Hurd-1-e1759260923403.jpeg 217w 179h,https:\/\/www.cityfirstbank.com\/wp-content\/uploads\/2025\/09\/Debbie-Hurd-1-e1759260923403.jpeg 217w 179h\" data-original-width=\"217\" data-original-height=\"179\"><\/div>\t<div class=\"card__inner-container\">\n        \t\t\t\t\t<h2 class=\"card__title\">Debbi Hurd Baptist <\/h2>\n\t\t\t\t\t\t\t<h3 class=\"card__subtitle\">1949-2000<\/h3>\n\t\t\t\t\t\t\t<div class=\"card__text\"><p>Baptist fue la presidenta fundadora y directora ejecutiva del primer banco de desarrollo comunitario de la capital del pa\u00eds. Form\u00f3 parte del equipo directivo y fue una de las accionistas fundadoras de City First.<\/p>\n<\/div>\n\t\t\t\t\t\t\t<a class=\"card__link\" href=\"https:\/\/www.cityfirstbank.com\/es\/bio\/debbi-hurd-baptist\/\" target=\"_self\" aria-label=\"Enlace a: Debbi Hurd Baptist\">Debbi Hurd Baptist<\/a>\n\t\t\t<\/div>\n<\/div>\n\n\n<div id=\"block_59c7bfc23392fbd36bd8f6ff04c3c6d5\" class=\"card card--default align-left page-width\">\n\t\t<div class=\"i72-image cover\" role=\"img\" title=\"loyd-smith\" aria-label=\"Texto alternativo no disponible\" data-srcset=\"https:\/\/www.cityfirstbank.com\/wp-content\/uploads\/2025\/09\/loyd-smith-1-e1759261075253.jpg 3000w 3000h,https:\/\/www.cityfirstbank.com\/wp-content\/uploads\/2025\/09\/loyd-smith-1-e1759261075253-300x225.jpg 300w 225h,https:\/\/www.cityfirstbank.com\/wp-content\/uploads\/2025\/09\/loyd-smith-1-e1759261075253-768x577.jpg 768w 577h,https:\/\/www.cityfirstbank.com\/wp-content\/uploads\/2025\/09\/loyd-smith-1-e1759261075253.jpg 776w 583h,https:\/\/www.cityfirstbank.com\/wp-content\/uploads\/2025\/09\/loyd-smith-1-e1759261075253.jpg 776w 583h,https:\/\/www.cityfirstbank.com\/wp-content\/uploads\/2025\/09\/loyd-smith-1-e1759261075253.jpg 776w 583h,https:\/\/www.cityfirstbank.com\/wp-content\/uploads\/2025\/09\/loyd-smith-1-e1759261075253-16x12.jpg 16w 12h,https:\/\/www.cityfirstbank.com\/wp-content\/uploads\/2025\/09\/loyd-smith-1-e1759261075253-150x113.jpg 150w 113h,https:\/\/www.cityfirstbank.com\/wp-content\/uploads\/2025\/09\/loyd-smith-1-e1759261075253.jpg 776w 583h,https:\/\/www.cityfirstbank.com\/wp-content\/uploads\/2025\/09\/loyd-smith-1-e1759261075253.jpg 776w 583h\" data-original-width=\"776\" data-original-height=\"583\"><\/div>\t<div class=\"card__inner-container\">\n        \t\t\t\t\t<h2 class=\"card__title\">Lloyd D. Smith <\/h2>\n\t\t\t\t\t\t\t<h3 class=\"card__subtitle\">1933-2004<\/h3>\n\t\t\t\t\t\t\t<div class=\"card__text\"><p>Como director organizador fundador del City First Bank, el liderazgo pionero de Smith en materia de vivienda, desarrollo comunitario y econ\u00f3mico en el \u00e1rea metropolitana de Washington cuenta con una larga y distinguida lista de logros.<\/p>\n<\/div>\n\t\t\t\t\t\t\t<a class=\"card__link\" href=\"https:\/\/www.cityfirstbank.com\/es\/bio\/lloyd-d-smith\/\" target=\"_self\" aria-label=\"Enlace a: Lloyd D. Smith\">Lloyd D. Smith<\/a>\n\t\t\t<\/div>\n<\/div>\n\n\n<div id=\"block_d0e0d7bf9449e09b97140b4cfecd3546\" class=\"card card--default align-left page-width\">\n\t\t<div class=\"i72-image cover\" role=\"img\" title=\"e_Hudson__Biblioteca_Bancroft__UC-Berkeley_\" aria-label=\"Dr. H. Claude Hudson\" data-srcset=\"https:\/\/www.cityfirstbank.com\/wp-content\/uploads\/2025\/09\/e_Hudson__The_Bancroft_Library__UC-Berkeley_-1-e1759261874130.jpeg 3000w 3000h,https:\/\/www.cityfirstbank.com\/wp-content\/uploads\/2025\/09\/e_Hudson__The_Bancroft_Library__UC-Berkeley_-1-e1759261874130-300x225.jpeg 300w 225h,https:\/\/www.cityfirstbank.com\/wp-content\/uploads\/2025\/09\/e_Hudson__The_Bancroft_Library__UC-Berkeley_-1-e1759261874130.jpeg 402w 302h,https:\/\/www.cityfirstbank.com\/wp-content\/uploads\/2025\/09\/e_Hudson__The_Bancroft_Library__UC-Berkeley_-1-e1759261874130.jpeg 402w 302h,https:\/\/www.cityfirstbank.com\/wp-content\/uploads\/2025\/09\/e_Hudson__The_Bancroft_Library__UC-Berkeley_-1-e1759261874130.jpeg 402w 302h,https:\/\/www.cityfirstbank.com\/wp-content\/uploads\/2025\/09\/e_Hudson__The_Bancroft_Library__UC-Berkeley_-1-e1759261874130.jpeg 402w 302h,https:\/\/www.cityfirstbank.com\/wp-content\/uploads\/2025\/09\/e_Hudson__The_Bancroft_Library__UC-Berkeley_-1-e1759261874130-16x12.jpeg 16w 12h,https:\/\/www.cityfirstbank.com\/wp-content\/uploads\/2025\/09\/e_Hudson__The_Bancroft_Library__UC-Berkeley_-1-e1759261874130-150x113.jpeg 150w 113h,https:\/\/www.cityfirstbank.com\/wp-content\/uploads\/2025\/09\/e_Hudson__The_Bancroft_Library__UC-Berkeley_-1-e1759261874130.jpeg 402w 302h,https:\/\/www.cityfirstbank.com\/wp-content\/uploads\/2025\/09\/e_Hudson__The_Bancroft_Library__UC-Berkeley_-1-e1759261874130.jpeg 402w 302h\" data-original-width=\"402\" data-original-height=\"302\"><\/div>\t<div class=\"card__inner-container\">\n        \t\t\t\t\t<h2 class=\"card__title\">Dr. H. Claude Hudson <\/h2>\n\t\t\t\t\t\t\t<h3 class=\"card__subtitle\">1886-1989<\/h3>\n\t\t\t\t\t\t\t<div class=\"card__text\"><p>El Dr. Hudson fund\u00f3 Broadway Federal Savings and Loan y ocup\u00f3 el cargo de presidente del consejo de administraci\u00f3n durante 23 a\u00f1os. Originario de Marksville, Luisiana, e hijo de un esclavo, dedic\u00f3 su vida a la defensa de los derechos civiles.<\/p>\n<\/div>\n\t\t\t\t\t\t\t<a class=\"card__link\" href=\"https:\/\/www.cityfirstbank.com\/es\/bio\/dr-h-claude-hudson\/\" target=\"_self\" aria-label=\"Enlace a: Dr. H. Claude Hudson\">Dr. H. Claude Hudson<\/a>\n\t\t\t<\/div>\n<\/div>\n\n\n<div id=\"block_a19853441f8e1ccbb655369b95243e92\" class=\"card card--default align-left page-width\">\n\t\t<div class=\"i72-image cover\" role=\"img\" title=\"Paul Williams\" aria-label=\"Paul Williams\" data-srcset=\"https:\/\/www.cityfirstbank.com\/wp-content\/uploads\/2026\/01\/Paul-Williams_00031746_LAPL_web.jpg 3000w 3000h,https:\/\/www.cityfirstbank.com\/wp-content\/uploads\/2026\/01\/Paul-Williams_00031746_LAPL_web-244x300.jpg 244w 300h,https:\/\/www.cityfirstbank.com\/wp-content\/uploads\/2026\/01\/Paul-Williams_00031746_LAPL_web.jpg 325w 400h,https:\/\/www.cityfirstbank.com\/wp-content\/uploads\/2026\/01\/Paul-Williams_00031746_LAPL_web.jpg 325w 400h,https:\/\/www.cityfirstbank.com\/wp-content\/uploads\/2026\/01\/Paul-Williams_00031746_LAPL_web.jpg 325w 400h,https:\/\/www.cityfirstbank.com\/wp-content\/uploads\/2026\/01\/Paul-Williams_00031746_LAPL_web.jpg 325w 400h,https:\/\/www.cityfirstbank.com\/wp-content\/uploads\/2026\/01\/Paul-Williams_00031746_LAPL_web-10x12.jpg 10w 12h,https:\/\/www.cityfirstbank.com\/wp-content\/uploads\/2026\/01\/Paul-Williams_00031746_LAPL_web-122x150.jpg 122w 150h,https:\/\/www.cityfirstbank.com\/wp-content\/uploads\/2026\/01\/Paul-Williams_00031746_LAPL_web.jpg 325w 400h,https:\/\/www.cityfirstbank.com\/wp-content\/uploads\/2026\/01\/Paul-Williams_00031746_LAPL_web.jpg 325w 400h\" data-original-width=\"325\" data-original-height=\"400\"><\/div>\t<div class=\"card__inner-container\">\n        \t\t\t\t\t<h2 class=\"card__title\">Paul R. Williams<\/h2>\n\t\t\t\t\t\t\t<h3 class=\"card__subtitle\">1894-1980<\/h3>\n\t\t\t\t\t\t\t<div class=\"card__text\"><p>Desde cualquier punto de vista, los logros del pionero arquitecto Paul Williams son asombrosos. A lo largo de una carrera que abarca casi seis d\u00e9cadas, Williams dise\u00f1\u00f3 m\u00e1s de 3.000 edificios y domin\u00f3 una amplia variedad de estilos arquitect\u00f3nicos.<\/p>\n<\/div>\n\t\t\t\t\t\t\t<a class=\"card__link\" href=\"https:\/\/www.cityfirstbank.com\/es\/bio\/paul-r-williams\/\" target=\"_self\" aria-label=\"Enlace a: Paul R. Williams\">Paul R. Williams<\/a>\n\t\t\t<\/div>\n<\/div>\n\n\t\t<\/div>\n\t\t\t\t\t<\/div>","protected":false},"excerpt":{"rendered":"","protected":false},"author":16,"featured_media":0,"parent":1167,"menu_order":0,"comment_status":"closed","ping_status":"closed","template":"","meta":{"_acf_changed":false,"inline_featured_image":false,"footnotes":""},"class_list":["post-1199","page","type-page","status-publish","hentry"],"acf":[],"aioseo_notices":[],"_links":{"self":[{"href":"https:\/\/www.cityfirstbank.com\/es\/wp-json\/wp\/v2\/pages\/1199","targetHints":{"allow":["GET"]}}],"collection":[{"href":"https:\/\/www.cityfirstbank.com\/es\/wp-json\/wp\/v2\/pages"}],"about":[{"href":"https:\/\/www.cityfirstbank.com\/es\/wp-json\/wp\/v2\/types\/page"}],"author":[{"embeddable":true,"href":"https:\/\/www.cityfirstbank.com\/es\/wp-json\/wp\/v2\/users\/16"}],"replies":[{"embeddable":true,"href":"https:\/\/www.cityfirstbank.com\/es\/wp-json\/wp\/v2\/comments?post=1199"}],"version-history":[{"count":20,"href":"https:\/\/www.cityfirstbank.com\/es\/wp-json\/wp\/v2\/pages\/1199\/revisions"}],"predecessor-version":[{"id":3223,"href":"https:\/\/www.cityfirstbank.com\/es\/wp-json\/wp\/v2\/pages\/1199\/revisions\/3223"}],"up":[{"embeddable":true,"href":"https:\/\/www.cityfirstbank.com\/es\/wp-json\/wp\/v2\/pages\/1167"}],"wp:attachment":[{"href":"https:\/\/www.cityfirstbank.com\/es\/wp-json\/wp\/v2\/media?parent=1199"}],"curies":[{"name":"wp","href":"https:\/\/api.w.org\/{rel}","templated":true}]}}