{"id":1215,"date":"2025-08-11T15:58:03","date_gmt":"2025-08-11T15:58:03","guid":{"rendered":"https:\/\/cityfirstbank.com\/?page_id=1215"},"modified":"2025-10-24T18:42:58","modified_gmt":"2025-10-24T18:42:58","slug":"locations","status":"publish","type":"page","link":"https:\/\/www.cityfirstbank.com\/es\/aboutus\/locations\/","title":{"rendered":"Ubicaciones"},"content":{"rendered":"<div id=\"block_6810b41e01f6cc9b5a750c1fde343609\" class=\"wysiwyg page-width\"><h2>Ofrecer servicios bancarios orientados a la misi\u00f3n que ampl\u00eden el acceso al capital y las oportunidades en las comunidades a las que servimos.<\/h2>\n<p><span class=\"NormalTextRun SCXW86996545 BCX8\">City First Bank se enorgullece de servir a las comunidades de ambas costas, con sucursales en Washington, D.C. y Los \u00c1ngeles, California. Cada sucursal est\u00e1 arraigada en nuestra misi\u00f3n de ampliar el acceso al capital y entregar<\/span> <span class=\"NormalTextRun SCXW86996545 BCX8\">banca de proximidad.<\/span><\/p>\n<div class=\"addy\" style=\"text-align: center\">\n<div class=\"addy\"><\/div>\n<\/div>\n<\/div>\n\n\n<div id=\"block_fd95d5664a6298437ce7718ac25a5357\" class=\"featured-content page-width\">\n\t<div class=\"featured-content__inner-container\">\n\t\t<div class=\"featured-content__title-container\">\n\t\t\t\t\t\t\t<h2 class=\"featured-content__title\">Sede central de City First Bank y sucursal de U Street<\/h2>\n\t\t\t\t\t\t\t\t\t\t<div class=\"i72-image cover\" role=\"img\" title=\"Sede del City First Bank\" aria-label=\"Sede del City First Bank\" data-srcset=\"https:\/\/www.cityfirstbank.com\/wp-content\/uploads\/2025\/09\/200827134724-city-first-bank-super-tease.jpg 3000w 3000h,https:\/\/www.cityfirstbank.com\/wp-content\/uploads\/2025\/09\/200827134724-city-first-bank-super-tease-300x169.jpg 300w 169h,https:\/\/www.cityfirstbank.com\/wp-content\/uploads\/2025\/09\/200827134724-city-first-bank-super-tease-768x432.jpg 768w 432h,https:\/\/www.cityfirstbank.com\/wp-content\/uploads\/2025\/09\/200827134724-city-first-bank-super-tease-1024x576.jpg 1024w 576h,https:\/\/www.cityfirstbank.com\/wp-content\/uploads\/2025\/09\/200827134724-city-first-bank-super-tease.jpg 1100w 619h,https:\/\/www.cityfirstbank.com\/wp-content\/uploads\/2025\/09\/200827134724-city-first-bank-super-tease.jpg 1100w 619h,https:\/\/www.cityfirstbank.com\/wp-content\/uploads\/2025\/09\/200827134724-city-first-bank-super-tease-18x10.jpg 18w 10h,https:\/\/www.cityfirstbank.com\/wp-content\/uploads\/2025\/09\/200827134724-city-first-bank-super-tease-150x84.jpg 150w 84h,https:\/\/www.cityfirstbank.com\/wp-content\/uploads\/2025\/09\/200827134724-city-first-bank-super-tease.jpg 1100w 619h,https:\/\/www.cityfirstbank.com\/wp-content\/uploads\/2025\/09\/200827134724-city-first-bank-super-tease.jpg 1100w 619h\" data-original-width=\"1100\" data-original-height=\"619\"><\/div>\t\t\t\t\t<\/div>\n\t\t<div class=\"featured-content__text-container\">\n\t\t\t\t\t\t\t<div class=\"featured-content__text\"><p>1432 U Street, N.W.<br \/>\nWashington, DC 20009-3916<br \/>\nTel\u00e9fono: 202-243-7100<br \/>\nFax: 202-243-7197<br \/>\nDe lunes a jueves, de 9.00 a 16.00 horas<br \/>\nViernes, de 9.00 a 17.00 horas<\/p>\n<\/div>\n\t\t\t\t\t\t\t\t<\/div>\n\t<\/div>\n<\/div>\n\n\n<div id=\"block_361b6df7c6de4db0680c15ec166db1ba\" class=\"featured-content page-width\">\n\t<div class=\"featured-content__inner-container\">\n\t\t<div class=\"featured-content__title-container\">\n\t\t\t\t\t\t\t<h2 class=\"featured-content__title\"> Sucursal de Exposition Park<\/h2>\n\t\t\t\t\t\t\t\t\t\t<div class=\"i72-image cover\" role=\"img\" title=\"Sucursal en Los \u00c1ngeles\" aria-label=\"Sucursal en Los \u00c1ngeles\" data-srcset=\"https:\/\/www.cityfirstbank.com\/wp-content\/uploads\/2025\/09\/expo_park.jpg 3000w 3000h,https:\/\/www.cityfirstbank.com\/wp-content\/uploads\/2025\/09\/expo_park-300x164.jpg 300w 164h,https:\/\/www.cityfirstbank.com\/wp-content\/uploads\/2025\/09\/expo_park.jpg 600w 327h,https:\/\/www.cityfirstbank.com\/wp-content\/uploads\/2025\/09\/expo_park.jpg 600w 327h,https:\/\/www.cityfirstbank.com\/wp-content\/uploads\/2025\/09\/expo_park.jpg 600w 327h,https:\/\/www.cityfirstbank.com\/wp-content\/uploads\/2025\/09\/expo_park.jpg 600w 327h,https:\/\/www.cityfirstbank.com\/wp-content\/uploads\/2025\/09\/expo_park-18x10.jpg 18w 10h,https:\/\/www.cityfirstbank.com\/wp-content\/uploads\/2025\/09\/expo_park-150x82.jpg 150w 82h,https:\/\/www.cityfirstbank.com\/wp-content\/uploads\/2025\/09\/expo_park.jpg 600w 327h,https:\/\/www.cityfirstbank.com\/wp-content\/uploads\/2025\/09\/expo_park.jpg 600w 327h\" data-original-width=\"600\" data-original-height=\"327\"><\/div>\t\t\t\t\t<\/div>\n\t\t<div class=\"featured-content__text-container\">\n\t\t\t\t\t\t\t<div class=\"featured-content__text\"><p>4001 Figueroa Sur<br \/>\nLos Angeles, CA 90037<br \/>\nTel\u00e9fono: 323-232-4271, opci\u00f3n 9<br \/>\nDe lunes a jueves: de 9:00 a 16:00,<br \/>\nViernes: de 9.00 a 17.00 h,<br \/>\nS\u00e1bado: 9:00 - 13:00,<br \/>\nDomingo: Cerrado<\/p>\n<\/div>\n\t\t\t\t\t\t\t\t<\/div>\n\t<\/div>\n<\/div>\n\n\n<div id=\"block_b1a5d3734e508c08710f34598e372ad8\" class=\"featured-content page-width\">\n\t<div class=\"featured-content__inner-container\">\n\t\t<div class=\"featured-content__title-container\">\n\t\t\t\t\t\t\t<h2 class=\"featured-content__title\">Sucursal de Inglewood<\/h2>\n\t\t\t\t\t\t\t\t\t\t<div class=\"i72-image cover\" role=\"img\" title=\"Sucursal de City First Bank en Inglewood\" aria-label=\"Sucursal de City First Bank en Inglewood\" data-srcset=\"https:\/\/www.cityfirstbank.com\/wp-content\/uploads\/2025\/09\/inglewood.jpg 3000w 3000h,https:\/\/www.cityfirstbank.com\/wp-content\/uploads\/2025\/09\/inglewood-300x200.jpg 300w 200h,https:\/\/www.cityfirstbank.com\/wp-content\/uploads\/2025\/09\/inglewood.jpg 600w 400h,https:\/\/www.cityfirstbank.com\/wp-content\/uploads\/2025\/09\/inglewood.jpg 600w 400h,https:\/\/www.cityfirstbank.com\/wp-content\/uploads\/2025\/09\/inglewood.jpg 600w 400h,https:\/\/www.cityfirstbank.com\/wp-content\/uploads\/2025\/09\/inglewood.jpg 600w 400h,https:\/\/www.cityfirstbank.com\/wp-content\/uploads\/2025\/09\/inglewood-18x12.jpg 18w 12h,https:\/\/www.cityfirstbank.com\/wp-content\/uploads\/2025\/09\/inglewood-150x100.jpg 150w 100h,https:\/\/www.cityfirstbank.com\/wp-content\/uploads\/2025\/09\/inglewood.jpg 600w 400h,https:\/\/www.cityfirstbank.com\/wp-content\/uploads\/2025\/09\/inglewood.jpg 600w 400h\" data-original-width=\"600\" data-original-height=\"400\"><\/div>\t\t\t\t\t<\/div>\n\t\t<div class=\"featured-content__text-container\">\n\t\t\t\t\t\t\t<div class=\"featured-content__text\"><p>170 North Market Street<br \/>\nInglewood, CA 90301<br \/>\nTel: 310-412-3280, opci\u00f3n 9<br \/>\nDe lunes a jueves: de 9:00 a 16:00,<br \/>\nViernes: de 9.00 a 17.00 h,<br \/>\nS\u00e1bados y domingos: Cerrado<\/p>\n<\/div>\n\t\t\t\t\t\t\t\t<\/div>\n\t<\/div>\n<\/div>\n\n\n<div id=\"block_6e12aad7b658f5813f856dfd71d4af59\" class=\"featured-content page-width\">\n\t<div class=\"featured-content__inner-container\">\n\t\t<div class=\"featured-content__title-container\">\n\t\t\t\t\t\t\t<h2 class=\"featured-content__title\">Oficina corporativa de Wilshire<\/h2>\n\t\t\t\t\t\t\t\t\t\t<div class=\"i72-image cover\" role=\"img\" title=\"Edificio de oficinas del City First Bank en Los \u00c1ngeles\" aria-label=\"Edificio de oficinas del City First Bank en Los \u00c1ngeles\" data-srcset=\"https:\/\/www.cityfirstbank.com\/wp-content\/uploads\/2025\/09\/4601-Wilshire-Blvd5.jpg 3000w 3000h,https:\/\/www.cityfirstbank.com\/wp-content\/uploads\/2025\/09\/4601-Wilshire-Blvd5-300x200.jpg 300w 200h,https:\/\/www.cityfirstbank.com\/wp-content\/uploads\/2025\/09\/4601-Wilshire-Blvd5-768x512.jpg 768w 512h,https:\/\/www.cityfirstbank.com\/wp-content\/uploads\/2025\/09\/4601-Wilshire-Blvd5.jpg 800w 533h,https:\/\/www.cityfirstbank.com\/wp-content\/uploads\/2025\/09\/4601-Wilshire-Blvd5.jpg 800w 533h,https:\/\/www.cityfirstbank.com\/wp-content\/uploads\/2025\/09\/4601-Wilshire-Blvd5.jpg 800w 533h,https:\/\/www.cityfirstbank.com\/wp-content\/uploads\/2025\/09\/4601-Wilshire-Blvd5-18x12.jpg 18w 12h,https:\/\/www.cityfirstbank.com\/wp-content\/uploads\/2025\/09\/4601-Wilshire-Blvd5-150x100.jpg 150w 100h,https:\/\/www.cityfirstbank.com\/wp-content\/uploads\/2025\/09\/4601-Wilshire-Blvd5.jpg 800w 533h,https:\/\/www.cityfirstbank.com\/wp-content\/uploads\/2025\/09\/4601-Wilshire-Blvd5.jpg 800w 533h\" data-original-width=\"800\" data-original-height=\"533\"><\/div>\t\t\t\t\t<\/div>\n\t\t<div class=\"featured-content__text-container\">\n\t\t\t\t\t\t\t<div class=\"featured-content__text\"><p>4601 Wilshire Blvd<br \/>\nLos Angeles, CA 90010-3865<br \/>\nTel\u00e9fono: 202-243-7100<br \/>\nFax: 202-243-7197<br \/>\nDe lunes a viernes, de 9.00 a 16.00 horas<\/p>\n<\/div>\n\t\t\t\t\t\t\t\t<\/div>\n\t<\/div>\n<\/div>","protected":false},"excerpt":{"rendered":"","protected":false},"author":16,"featured_media":0,"parent":1179,"menu_order":0,"comment_status":"closed","ping_status":"closed","template":"","meta":{"_acf_changed":false,"inline_featured_image":false,"footnotes":""},"class_list":["post-1215","page","type-page","status-publish","hentry"],"acf":[],"aioseo_notices":[],"_links":{"self":[{"href":"https:\/\/www.cityfirstbank.com\/es\/wp-json\/wp\/v2\/pages\/1215","targetHints":{"allow":["GET"]}}],"collection":[{"href":"https:\/\/www.cityfirstbank.com\/es\/wp-json\/wp\/v2\/pages"}],"about":[{"href":"https:\/\/www.cityfirstbank.com\/es\/wp-json\/wp\/v2\/types\/page"}],"author":[{"embeddable":true,"href":"https:\/\/www.cityfirstbank.com\/es\/wp-json\/wp\/v2\/users\/16"}],"replies":[{"embeddable":true,"href":"https:\/\/www.cityfirstbank.com\/es\/wp-json\/wp\/v2\/comments?post=1215"}],"version-history":[{"count":17,"href":"https:\/\/www.cityfirstbank.com\/es\/wp-json\/wp\/v2\/pages\/1215\/revisions"}],"predecessor-version":[{"id":2888,"href":"https:\/\/www.cityfirstbank.com\/es\/wp-json\/wp\/v2\/pages\/1215\/revisions\/2888"}],"up":[{"embeddable":true,"href":"https:\/\/www.cityfirstbank.com\/es\/wp-json\/wp\/v2\/pages\/1179"}],"wp:attachment":[{"href":"https:\/\/www.cityfirstbank.com\/es\/wp-json\/wp\/v2\/media?parent=1215"}],"curies":[{"name":"wp","href":"https:\/\/api.w.org\/{rel}","templated":true}]}}