{"id":1265,"date":"2025-08-11T20:19:35","date_gmt":"2025-08-11T20:19:35","guid":{"rendered":"https:\/\/cityfirstbank.com\/?page_id=1265"},"modified":"2025-11-06T21:04:38","modified_gmt":"2025-11-06T21:04:38","slug":"impactinvestors","status":"publish","type":"page","link":"https:\/\/www.cityfirstbank.com\/es\/mission\/impactinvestors\/","title":{"rendered":"Para inversores de impacto"},"content":{"rendered":"<div id=\"block_542ee6bc6c6fc094c313bdb8190d5628\" class=\"wysiwyg page-width\"><h2>Invertir con Impacto. Asociarse para el Progreso.<\/h2>\n<p>Con casi $mil millones de d\u00f3lares en cartera de pr\u00e9stamos que financian viviendas asequibles, peque\u00f1as empresas y desarrollo comunitario, City First Bank ofrece resultados escalables y orientados a la misi\u00f3n, respaldados por un liderazgo experimentado y un compromiso con el prop\u00f3sito a largo plazo.<\/p>\n<p>En City First Bank, creemos que el capital puede ser una fuerza para el progreso. Como Corporaci\u00f3n Certificada B y Instituci\u00f3n Financiera para el Desarrollo Comunitario (CDFI, por sus siglas en ingl\u00e9s), invitamos a inversionistas que compartan nuestros valores a que nos ayuden a fortalecer las econom\u00edas locales y a ampliar el acceso a recursos financieros en comunidades hist\u00f3ricamente desatendidas.<\/p>\n<p><strong>Alianzas Colaborativas<\/strong><br \/>\nDamos la bienvenida a socios que colaboran en m\u00faltiples \u00e1mbitos, ya sea a trav\u00e9s de dep\u00f3sitos, inversiones, co-cr\u00e9ditos o iniciativas conjuntas que construyen econom\u00edas locales m\u00e1s fuertes y resilientes.<\/p>\n<\/div>\n\n\n\n\t<div id=\"block_ecbb19fa2df42635958b2ec391fab39d\" class=\"split container--horizontal split-size--50 background-color--light-blue background-alignment--left full-width vertical-align--middle\">\n\t\t<!-- Image Error ($image is empty) -->\t\t<div class=\"split__inner-container\">\n\t\t\t\n\r\n<div id=\"block_cf4545ed40150b350379670a0a840f2a\" class=\"wysiwyg page-width\"><h2>\u00bfPor qu\u00e9 invertir con City First Bank?<\/h2>\n<p><b><span data-contrast=\"auto\">Resultados probados<\/span><\/b><span data-contrast=\"auto\">Cerca de $1 000 millones de d\u00f3lares invertidos en vivienda asequible, peque\u00f1as empresas y organizaciones sin fines de lucro que atienden a comunidades de bajos ingresos.<\/span><span data-ccp-props=\"{}\">\u00a0<\/span><\/p>\n<p><b><span data-contrast=\"auto\">Liderazgo experimentado<\/span><\/b><span data-contrast=\"auto\">Una instituci\u00f3n de confianza con un s\u00f3lido historial de servicio e innovaci\u00f3n<\/span><span data-ccp-props=\"{}\">\u00a0<\/span><\/p>\n<p><b><span data-contrast=\"auto\">Corporaci\u00f3n de Beneficio P\u00fablico<\/span><\/b><span data-contrast=\"auto\">Respaldado por Broadway Financial Corporation (NASDAQ: BYFC), enfocado en prop\u00f3sito y rendimiento a largo plazo.<\/span><span data-ccp-props=\"{}\">\u00a0<\/span><\/p>\n<p><b><span data-contrast=\"auto\">Impacto escalable:<\/span><\/b><span data-contrast=\"auto\">Su inversi\u00f3n ayuda a apalancar financiaci\u00f3n p\u00fablica y privada adicional en comunidades desatendidas.<\/span><span data-ccp-props=\"{}\">\u00a0<\/span><\/p>\n<\/div>\n\n\n<div id=\"block_ffb569ee6abeb6e9cd4de50f8c898271\" class=\"image page-width\">\n\t<div class=\"i72-image cover\" role=\"img\" title=\"Dos caballeros d\u00e1ndose la mano.\" aria-label=\"Dos caballeros d\u00e1ndose la mano.\" data-srcset=\"https:\/\/www.cityfirstbank.com\/wp-content\/uploads\/2025\/09\/pexels-pnw-production-8276364.jpeg 3000w 3000h,https:\/\/www.cityfirstbank.com\/wp-content\/uploads\/2025\/09\/pexels-pnw-production-8276364-300x200.jpeg 300w 200h,https:\/\/www.cityfirstbank.com\/wp-content\/uploads\/2025\/09\/pexels-pnw-production-8276364-768x512.jpeg 768w 512h,https:\/\/www.cityfirstbank.com\/wp-content\/uploads\/2025\/09\/pexels-pnw-production-8276364-1024x682.jpeg 1024w 682h,https:\/\/www.cityfirstbank.com\/wp-content\/uploads\/2025\/09\/pexels-pnw-production-8276364.jpeg 1280w 853h,https:\/\/www.cityfirstbank.com\/wp-content\/uploads\/2025\/09\/pexels-pnw-production-8276364.jpeg 1280w 853h,https:\/\/www.cityfirstbank.com\/wp-content\/uploads\/2025\/09\/pexels-pnw-production-8276364-18x12.jpeg 18w 12h,https:\/\/www.cityfirstbank.com\/wp-content\/uploads\/2025\/09\/pexels-pnw-production-8276364-150x100.jpeg 150w 100h,https:\/\/www.cityfirstbank.com\/wp-content\/uploads\/2025\/09\/pexels-pnw-production-8276364.jpeg 1280w 853h,https:\/\/www.cityfirstbank.com\/wp-content\/uploads\/2025\/09\/pexels-pnw-production-8276364.jpeg 1280w 853h\" data-original-width=\"1280\" data-original-height=\"853\"><\/div><\/div>\n\n\t\t<\/div>\n\t<\/div>\n\n\n\n\n\n\t<div id=\"block_88bc6f35f1ba4ba2ec1cd52550daee35\" class=\"split container--horizontal split-size--50 background-color--light-blue background-alignment--right full-width vertical-align--middle\">\n\t\t<!-- Image Error ($image is empty) -->\t\t<div class=\"split__inner-container\">\n\t\t\t\n\n<div id=\"block_9948d9de05c44da916b8940ec26654b4\" class=\"image page-width\">\n\t<div class=\"i72-image cover\" role=\"img\" title=\"Reuni\u00f3n de equipo con colegas\" aria-label=\"Reuni\u00f3n de equipo con colegas\" data-srcset=\"https:\/\/www.cityfirstbank.com\/wp-content\/uploads\/2025\/09\/pexels-rodnae-productions-7414105.jpg 3000w 3000h,https:\/\/www.cityfirstbank.com\/wp-content\/uploads\/2025\/09\/pexels-rodnae-productions-7414105-288x300.jpg 288w 300h,https:\/\/www.cityfirstbank.com\/wp-content\/uploads\/2025\/09\/pexels-rodnae-productions-7414105-768x801.jpg 768w 801h,https:\/\/www.cityfirstbank.com\/wp-content\/uploads\/2025\/09\/pexels-rodnae-productions-7414105.jpg 800w 834h,https:\/\/www.cityfirstbank.com\/wp-content\/uploads\/2025\/09\/pexels-rodnae-productions-7414105.jpg 800w 834h,https:\/\/www.cityfirstbank.com\/wp-content\/uploads\/2025\/09\/pexels-rodnae-productions-7414105.jpg 800w 834h,https:\/\/www.cityfirstbank.com\/wp-content\/uploads\/2025\/09\/pexels-rodnae-productions-7414105-12x12.jpg 12w 12h,https:\/\/www.cityfirstbank.com\/wp-content\/uploads\/2025\/09\/pexels-rodnae-productions-7414105-144x150.jpg 144w 150h,https:\/\/www.cityfirstbank.com\/wp-content\/uploads\/2025\/09\/pexels-rodnae-productions-7414105.jpg 800w 834h,https:\/\/www.cityfirstbank.com\/wp-content\/uploads\/2025\/09\/pexels-rodnae-productions-7414105.jpg 800w 834h\" data-original-width=\"800\" data-original-height=\"834\"><\/div><\/div>\n\n\r\n<div id=\"block_e714e4bc8c5d8387f00c276bb0fbc14f\" class=\"wysiwyg page-width\"><h2>Formas de asociarse<\/h2>\n<p><b><span data-contrast=\"auto\">Dep\u00f3sitos con Misi\u00f3n<\/span><\/b><br \/>\n<span data-contrast=\"auto\">Donde duerme tu dinero importa. Los dep\u00f3sitos asegurados en City First Bank financian directamente iniciativas de pr\u00e9stamo que construyen viviendas asequibles, expanden los servicios de organizaciones sin fines de lucro y hacen crecer peque\u00f1as empresas en comunidades con poca inversi\u00f3n.<\/span><span data-ccp-props=\"{}\">\u00a0<\/span><\/p>\n<p><b><span data-contrast=\"auto\">Inversiones Estrat\u00e9gicas<\/span><\/b><br \/>\n<span data-contrast=\"auto\">Apoyar el crecimiento a largo plazo a trav\u00e9s de capital de renta variable que fortalezca nuestra capacidad para escalar el impacto y profundizar nuestro alcance.<\/span><\/p>\n<p><b><span data-contrast=\"auto\">Financiamiento Alineado al Programa<\/span><\/b><br \/>\n<span data-contrast=\"auto\">Las fundaciones e instituciones pueden alinear sus recursos financieros con objetivos de desarrollo comunitario a trav\u00e9s de pr\u00e9stamos dirigidos y productos financieros impulsados por el impacto.<\/span><span data-ccp-props=\"{}\">\u00a0<\/span><\/p>\n<p><b><span data-contrast=\"auto\">Con Qui\u00e9nes Trabajamos<\/span><\/b><span data-ccp-props=\"{}\">\u00a0<\/span><\/p>\n<p><span class=\"TextRun SCXW186076618 BCX8\" lang=\"EN-US\" xml:lang=\"EN-US\" data-contrast=\"auto\"><span class=\"NormalTextRun SCXW186076618 BCX8\">Fundaciones, instituciones, family offices, bancos, fondos asesorados por donantes y organizaciones alineadas con la misi\u00f3n <\/span><span class=\"NormalTextRun SCXW186076618 BCX8\">b\u00fasqueda<\/span><span class=\"NormalTextRun SCXW186076618 BCX8\"> para activar su capital para resultados significativos y crecimiento sostenible.<\/span><\/span><span class=\"EOP SCXW186076618 BCX8\" data-ccp-props=\"{}\">\u00a0<\/span><\/p>\n<p><em>*Todas las inversiones de capital en el banco no est\u00e1n aseguradas por la FDIC. Cualquier inversi\u00f3n est\u00e1 sujeta a riesgos de inversi\u00f3n, incluida la posible p\u00e9rdida del monto principal invertido. <\/em><\/p>\n<\/div>\n\n\t\t<\/div>\n\t<\/div>\n\n\n\n\n<div id=\"block_f2cb37485dd544a6c82c130659141123\" class=\"link-button align-left page-width\">\n\t<a class=\"button\" href=\"https:\/\/www.cityfirstbank.com\/es\/speak-with-a-banker\/\" target=\"_self\" aria-label=\"Enlace a: Hable con un banquero\">Hable con un banquero<\/a>\n<\/div>","protected":false},"excerpt":{"rendered":"","protected":false},"author":16,"featured_media":0,"parent":1167,"menu_order":0,"comment_status":"closed","ping_status":"closed","template":"","meta":{"_acf_changed":false,"inline_featured_image":false,"footnotes":""},"class_list":["post-1265","page","type-page","status-publish","hentry"],"acf":[],"aioseo_notices":[],"_links":{"self":[{"href":"https:\/\/www.cityfirstbank.com\/es\/wp-json\/wp\/v2\/pages\/1265","targetHints":{"allow":["GET"]}}],"collection":[{"href":"https:\/\/www.cityfirstbank.com\/es\/wp-json\/wp\/v2\/pages"}],"about":[{"href":"https:\/\/www.cityfirstbank.com\/es\/wp-json\/wp\/v2\/types\/page"}],"author":[{"embeddable":true,"href":"https:\/\/www.cityfirstbank.com\/es\/wp-json\/wp\/v2\/users\/16"}],"replies":[{"embeddable":true,"href":"https:\/\/www.cityfirstbank.com\/es\/wp-json\/wp\/v2\/comments?post=1265"}],"version-history":[{"count":13,"href":"https:\/\/www.cityfirstbank.com\/es\/wp-json\/wp\/v2\/pages\/1265\/revisions"}],"predecessor-version":[{"id":3009,"href":"https:\/\/www.cityfirstbank.com\/es\/wp-json\/wp\/v2\/pages\/1265\/revisions\/3009"}],"up":[{"embeddable":true,"href":"https:\/\/www.cityfirstbank.com\/es\/wp-json\/wp\/v2\/pages\/1167"}],"wp:attachment":[{"href":"https:\/\/www.cityfirstbank.com\/es\/wp-json\/wp\/v2\/media?parent=1265"}],"curies":[{"name":"wp","href":"https:\/\/api.w.org\/{rel}","templated":true}]}}