{"id":1446,"date":"2025-08-26T14:53:02","date_gmt":"2025-08-26T14:53:02","guid":{"rendered":"https:\/\/cityfirstbank.com\/?page_id=1446"},"modified":"2025-10-01T23:32:17","modified_gmt":"2025-10-01T23:32:17","slug":"first-premier-business-analysis-checking","status":"publish","type":"page","link":"https:\/\/www.cityfirstbank.com\/es\/first-premier-business-analysis-checking\/","title":{"rendered":"First Premier An\u00e1lisis Empresarial Comprobaci\u00f3n"},"content":{"rendered":"<div id=\"block_9bfd6536240f86001ce961b13a64b7da\" class=\"wysiwyg page-width\"><h2>Cuenta corriente Premier para empresas que recompensa su alta actividad con menores costos<\/h2>\n<p>La cuenta corriente \u00abFirst Premier Business Analysis Checking*\u00bb de City First Bank est\u00e1 dise\u00f1ada para empresas que mantienen saldos elevados en sus cuentas, realizan transacciones con frecuencia y utilizan una amplia gama de servicios de gesti\u00f3n de efectivo. Esta cuenta ofrece un cr\u00e9dito por intereses que compensa las comisiones de servicio, lo que ayuda a las empresas a reducir o eliminar los costos mensuales de la cuenta corriente, al tiempo que optimiza la eficiencia del flujo de caja.<\/p>\n<div><\/div>\n<div class=\"wide\">\n<ul>\n<li>Operaciones de la C\u00e1mara de Compensaci\u00f3n Automatizada (ACH) y dep\u00f3sitos directos: Desde el pago de n\u00f3minas y otros tipos de desembolsos hasta el cobro de cuotas, como las de comunidades de propietarios o de condominios, CityFirst le ofrece las herramientas necesarias para cobrar fondos de forma autom\u00e1tica y realizar dep\u00f3sitos directos en las cuentas de sus empleados o clientes.<\/li>\n<li>Captura remota de dep\u00f3sitos: es seguro y c\u00f3modo depositar tus cheques cuando quieras, sin siquiera levantarte de tu asiento.<\/li>\n<li>Positive Pay: una soluci\u00f3n de gesti\u00f3n de riesgos eficaz, f\u00e1cil de usar y flexible que permite identificar excepciones, como transacciones duplicadas o discrepancias en los n\u00fameros de cheques, supervisar las discrepancias y combatir las actividades fraudulentas mediante s\u00f3lidos procedimientos de Positive Pay.<\/li>\n<li>Im\u00e1genes de cheques: \u00a1La imagen del cheque que se incluye con cada cuenta de CityFirst facilita enormemente el mantenimiento de registros!<\/li>\n<\/ul>\n<\/div>\n<p>*Consulte las tasas de dep\u00f3sito para obtener m\u00e1s informaci\u00f3n.<\/p>\n<p>&nbsp;<\/p>\n<h4>Detalles de la cuenta<\/h4>\n<div style=\"text-align: left\">\n<table style=\"border-collapse: collapse;width: 74.0776%\" border=\"1\">\n<tbody>\n<tr>\n<td style=\"width: 35.7397%\">M\u00ednimo para abrir<\/td>\n<td style=\"width: 37.7028%\"><strong>$100.00<\/strong><\/td>\n<\/tr>\n<tr>\n<td style=\"width: 35.7397%\">Cuota de servicio mensual por cuenta<\/td>\n<td style=\"width: 37.7028%\"><strong>$12.00<\/strong><\/td>\n<\/tr>\n<tr>\n<td style=\"width: 35.7397%\">Con intereses<\/td>\n<td style=\"width: 37.7028%\"><strong>No<\/strong><\/td>\n<\/tr>\n<tr>\n<td style=\"width: 35.7397%\">Comisi\u00f3n por transacci\u00f3n de la cuenta por cada operaci\u00f3n<\/td>\n<td style=\"width: 37.7028%\"><strong>$0.12<\/strong><\/td>\n<\/tr>\n<tr>\n<td style=\"width: 35.7397%\">An\u00e1lisis de cuentas<\/td>\n<td style=\"width: 37.7028%\"><em>La cuota mensual real puede compensarse con el cr\u00e9dito por ganancias.<\/em><\/td>\n<\/tr>\n<\/tbody>\n<\/table>\n<\/div>\n<\/div>\n\n\n<div id=\"block_c925353283e589ff7275fc2cd32fb87b\" class=\"link-button align-left page-width\">\n\t<a class=\"button\" href=\"https:\/\/www.cityfirstbank.com\/es\/speak-with-a-banker\/\" target=\"_self\" aria-label=\"Enlace a: Hable con un banquero\">Hable con un banquero<\/a>\n<\/div>\n\n\n<div id=\"block_c8b5c8d36014793d993d7412e293ba75\" class=\"link-button align-left page-width\">\n\t<a class=\"button\" href=\"https:\/\/www.cityfirstbank.com\/es\/appointment-scheduling-dc\/\" target=\"_self\" aria-label=\"Enlace a: Concertar una cita | Washington D. C.\">Concertar una cita | Washington D. C.<\/a>\n<\/div>\n\n\n<div id=\"block_c489baa3ededcf25cb4af3fdd1288011\" class=\"link-button align-left page-width\">\n\t<a class=\"button\" href=\"https:\/\/www.cityfirstbank.com\/es\/deposit-rates\/\" target=\"_self\" aria-label=\"Enlace a: Tipos de inter\u00e9s de los dep\u00f3sitos\">Tipos de dep\u00f3sito<\/a>\n<\/div>","protected":false},"excerpt":{"rendered":"","protected":false},"author":16,"featured_media":0,"parent":0,"menu_order":0,"comment_status":"closed","ping_status":"closed","template":"","meta":{"_acf_changed":false,"inline_featured_image":false,"footnotes":""},"class_list":["post-1446","page","type-page","status-publish","hentry"],"acf":[],"aioseo_notices":[],"_links":{"self":[{"href":"https:\/\/www.cityfirstbank.com\/es\/wp-json\/wp\/v2\/pages\/1446","targetHints":{"allow":["GET"]}}],"collection":[{"href":"https:\/\/www.cityfirstbank.com\/es\/wp-json\/wp\/v2\/pages"}],"about":[{"href":"https:\/\/www.cityfirstbank.com\/es\/wp-json\/wp\/v2\/types\/page"}],"author":[{"embeddable":true,"href":"https:\/\/www.cityfirstbank.com\/es\/wp-json\/wp\/v2\/users\/16"}],"replies":[{"embeddable":true,"href":"https:\/\/www.cityfirstbank.com\/es\/wp-json\/wp\/v2\/comments?post=1446"}],"version-history":[{"count":17,"href":"https:\/\/www.cityfirstbank.com\/es\/wp-json\/wp\/v2\/pages\/1446\/revisions"}],"predecessor-version":[{"id":2764,"href":"https:\/\/www.cityfirstbank.com\/es\/wp-json\/wp\/v2\/pages\/1446\/revisions\/2764"}],"wp:attachment":[{"href":"https:\/\/www.cityfirstbank.com\/es\/wp-json\/wp\/v2\/media?parent=1446"}],"curies":[{"name":"wp","href":"https:\/\/api.w.org\/{rel}","templated":true}]}}