{"id":1450,"date":"2025-08-26T15:05:12","date_gmt":"2025-08-26T15:05:12","guid":{"rendered":"https:\/\/cityfirstbank.com\/?page_id=1450"},"modified":"2025-11-04T16:22:32","modified_gmt":"2025-11-04T16:22:32","slug":"overview","status":"publish","type":"page","link":"https:\/\/www.cityfirstbank.com\/es\/overview\/","title":{"rendered":"Visi\u00f3n general"},"content":{"rendered":"<div id=\"block_4e6e7b630c6549f617bc56e71d845803\" class=\"wysiwyg page-width\"><h2>Banca con fines espec\u00edficos para inversores de impacto<\/h2>\n<p><span data-contrast=\"auto\">En City First Bank, creemos que la solidez financiera y el impacto social van de la mano. Como la \u00fanica Instituci\u00f3n Financiera de Desarrollo Comunitario (CDFI) certificada, B Corp certificada, e Instituci\u00f3n Depositaria de Minor\u00edas (MDI) en los EE.UU. estamos redefiniendo lo que significa ofrecer valor a los accionistas a trav\u00e9s de la banca orientada a la misi\u00f3n.<\/span><span data-ccp-props=\"{}\">\u00a0<\/span><\/p>\n<p><span data-contrast=\"auto\">City First Bank aprovecha d\u00e9cadas de experiencia, profundas ra\u00edces en la comunidad y visibilidad en el mercado p\u00fablico bajo Broadway Financial Corporation (NASDAQ: BYFC), una de las dos \u00fanicas Public Benefit Corporations (PBC) que cotizan en bolsa entre las instituciones depositarias de Estados Unidos.<\/span><span data-ccp-props=\"{}\">\u00a0<\/span><\/p>\n<\/div>\n\n\n\n\t<div id=\"block_446e26b10d8bc27b014e9f00cb957d8a\" class=\"split container--horizontal split-size--50 background-color--light-blue background-alignment--left full-width vertical-align--middle\">\n\t\t<!-- Image Error ($image is empty) -->\t\t<div class=\"split__inner-container\">\n\t\t\t\n\r\n<div id=\"block_d098b058f6a7d7abee195500a4a38d8c\" class=\"wysiwyg page-width\"><h2>Por qu\u00e9 invertir en City First Bank<\/h2>\n<p><strong>Balance y gobernanza s\u00f3lidos<\/strong>:  Una plataforma regulada a nivel federal, que cotiza en bolsa y est\u00e1 dirigida por un equipo ejecutivo y un Consejo de Administraci\u00f3n experimentados y diversos.<\/p>\n<p><strong>Rendimiento orientado a la misi\u00f3n<\/strong>:  Como CDFI certificada, m\u00e1s de 60% de los pr\u00e9stamos se destinan a comunidades con ingresos bajos a moderados, centr\u00e1ndose en viviendas asequibles, desarrollo de peque\u00f1as empresas e instituciones sin \u00e1nimo de lucro.<\/p>\n<p><strong>Impacto a escala:\u00a0 <\/strong>En los \u00faltimos 5 a\u00f1os, City First Bank ha impulsado casi $1.000 millones en pr\u00e9stamos a las comunidades con escasa inversi\u00f3n a las que presta servicios con mayor capacidad de crecimiento.<\/p>\n<p><strong>Reconocimiento e impacto<\/strong>:  Calificada como \"Sobresaliente\" por la Ley de Reinversi\u00f3n en la Comunidad (CRA) y certificada como CDFI y B Corp, lo que valida nuestro impacto social.<\/p>\n<\/div>\n\n\n<div id=\"block_67903863e33bba3d2b9a15fe434aa441\" class=\"image page-width\">\n\t<div class=\"i72-image cover\" role=\"img\" title=\"Alguien trabajando en un port\u00e1til.\" aria-label=\"Alguien trabajando en un port\u00e1til.\" data-srcset=\"https:\/\/www.cityfirstbank.com\/wp-content\/uploads\/2025\/09\/pexels-anna-shvets-3727459.jpg 3000w 3000h,https:\/\/www.cityfirstbank.com\/wp-content\/uploads\/2025\/09\/pexels-anna-shvets-3727459-300x200.jpg 300w 200h,https:\/\/www.cityfirstbank.com\/wp-content\/uploads\/2025\/09\/pexels-anna-shvets-3727459-768x512.jpg 768w 512h,https:\/\/www.cityfirstbank.com\/wp-content\/uploads\/2025\/09\/pexels-anna-shvets-3727459.jpg 800w 533h,https:\/\/www.cityfirstbank.com\/wp-content\/uploads\/2025\/09\/pexels-anna-shvets-3727459.jpg 800w 533h,https:\/\/www.cityfirstbank.com\/wp-content\/uploads\/2025\/09\/pexels-anna-shvets-3727459.jpg 800w 533h,https:\/\/www.cityfirstbank.com\/wp-content\/uploads\/2025\/09\/pexels-anna-shvets-3727459-18x12.jpg 18w 12h,https:\/\/www.cityfirstbank.com\/wp-content\/uploads\/2025\/09\/pexels-anna-shvets-3727459-150x100.jpg 150w 100h,https:\/\/www.cityfirstbank.com\/wp-content\/uploads\/2025\/09\/pexels-anna-shvets-3727459.jpg 800w 533h,https:\/\/www.cityfirstbank.com\/wp-content\/uploads\/2025\/09\/pexels-anna-shvets-3727459.jpg 800w 533h\" data-original-width=\"800\" data-original-height=\"533\"><\/div><\/div>\n\n\t\t<\/div>\n\t<\/div>\n\n\n\n\n\n\t<div id=\"block_46789be0fa26d87a01ee634722480081\" class=\"split container--horizontal split-size--50 background-color--none background-alignment--full page-width vertical-align--top\">\n\t\t<!-- Image Error ($image is empty) -->\t\t<div class=\"split__inner-container\">\n\t\t\t\n\r\n<div id=\"block_948daecbfdefa2d8475d81ed47067d9b\" class=\"wysiwyg page-width\"><h2>M\u00e1s informaci\u00f3n sobre las relaciones con los inversores<\/h2>\n<\/div>\n\n\n<div id=\"block_945eefb07725f95ee59ed8a6a78f6837\" class=\"link-list page-width\">\n\t\t\t<ul class=\"link-list__list\">\n\t\t\t\t\t\t\t\t<li class=\"link-list__item\">\n\t\t\t\t\t\t<a class=\"link-list__link\" href=\"https:\/\/www.cityfirstbank.com\/es\/press-releases\/\" target=\"_self\" aria-label=\"Enlace a: Comunicados de prensa\">Comunicados de prensa<\/a>\n\t\t\t\t\t<\/li>\n\t\t\t\t\t\t\t\t\t<li class=\"link-list__item\">\n\t\t\t\t\t\t<a class=\"link-list__link\" href=\"https:\/\/www.cityfirstbank.com\/es\/financial-information\/\" target=\"_self\" aria-label=\"Enlace a: Informaci\u00f3n financiera\">Informaci\u00f3n financiera<\/a>\n\t\t\t\t\t<\/li>\n\t\t\t\t\t\t\t\t\t<li class=\"link-list__item\">\n\t\t\t\t\t\t<a class=\"link-list__link\" href=\"https:\/\/www.cityfirstbank.com\/es\/stock-information\/\" target=\"_self\" aria-label=\"Enlace a: Informaci\u00f3n sobre acciones\">Informaci\u00f3n de existencias<\/a>\n\t\t\t\t\t<\/li>\n\t\t\t\t\t\t\t\t\t<li class=\"link-list__item\">\n\t\t\t\t\t\t<a class=\"link-list__link\" href=\"https:\/\/www.cityfirstbank.com\/es\/corporate-governance\/\" target=\"_self\" aria-label=\"Enlace a: Gobierno corporativo\">Gobierno corporativo<\/a>\n\t\t\t\t\t<\/li>\n\t\t\t\t\t\t\t\t\t<li class=\"link-list__item\">\n\t\t\t\t\t\t<a class=\"link-list__link\" href=\"https:\/\/www.cityfirstbank.com\/es\/our-board\/\" target=\"_self\" aria-label=\"Enlace a: Nuestro Consejo\">Nuestro Consejo<\/a>\n\t\t\t\t\t<\/li>\n\t\t\t\t\t\t<\/ul>\n\t<\/div>\n\n\n\t\t<\/div>\n\t<\/div>\n\n\n\n\n\n\t<div id=\"block_fb7469870b13f9964203bc5c957a9208\" class=\"split container--horizontal split-size--50 background-color--light-blue background-alignment--right full-width vertical-align--middle\">\n\t\t<!-- Image Error ($image is empty) -->\t\t<div class=\"split__inner-container\">\n\t\t\t\n\n<div id=\"block_a82e4e18e7b92945afc49f3022324f06\" class=\"image page-width\">\n\t<div class=\"i72-image cover\" role=\"img\" title=\"organizer_at_markerboard\" aria-label=\"Texto alternativo no disponible\" data-srcset=\"https:\/\/www.cityfirstbank.com\/wp-content\/uploads\/2025\/09\/organizer_at_markerboard.png 3000w 3000h,https:\/\/www.cityfirstbank.com\/wp-content\/uploads\/2025\/09\/organizer_at_markerboard-300x200.png 300w 200h,https:\/\/www.cityfirstbank.com\/wp-content\/uploads\/2025\/09\/organizer_at_markerboard-768x512.png 768w 512h,https:\/\/www.cityfirstbank.com\/wp-content\/uploads\/2025\/09\/organizer_at_markerboard.png 800w 533h,https:\/\/www.cityfirstbank.com\/wp-content\/uploads\/2025\/09\/organizer_at_markerboard.png 800w 533h,https:\/\/www.cityfirstbank.com\/wp-content\/uploads\/2025\/09\/organizer_at_markerboard.png 800w 533h,https:\/\/www.cityfirstbank.com\/wp-content\/uploads\/2025\/09\/organizer_at_markerboard-18x12.png 18w 12h,https:\/\/www.cityfirstbank.com\/wp-content\/uploads\/2025\/09\/organizer_at_markerboard-150x100.png 150w 100h,https:\/\/www.cityfirstbank.com\/wp-content\/uploads\/2025\/09\/organizer_at_markerboard.png 800w 533h,https:\/\/www.cityfirstbank.com\/wp-content\/uploads\/2025\/09\/organizer_at_markerboard.png 800w 533h\" data-original-width=\"800\" data-original-height=\"533\"><\/div><\/div>\n\n\r\n<div id=\"block_f95df2852eec93870b3e60b677a3030b\" class=\"wysiwyg page-width\"><h2>Estrategia del inversor<\/h2>\n<p><span class=\"NormalTextRun SCXW104711045 BCX8\">Estamos comprometidos con la creaci\u00f3n de valor a largo plazo para nuestros accionistas, al tiempo que ampliamos el acceso al capital en zonas hist\u00f3ricamente desfavorecidas. <\/span><span class=\"NormalTextRun SCXW104711045 BCX8\">pasado por alto<\/span><span class=\"NormalTextRun SCXW104711045 BCX8\"> comunidades. Nuestra estrategia de inversi\u00f3n se basa en la transparencia, el crecimiento sostenible y las asociaciones significativas que fomentan el cambio sist\u00e9mico.<\/span><\/p>\n<\/div>\n\n\t\t<\/div>\n\t<\/div>","protected":false},"excerpt":{"rendered":"","protected":false},"author":16,"featured_media":0,"parent":0,"menu_order":0,"comment_status":"closed","ping_status":"closed","template":"","meta":{"_acf_changed":false,"inline_featured_image":false,"footnotes":""},"class_list":["post-1450","page","type-page","status-publish","hentry"],"acf":[],"aioseo_notices":[],"_links":{"self":[{"href":"https:\/\/www.cityfirstbank.com\/es\/wp-json\/wp\/v2\/pages\/1450","targetHints":{"allow":["GET"]}}],"collection":[{"href":"https:\/\/www.cityfirstbank.com\/es\/wp-json\/wp\/v2\/pages"}],"about":[{"href":"https:\/\/www.cityfirstbank.com\/es\/wp-json\/wp\/v2\/types\/page"}],"author":[{"embeddable":true,"href":"https:\/\/www.cityfirstbank.com\/es\/wp-json\/wp\/v2\/users\/16"}],"replies":[{"embeddable":true,"href":"https:\/\/www.cityfirstbank.com\/es\/wp-json\/wp\/v2\/comments?post=1450"}],"version-history":[{"count":18,"href":"https:\/\/www.cityfirstbank.com\/es\/wp-json\/wp\/v2\/pages\/1450\/revisions"}],"predecessor-version":[{"id":2996,"href":"https:\/\/www.cityfirstbank.com\/es\/wp-json\/wp\/v2\/pages\/1450\/revisions\/2996"}],"wp:attachment":[{"href":"https:\/\/www.cityfirstbank.com\/es\/wp-json\/wp\/v2\/media?parent=1450"}],"curies":[{"name":"wp","href":"https:\/\/api.w.org\/{rel}","templated":true}]}}