{"id":1455,"date":"2025-08-26T15:27:12","date_gmt":"2025-08-26T15:27:12","guid":{"rendered":"https:\/\/cityfirstbank.com\/?page_id=1455"},"modified":"2025-10-02T03:45:51","modified_gmt":"2025-10-02T03:45:51","slug":"press-releases","status":"publish","type":"page","link":"https:\/\/www.cityfirstbank.com\/es\/press-releases\/","title":{"rendered":"Comunicados de prensa"},"content":{"rendered":"<div id=\"block_042d8c05629f57ffd7bc031d472f5d6b\" class=\"wysiwyg page-width\"><h2>Transparencia, crecimiento y rendimiento orientado a objetivos<\/h2>\n<h2>City First Bank y Broadway Financial Corporation (NASDAQ: BYFC)<\/h2>\n<p>Mant\u00e9ngase al tanto de las \u00faltimas novedades de City First Bank y Broadway Financial Corporation (NASDAQ: BYFC). Como instituci\u00f3n financiera que cotiza en bolsa y se rige por una misi\u00f3n, estamos comprometidos con la transparencia y la comunicaci\u00f3n oportuna con nuestros inversionistas, socios y partes interesadas.<\/p>\n<p>&nbsp;<\/p>\n<div class=\"ma-qd-symbol-info\">\n<div class=\"layout__region ma-qd-breadcrumb\">\n<div class=\"jupiter22-c-title-breadcrumb\">\n<div class=\"jupiter22-c-title-breadcrumb__eyebrow\">\n<nav class=\"breadcrumb-ma\" role=\"navigation\" aria-labelledby=\"system-breadcrumb\">\n<div class=\"breadcrumb-title__container\">\n<h1 class=\"jupiter22-c-heading\">Comunicados de prensa sobre las acciones ordinarias de clase A de Broadway Financial Corporation (BYFC)<\/h1>\n<h1 class=\"jupiter22-c-heading\"><span style=\"font-size: 16px\">\u00daltimos comunicados de prensa<\/span><\/h1>\n<\/div>\n<\/nav>\n<\/div>\n<\/div>\n<\/div>\n<\/div>\n<div class=\"layout__region ma-qd-chart\">\n<div class=\"jupiter22-c-article-list\">\n<div class=\"jupiter22-c-article-list__item_content\">\n<div class=\"jupiter22-c-article-list__item_stamps\">\n<ul class=\"jupiter22-c-article-list__list show-border\" data-view-display=\"related_press_releases_symbol\" data-topic=\"\" data-topic-name=\"\" data-limit=\"500\" data-symbol=\"BYFC\" data-asset-class=\"STOCKS\" data-author=\"\">\n<li class=\"jupiter22-c-article-list__item press-release\">\n<div class=\"jupiter22-c-article-list__item_content\">\n<p><a class=\"jupiter22-c-article-list__item_title_wrapper\" href=\"https:\/\/www.nasdaq.com\/press-release\/broadway-financial-corporation-announces-results-third-quarter-2024-2024-10-29\"><span class=\"jupiter22-c-article-list__item_title\">Broadway Financial Corporation anuncia los resultados del tercer trimestre de 2024<\/span><\/a><\/p>\n<div class=\"jupiter22-c-article-list__item_stamps\"><span class=\"jupiter22-c-article-list__item_timeline\">29 de octubre de 2024<\/span><\/div>\n<\/div>\n<div class=\"jupiter22-c-article-list__item_img\"><\/div>\n<\/li>\n<li class=\"jupiter22-c-article-list__item press-release\">\n<div class=\"jupiter22-c-article-list__item_content\">\n<p><a class=\"jupiter22-c-article-list__item_title_wrapper\" href=\"https:\/\/www.nasdaq.com\/press-release\/broadway-financial-corporation-announces-results-second-quarter-2024-2024-07-30\"><span class=\"jupiter22-c-article-list__item_title\">Broadway Financial Corporation anuncia los resultados del segundo trimestre de 2024<\/span><\/a><\/p>\n<div class=\"jupiter22-c-article-list__item_stamps\"><span class=\"jupiter22-c-article-list__item_timeline\">30 de julio de 2024<\/span><\/div>\n<\/div>\n<div class=\"jupiter22-c-article-list__item_img\"><\/div>\n<\/li>\n<li class=\"jupiter22-c-article-list__item press-release\">\n<div class=\"jupiter22-c-article-list__item_content\">\n<p><a class=\"jupiter22-c-article-list__item_title_wrapper\" href=\"https:\/\/www.nasdaq.com\/press-release\/broadway-financial-corporation-announces-results-first-quarter-2024-2024-06-11\"><span class=\"jupiter22-c-article-list__item_title\">Broadway Financial Corporation anuncia los resultados del primer trimestre de 2024<\/span><\/a><\/p>\n<div class=\"jupiter22-c-article-list__item_stamps\"><span class=\"jupiter22-c-article-list__item_timeline\">11 de junio de 2024<\/span><\/div>\n<\/div>\n<div class=\"jupiter22-c-article-list__item_img\"><\/div>\n<\/li>\n<li class=\"jupiter22-c-article-list__item press-release\">\n<div class=\"jupiter22-c-article-list__item_content\">\n<p><a class=\"jupiter22-c-article-list__item_title_wrapper\" href=\"https:\/\/www.nasdaq.com\/press-release\/broadway-financial-corporation-announces-compliance-regarding-filing-form-10-q-2024\"><span class=\"jupiter22-c-article-list__item_title\">Broadway Financial Corporation anuncia el cumplimiento de los requisitos relativos a la presentaci\u00f3n del formulario 10-Q<\/span><\/a><\/p>\n<div class=\"jupiter22-c-article-list__item_stamps\"><span class=\"jupiter22-c-article-list__item_timeline\">6 de junio de 2024<\/span><\/div>\n<\/div>\n<div class=\"jupiter22-c-article-list__item_img\"><\/div>\n<\/li>\n<li class=\"jupiter22-c-article-list__item press-release\">\n<div class=\"jupiter22-c-article-list__item_content\">\n<p><a class=\"jupiter22-c-article-list__item_title_wrapper\" href=\"https:\/\/www.nasdaq.com\/press-release\/broadway-financial-corporation-announces-results-fourth-quarter-and-full-year\"><span class=\"jupiter22-c-article-list__item_title\">Broadway Financial Corporation anuncia los resultados del cuarto trimestre y del a\u00f1o natural 2023<\/span><\/a><\/p>\n<div class=\"jupiter22-c-article-list__item_stamps\"><span class=\"jupiter22-c-article-list__item_timeline\">5 de junio de 2024<\/span><\/div>\n<\/div>\n<div class=\"jupiter22-c-article-list__item_img\"><\/div>\n<\/li>\n<li class=\"jupiter22-c-article-list__item press-release\">\n<div class=\"jupiter22-c-article-list__item_content\">\n<p><a class=\"jupiter22-c-article-list__item_title_wrapper\" href=\"https:\/\/www.nasdaq.com\/press-release\/broadway-financial-corporation-announces-four-additions-to-senior-management-team\"><span class=\"jupiter22-c-article-list__item_title\">Broadway Financial Corporation anuncia cuatro nuevas incorporaciones a su equipo directivo<\/span><\/a><\/p>\n<div class=\"jupiter22-c-article-list__item_stamps\"><span class=\"jupiter22-c-article-list__item_timeline\">21 de mayo de 2024<\/span><\/div>\n<\/div>\n<div class=\"jupiter22-c-article-list__item_img\"><\/div>\n<\/li>\n<li class=\"jupiter22-c-article-list__item press-release\">\n<div class=\"jupiter22-c-article-list__item_content\">\n<p><a class=\"jupiter22-c-article-list__item_title_wrapper\" href=\"https:\/\/www.nasdaq.com\/press-release\/broadway-financial-corporation-announces-notification-from-nasdaq-regarding-late\"><span class=\"jupiter22-c-article-list__item_title\">Broadway Financial Corporation anuncia una notificaci\u00f3n de Nasdaq relativa a la presentaci\u00f3n tard\u00eda de los formularios 10-Q y 10-K<\/span><\/a><\/p>\n<div class=\"jupiter22-c-article-list__item_stamps\"><span class=\"jupiter22-c-article-list__item_timeline\">20 de mayo de 2024<\/span><\/div>\n<\/div>\n<div class=\"jupiter22-c-article-list__item_img\"><\/div>\n<\/li>\n<li class=\"jupiter22-c-article-list__item press-release\">\n<div class=\"jupiter22-c-article-list__item_content\">\n<p><a class=\"jupiter22-c-article-list__item_title_wrapper\" href=\"https:\/\/www.nasdaq.com\/press-release\/broadway-financial-corporation-discloses-receipt-of-notice-from-nasdaq-regarding\"><span class=\"jupiter22-c-article-list__item_title\">Broadway Financial Corporation informa de la recepci\u00f3n de una notificaci\u00f3n de Nasdaq relativa al requisito de presentaci\u00f3n del formulario 10-K de la empresa<\/span><\/a><\/p>\n<div class=\"jupiter22-c-article-list__item_stamps\"><\/div>\n<\/div>\n<div class=\"jupiter22-c-article-list__item_img\"><\/div>\n<\/li>\n<\/ul>\n<div class=\"pagination pagination-with-rows\">\n<div class=\"select-rows-wrapper\"><\/div>\n<\/div>\n<\/div>\n<\/div>\n<\/div>\n<\/div>\n<\/div>","protected":false},"excerpt":{"rendered":"","protected":false},"author":16,"featured_media":0,"parent":0,"menu_order":0,"comment_status":"closed","ping_status":"closed","template":"","meta":{"_acf_changed":false,"inline_featured_image":false,"footnotes":""},"class_list":["post-1455","page","type-page","status-publish","hentry"],"acf":[],"aioseo_notices":[],"_links":{"self":[{"href":"https:\/\/www.cityfirstbank.com\/es\/wp-json\/wp\/v2\/pages\/1455","targetHints":{"allow":["GET"]}}],"collection":[{"href":"https:\/\/www.cityfirstbank.com\/es\/wp-json\/wp\/v2\/pages"}],"about":[{"href":"https:\/\/www.cityfirstbank.com\/es\/wp-json\/wp\/v2\/types\/page"}],"author":[{"embeddable":true,"href":"https:\/\/www.cityfirstbank.com\/es\/wp-json\/wp\/v2\/users\/16"}],"replies":[{"embeddable":true,"href":"https:\/\/www.cityfirstbank.com\/es\/wp-json\/wp\/v2\/comments?post=1455"}],"version-history":[{"count":12,"href":"https:\/\/www.cityfirstbank.com\/es\/wp-json\/wp\/v2\/pages\/1455\/revisions"}],"predecessor-version":[{"id":2685,"href":"https:\/\/www.cityfirstbank.com\/es\/wp-json\/wp\/v2\/pages\/1455\/revisions\/2685"}],"wp:attachment":[{"href":"https:\/\/www.cityfirstbank.com\/es\/wp-json\/wp\/v2\/media?parent=1455"}],"curies":[{"name":"wp","href":"https:\/\/api.w.org\/{rel}","templated":true}]}}