{"id":1461,"date":"2025-08-26T15:38:21","date_gmt":"2025-08-26T15:38:21","guid":{"rendered":"https:\/\/cityfirstbank.com\/?page_id=1461"},"modified":"2025-10-24T21:03:14","modified_gmt":"2025-10-24T21:03:14","slug":"corporate-governance","status":"publish","type":"page","link":"https:\/\/www.cityfirstbank.com\/es\/corporate-governance\/","title":{"rendered":"Gobierno corporativo"},"content":{"rendered":"<div id=\"block_b1e9c4bf97047fc190b031763c4a4872\" class=\"wysiwyg page-width\"><h2>Fundada en la confianza. Guiada por principios.<\/h2>\n<p>City First Bank y su empresa matriz, Broadway Financial Corporation (NASDAQ: BYFC), est\u00e1n comprometidos con un gobierno corporativo s\u00f3lido y transparente que se ajuste a su misi\u00f3n de equidad econ\u00f3mica y rendici\u00f3n de cuentas p\u00fablica. La supervisi\u00f3n corre a cargo de un Consejo de Administraci\u00f3n diverso y con amplia experiencia, cuyas pr\u00e1cticas de gobierno se rigen por los estatutos formales del Comit\u00e9 de Gobierno Corporativo.<\/p>\n<p>Este comit\u00e9 se encarga de proponer a los miembros del consejo de administraci\u00f3n, elaborar directrices de gobernanza, supervisar las evaluaciones del consejo y hacer un seguimiento de las cuestiones relacionadas con la sostenibilidad. Todos los miembros del comit\u00e9 cumplen con los criterios de independencia establecidos por Nasdaq y la SEC, lo que garantiza un liderazgo objetivo y una supervisi\u00f3n \u00e9tica.<\/p>\n<p>&nbsp;<\/p>\n<h3>Estatutos de los comit\u00e9s<\/h3>\n<p><a href=\"https:\/\/cityfirstbank.com\/wp-content\/uploads\/2025\/10\/Audit-Committee-Charter-04162025.pdf\">Estatutos del Comit\u00e9 de Auditor\u00eda 16\/04\/2025<\/a><\/p>\n<p><a href=\"https:\/\/www.cityfirstbank.com\/wp-content\/uploads\/2025\/10\/BYFC-CFB-Corporate-Governance-Charter-10-15-2025.pdf\">Estatutos del Comit\u00e9 de Gobierno Corporativo, 15 de octubre de 2025<\/a><\/p>\n<p><a href=\"https:\/\/cityfirstbank.com\/wp-content\/uploads\/2025\/10\/Compensation-Benefits-Committee-Charter-01172025.pdf\">Estatutos del Comit\u00e9 de Remuneraciones y Beneficios 01172025<\/a><\/p>\n<\/div>","protected":false},"excerpt":{"rendered":"","protected":false},"author":16,"featured_media":0,"parent":0,"menu_order":0,"comment_status":"closed","ping_status":"closed","template":"","meta":{"_acf_changed":false,"inline_featured_image":false,"footnotes":""},"class_list":["post-1461","page","type-page","status-publish","hentry"],"acf":[],"aioseo_notices":[],"_links":{"self":[{"href":"https:\/\/www.cityfirstbank.com\/es\/wp-json\/wp\/v2\/pages\/1461","targetHints":{"allow":["GET"]}}],"collection":[{"href":"https:\/\/www.cityfirstbank.com\/es\/wp-json\/wp\/v2\/pages"}],"about":[{"href":"https:\/\/www.cityfirstbank.com\/es\/wp-json\/wp\/v2\/types\/page"}],"author":[{"embeddable":true,"href":"https:\/\/www.cityfirstbank.com\/es\/wp-json\/wp\/v2\/users\/16"}],"replies":[{"embeddable":true,"href":"https:\/\/www.cityfirstbank.com\/es\/wp-json\/wp\/v2\/comments?post=1461"}],"version-history":[{"count":12,"href":"https:\/\/www.cityfirstbank.com\/es\/wp-json\/wp\/v2\/pages\/1461\/revisions"}],"predecessor-version":[{"id":2894,"href":"https:\/\/www.cityfirstbank.com\/es\/wp-json\/wp\/v2\/pages\/1461\/revisions\/2894"}],"wp:attachment":[{"href":"https:\/\/www.cityfirstbank.com\/es\/wp-json\/wp\/v2\/media?parent=1461"}],"curies":[{"name":"wp","href":"https:\/\/api.w.org\/{rel}","templated":true}]}}