{"id":1470,"date":"2025-08-26T16:09:57","date_gmt":"2025-08-26T16:09:57","guid":{"rendered":"https:\/\/cityfirstbank.com\/?page_id=1470"},"modified":"2025-11-12T20:54:49","modified_gmt":"2025-11-12T20:54:49","slug":"corporate-social-responsibility","status":"publish","type":"page","link":"https:\/\/www.cityfirstbank.com\/es\/corporate-social-responsibility\/","title":{"rendered":"Responsabilidad social de las empresas"},"content":{"rendered":"<div id=\"block_742ab2cf92fd17295d92749d4f1b2d51\" class=\"wysiwyg page-width\"><h2><span class=\"TextRun SCXW50588481 BCX8\" lang=\"EN-US\" xml:lang=\"EN-US\" data-contrast=\"auto\"><span class=\"NormalTextRun SCXW50588481 BCX8\">Financiando un futuro m\u00e1s resiliente con City First Bank<\/span><\/span><\/h2>\n<p><span data-contrast=\"auto\">En City First Bank y Broadway Financial Corporation (NASDAQ: BYFC), la responsabilidad corporativa no es una iniciativa secundaria, sino la base de nuestro modelo de negocio. Como empresa con certificaci\u00f3n B Corporation, sociedad de beneficio p\u00fablico e instituci\u00f3n financiera de desarrollo comunitario (CDFI), estamos comprometidos con ampliar el acceso al capital, apoyar comunidades resilientes y fomentar el crecimiento econ\u00f3mico a largo plazo.<\/span><span data-ccp-props=\"{}\">\u00a0<\/span><\/p>\n<p><span data-contrast=\"auto\">City First Bank es miembro de la Alianza Global para la Banca de Valores (GABV), una red de bancos comprometidos con las finanzas responsables. Invertimos en comunidades que hist\u00f3ricamente han sido marginadas, apoyando a las empresas locales, la vivienda asequible y las instituciones comunitarias que generan oportunidades econ\u00f3micas duraderas. Nuestro enfoque se centra en el buen gobierno, la transparencia, las relaciones a largo plazo y el impacto en la vida real.<\/span><span data-ccp-props=\"{}\">\u00a0<\/span><\/p>\n<\/div>\n\n\n\n\t<div id=\"block_5c45a90487ed05598a4df9704f19294e\" class=\"split container--horizontal split-size--50 background-color--light-blue background-alignment--left full-width vertical-align--middle\">\n\t\t<!-- Image Error ($image is empty) -->\t\t<div class=\"split__inner-container\">\n\t\t\t\n\r\n<div id=\"block_28ed729f24d1f4be35db7633370f7130\" class=\"wysiwyg page-width\"><h2>Nuestros compromisos<\/h2>\n<p><b><span data-contrast=\"auto\">Gobernanza con prop\u00f3sito:<\/span><\/b><span data-contrast=\"auto\">\u202fNuestra junta directiva y nuestro equipo directivo son un reflejo de las comunidades a las que prestamos servicio, lo que garantiza que nuestros valores est\u00e9n presentes en cada decisi\u00f3n.<\/span><span data-ccp-props=\"{}\">\u00a0<\/span><\/p>\n<p><b><span data-contrast=\"auto\">Ejecuci\u00f3n de la misi\u00f3n:<\/span><\/b><span data-contrast=\"auto\">\u202fM\u00e1s del 70% de nuestros pr\u00e9stamos se destina a financiar iniciativas con fines sociales en comunidades de ingresos bajos a moderados, centr\u00e1ndose en la vivienda asequible, las peque\u00f1as empresas y las instituciones sin fines de lucro.<\/span><span data-ccp-props=\"{}\">\u00a0<\/span><\/p>\n<p><b><span data-contrast=\"auto\">Transparencia:<\/span><\/b><span data-contrast=\"auto\"> Evaluamos el beneficio p\u00fablico que aportamos a las comunidades de bajos ingresos, mantenemos nuestras certificaciones y afiliaciones como CDFI y empresa certificada B Corp, y rendimos cuentas anualmente de nuestro impacto ante nuestros accionistas.<\/span><\/p>\n<\/div>\n\n\n<div id=\"block_876b0914fdf2f88603976e44a8cdc6d0\" class=\"image page-width\">\n\t<div class=\"i72-image cover\" role=\"img\" title=\"Financiamos viviendas para que los sue\u00f1os se hagan realidad--3\" aria-label=\"Texto alternativo no disponible\" data-srcset=\"https:\/\/www.cityfirstbank.com\/wp-content\/uploads\/2025\/09\/We-finance-Homes-so-dreams-may-come-true-3.jpg 3000w 3000h,https:\/\/www.cityfirstbank.com\/wp-content\/uploads\/2025\/09\/We-finance-Homes-so-dreams-may-come-true-3-239x300.jpg 239w 300h,https:\/\/www.cityfirstbank.com\/wp-content\/uploads\/2025\/09\/We-finance-Homes-so-dreams-may-come-true-3-768x966.jpg 768w 966h,https:\/\/www.cityfirstbank.com\/wp-content\/uploads\/2025\/09\/We-finance-Homes-so-dreams-may-come-true-3.jpg 800w 1006h,https:\/\/www.cityfirstbank.com\/wp-content\/uploads\/2025\/09\/We-finance-Homes-so-dreams-may-come-true-3.jpg 800w 1006h,https:\/\/www.cityfirstbank.com\/wp-content\/uploads\/2025\/09\/We-finance-Homes-so-dreams-may-come-true-3.jpg 800w 1006h,https:\/\/www.cityfirstbank.com\/wp-content\/uploads\/2025\/09\/We-finance-Homes-so-dreams-may-come-true-3-10x12.jpg 10w 12h,https:\/\/www.cityfirstbank.com\/wp-content\/uploads\/2025\/09\/We-finance-Homes-so-dreams-may-come-true-3-119x150.jpg 119w 150h,https:\/\/www.cityfirstbank.com\/wp-content\/uploads\/2025\/09\/We-finance-Homes-so-dreams-may-come-true-3.jpg 800w 1006h,https:\/\/www.cityfirstbank.com\/wp-content\/uploads\/2025\/09\/We-finance-Homes-so-dreams-may-come-true-3.jpg 800w 1006h\" data-original-width=\"800\" data-original-height=\"1006\"><\/div><\/div>\n\n\t\t<\/div>\n\t<\/div>\n\n\n\n\n\n\t<div id=\"block_ffa51c83aad78d1f8613e946d84402fc\" class=\"split container--horizontal split-size--50 background-color--light-blue background-alignment--right full-width vertical-align--middle\">\n\t\t<!-- Image Error ($image is empty) -->\t\t<div class=\"split__inner-container\">\n\t\t\t\n\n<div id=\"block_6021d05978f8705fcd34bf6fbdb7133e\" class=\"image page-width\">\n\t<div class=\"i72-image cover\" role=\"img\" title=\"Edificios de la ciudad\" aria-label=\"Edificios de la ciudad\" data-srcset=\"https:\/\/www.cityfirstbank.com\/wp-content\/uploads\/2025\/11\/iStock-2012482489.jpg 3000w 3000h,https:\/\/www.cityfirstbank.com\/wp-content\/uploads\/2025\/11\/iStock-2012482489-300x200.jpg 300w 200h,https:\/\/www.cityfirstbank.com\/wp-content\/uploads\/2025\/11\/iStock-2012482489-768x511.jpg 768w 511h,https:\/\/www.cityfirstbank.com\/wp-content\/uploads\/2025\/11\/iStock-2012482489-1024x682.jpg 1024w 682h,https:\/\/www.cityfirstbank.com\/wp-content\/uploads\/2025\/11\/iStock-2012482489-1536x1023.jpg 1536w 1023h,https:\/\/www.cityfirstbank.com\/wp-content\/uploads\/2025\/11\/iStock-2012482489-2048x1364.jpg 2048w 1364h,https:\/\/www.cityfirstbank.com\/wp-content\/uploads\/2025\/11\/iStock-2012482489-18x12.jpg 18w 12h,https:\/\/www.cityfirstbank.com\/wp-content\/uploads\/2025\/11\/iStock-2012482489-150x100.jpg 150w 100h,https:\/\/www.cityfirstbank.com\/wp-content\/uploads\/2025\/11\/iStock-2012482489-1280x852.jpg 1280w 852h,https:\/\/www.cityfirstbank.com\/wp-content\/uploads\/2025\/11\/iStock-2012482489.jpg 2500w 1665h\" data-original-width=\"2500\" data-original-height=\"1665\"><\/div><\/div>\n\n\r\n<div id=\"block_1c9f7d870d9a793506cbc88457c024dc\" class=\"wysiwyg page-width\"><h2>Reconocimientos y afiliaciones<\/h2>\n<ul>\n<li>El \u00fanico banco de EE. UU. certificado como CDFI, certificado como B Corp y designado como MDI.<\/li>\n<li>Calificada como \u201cExcelente\u201d en virtud de la Ley de Reinversi\u00f3n Comunitaria (CRA)<\/li>\n<li>Miembro de la Alianza Global para la Banca de Valores (GABV)<\/li>\n<li>Uno de los dos \u00fanicos bancos estadounidenses que cotizan en bolsa y est\u00e1n constituidos como sociedades de beneficio p\u00fablico<\/li>\n<li>Galardonada con los premios PACE Nation en 2023 y 2025<\/li>\n<\/ul>\n<\/div>\n\n\t\t<\/div>\n\t<\/div>\n\n\n\n\r\n<div id=\"block_c8122568b269d53f3e5788051fc54d26\" class=\"wysiwyg page-width\"><h3 style=\"text-align: left\">Creemos que la mejor forma de generar valor a largo plazo para los accionistas es mediante una banca sostenible que anteponga las necesidades de la comunidad. Nuestra estrategia de responsabilidad social corporativa est\u00e1 integrada en nuestras operaciones, nuestro gobierno corporativo y nuestro crecimiento, porque hacer el bien es un buen negocio.<\/h3>\n<\/div>","protected":false},"excerpt":{"rendered":"","protected":false},"author":16,"featured_media":0,"parent":0,"menu_order":0,"comment_status":"closed","ping_status":"closed","template":"","meta":{"_acf_changed":false,"inline_featured_image":false,"footnotes":""},"class_list":["post-1470","page","type-page","status-publish","hentry"],"acf":[],"aioseo_notices":[],"_links":{"self":[{"href":"https:\/\/www.cityfirstbank.com\/es\/wp-json\/wp\/v2\/pages\/1470","targetHints":{"allow":["GET"]}}],"collection":[{"href":"https:\/\/www.cityfirstbank.com\/es\/wp-json\/wp\/v2\/pages"}],"about":[{"href":"https:\/\/www.cityfirstbank.com\/es\/wp-json\/wp\/v2\/types\/page"}],"author":[{"embeddable":true,"href":"https:\/\/www.cityfirstbank.com\/es\/wp-json\/wp\/v2\/users\/16"}],"replies":[{"embeddable":true,"href":"https:\/\/www.cityfirstbank.com\/es\/wp-json\/wp\/v2\/comments?post=1470"}],"version-history":[{"count":14,"href":"https:\/\/www.cityfirstbank.com\/es\/wp-json\/wp\/v2\/pages\/1470\/revisions"}],"predecessor-version":[{"id":3068,"href":"https:\/\/www.cityfirstbank.com\/es\/wp-json\/wp\/v2\/pages\/1470\/revisions\/3068"}],"wp:attachment":[{"href":"https:\/\/www.cityfirstbank.com\/es\/wp-json\/wp\/v2\/media?parent=1470"}],"curies":[{"name":"wp","href":"https:\/\/api.w.org\/{rel}","templated":true}]}}