{"id":1479,"date":"2025-08-26T17:26:06","date_gmt":"2025-08-26T17:26:06","guid":{"rendered":"https:\/\/cityfirstbank.com\/?page_id=1479"},"modified":"2025-10-01T23:33:17","modified_gmt":"2025-10-01T23:33:17","slug":"community-partner-business-checking","status":"publish","type":"page","link":"https:\/\/www.cityfirstbank.com\/es\/community-partner-business-checking\/","title":{"rendered":"Cuenta de cheques para empresas asociadas a la Comunidad"},"content":{"rendered":"<div id=\"block_51171b04d831c699b67f233787b29ef7\" class=\"wysiwyg page-width\"><h2>Banca solidaria: cuentas corrientes sin comisiones para socios comunitarios<\/h2>\n<p>Dise\u00f1ada para organizaciones con una actividad bancaria mensual constante, la cuenta corriente empresarial Community Partner* no cobra comisiones mensuales siempre que se mantenga un saldo m\u00ednimo reducido.<\/p>\n<p>*Consulte las tasas de dep\u00f3sito para obtener m\u00e1s informaci\u00f3n.<\/p>\n<p>&nbsp;<\/p>\n<h4>Detalles de la cuenta<\/h4>\n<table style=\"border-collapse: collapse;width: 93.2328%\" border=\"1\">\n<tbody>\n<tr>\n<td style=\"width: 50%\">M\u00ednimo para abrir<\/td>\n<td style=\"width: 43.1266%\"><strong>$100.00<\/strong><\/td>\n<\/tr>\n<tr>\n<td style=\"width: 50%\">Cargo mensual por servicio si el saldo de la cuenta es inferior al m\u00ednimo requerido.<\/td>\n<td style=\"width: 43.1266%\"><strong>$12.00<\/strong><\/td>\n<\/tr>\n<tr>\n<td style=\"width: 50%\">Requisito de saldo medio mensual m\u00ednimo<\/td>\n<td style=\"width: 43.1266%\"><strong>$10,000.00<\/strong><\/td>\n<\/tr>\n<tr>\n<td style=\"width: 50%\">Con intereses, tipo de inter\u00e9s variable en funci\u00f3n del saldo de la cuenta.<\/td>\n<td style=\"width: 43.1266%\"><strong>\u00a1S\u00ed!<\/strong><\/td>\n<\/tr>\n<tr>\n<td style=\"width: 50%\">Comisiones por transacciones en la cuenta<\/td>\n<td style=\"width: 43.1266%\"><em>Las primeras 200 transacciones al mes son gratuitas. A partir de ah\u00ed, se cobra una tarifa de $0,25 por cada transacci\u00f3n.<\/em><\/td>\n<\/tr>\n<\/tbody>\n<\/table>\n<\/div>\n\n\n<div id=\"block_1302fcf21ebc5f872fb22f486066fa47\" class=\"link-button align-left page-width\">\n\t<a class=\"button\" href=\"https:\/\/www.cityfirstbank.com\/es\/speak-with-a-banker\/\" target=\"_self\" aria-label=\"Enlace a: Hable con un banquero\">Hable con un banquero<\/a>\n<\/div>\n\n\n<div id=\"block_20e64a3caa62f327a36b3baba2d551fc\" class=\"link-button align-left page-width\">\n\t<a class=\"button\" href=\"https:\/\/www.cityfirstbank.com\/es\/appointment-scheduling-dc\/\" target=\"_self\" aria-label=\"Enlace a: Concertar una cita | Washington D. C.\">Concertar una cita | Washington D. C.<\/a>\n<\/div>\n\n\n<div id=\"block_1b2e3c838a1a58b007973885427995ae\" class=\"link-button align-left page-width\">\n\t<a class=\"button\" href=\"https:\/\/www.cityfirstbank.com\/es\/deposit-rates\/\" target=\"_self\" aria-label=\"Enlace a: Tipos de inter\u00e9s de los dep\u00f3sitos\">Tipos de dep\u00f3sito<\/a>\n<\/div>","protected":false},"excerpt":{"rendered":"","protected":false},"author":16,"featured_media":0,"parent":0,"menu_order":0,"comment_status":"closed","ping_status":"closed","template":"","meta":{"_acf_changed":false,"inline_featured_image":false,"footnotes":""},"class_list":["post-1479","page","type-page","status-publish","hentry"],"acf":[],"aioseo_notices":[],"_links":{"self":[{"href":"https:\/\/www.cityfirstbank.com\/es\/wp-json\/wp\/v2\/pages\/1479","targetHints":{"allow":["GET"]}}],"collection":[{"href":"https:\/\/www.cityfirstbank.com\/es\/wp-json\/wp\/v2\/pages"}],"about":[{"href":"https:\/\/www.cityfirstbank.com\/es\/wp-json\/wp\/v2\/types\/page"}],"author":[{"embeddable":true,"href":"https:\/\/www.cityfirstbank.com\/es\/wp-json\/wp\/v2\/users\/16"}],"replies":[{"embeddable":true,"href":"https:\/\/www.cityfirstbank.com\/es\/wp-json\/wp\/v2\/comments?post=1479"}],"version-history":[{"count":13,"href":"https:\/\/www.cityfirstbank.com\/es\/wp-json\/wp\/v2\/pages\/1479\/revisions"}],"predecessor-version":[{"id":2766,"href":"https:\/\/www.cityfirstbank.com\/es\/wp-json\/wp\/v2\/pages\/1479\/revisions\/2766"}],"wp:attachment":[{"href":"https:\/\/www.cityfirstbank.com\/es\/wp-json\/wp\/v2\/media?parent=1479"}],"curies":[{"name":"wp","href":"https:\/\/api.w.org\/{rel}","templated":true}]}}