{"id":1481,"date":"2025-08-26T17:29:23","date_gmt":"2025-08-26T17:29:23","guid":{"rendered":"https:\/\/cityfirstbank.com\/?page_id=1481"},"modified":"2025-10-01T23:34:21","modified_gmt":"2025-10-01T23:34:21","slug":"interest-on-lawyers-trust-accounts-iolta","status":"publish","type":"page","link":"https:\/\/www.cityfirstbank.com\/es\/interest-on-lawyers-trust-accounts-iolta\/","title":{"rendered":"Interest on Lawyers&#8217; Trust Accounts (IOLTA)"},"content":{"rendered":"<div id=\"block_e74eb2a9d748d44b5ea98403f3169fa5\" class=\"wysiwyg page-width\"><h2>Ampliar el acceso a la justicia en las comunidades desfavorecidas: juntos<\/h2>\n<p>City First Bank se enorgullece de colaborar con la Fundaci\u00f3n del Colegio de Abogados de Washington D. C. para ampliar el acceso a la justicia a trav\u00e9s del programa \u2019Intereses de las Cuentas Fiduciarias de Abogados\u00bb* (IOLTA). Este innovador programa, de costo cero, ayuda a financiar servicios de asistencia jur\u00eddica civil para personas y familias que viven en la pobreza, sin recurrir a fondos p\u00fablicos ni generar gastos adicionales para los abogados o los clientes. Al poner en com\u00fan estas cuentas, contribuimos a fortalecer el sistema legal y a mejorar los resultados para las comunidades desfavorecidas.<\/p>\n<p>*Consulte las tasas de dep\u00f3sito para obtener m\u00e1s informaci\u00f3n.<\/p>\n<p>&nbsp;<\/p>\n<h4>Detalles de la cuenta<\/h4>\n<table style=\"border-collapse: collapse;width: 48.5923%\" border=\"1\">\n<tbody>\n<tr>\n<td style=\"width: 34.2707%\">M\u00ednimo para abrir<\/td>\n<td style=\"width: 13.0845%\"><strong>$100.00<\/strong><\/td>\n<\/tr>\n<tr>\n<td style=\"width: 34.2707%\">Cuota mensual de servicios<\/td>\n<td style=\"width: 13.0845%\"><strong>$0.00<\/strong><\/td>\n<\/tr>\n<tr>\n<td style=\"width: 34.2707%\">Requisito de saldo medio mensual m\u00ednimo<\/td>\n<td style=\"width: 13.0845%\"><strong>$0.00<\/strong><\/td>\n<\/tr>\n<tr>\n<td style=\"width: 34.2707%\">Con intereses<\/td>\n<td style=\"width: 13.0845%\"><strong>\u00a1S\u00ed!<\/strong><\/td>\n<\/tr>\n<\/tbody>\n<\/table>\n<\/div>\n\n\n<div id=\"block_ab61cb50497e83e0cface7f8e8fc9863\" class=\"link-button align-left page-width\">\n\t<a class=\"button\" href=\"https:\/\/www.cityfirstbank.com\/es\/speak-with-a-banker\/\" target=\"_self\" aria-label=\"Enlace a: Hable con un banquero\">Hable con un banquero<\/a>\n<\/div>\n\n\n<div id=\"block_889ed0e7e4308a53b392229aef1faca1\" class=\"link-button align-left page-width\">\n\t<a class=\"button\" href=\"https:\/\/www.cityfirstbank.com\/es\/appointment-scheduling-dc\/\" target=\"_self\" aria-label=\"Enlace a: Concertar una cita | Washington D. C.\">Concertar una cita | Washington D. C.<\/a>\n<\/div>\n\n\n<div id=\"block_2128cbe78f886ad98ea67532394b829e\" class=\"link-button align-left page-width\">\n\t<a class=\"button\" href=\"https:\/\/www.cityfirstbank.com\/es\/deposit-rates\/\" target=\"_self\" aria-label=\"Enlace a: Tipos de inter\u00e9s de los dep\u00f3sitos\">Tipos de dep\u00f3sito<\/a>\n<\/div>","protected":false},"excerpt":{"rendered":"","protected":false},"author":16,"featured_media":0,"parent":0,"menu_order":0,"comment_status":"closed","ping_status":"closed","template":"","meta":{"_acf_changed":false,"inline_featured_image":false,"footnotes":""},"class_list":["post-1481","page","type-page","status-publish","hentry"],"acf":[],"aioseo_notices":[],"_links":{"self":[{"href":"https:\/\/www.cityfirstbank.com\/es\/wp-json\/wp\/v2\/pages\/1481","targetHints":{"allow":["GET"]}}],"collection":[{"href":"https:\/\/www.cityfirstbank.com\/es\/wp-json\/wp\/v2\/pages"}],"about":[{"href":"https:\/\/www.cityfirstbank.com\/es\/wp-json\/wp\/v2\/types\/page"}],"author":[{"embeddable":true,"href":"https:\/\/www.cityfirstbank.com\/es\/wp-json\/wp\/v2\/users\/16"}],"replies":[{"embeddable":true,"href":"https:\/\/www.cityfirstbank.com\/es\/wp-json\/wp\/v2\/comments?post=1481"}],"version-history":[{"count":16,"href":"https:\/\/www.cityfirstbank.com\/es\/wp-json\/wp\/v2\/pages\/1481\/revisions"}],"predecessor-version":[{"id":2767,"href":"https:\/\/www.cityfirstbank.com\/es\/wp-json\/wp\/v2\/pages\/1481\/revisions\/2767"}],"wp:attachment":[{"href":"https:\/\/www.cityfirstbank.com\/es\/wp-json\/wp\/v2\/media?parent=1481"}],"curies":[{"name":"wp","href":"https:\/\/api.w.org\/{rel}","templated":true}]}}