{"id":1483,"date":"2025-08-26T17:34:07","date_gmt":"2025-08-26T17:34:07","guid":{"rendered":"https:\/\/cityfirstbank.com\/?page_id=1483"},"modified":"2025-11-03T19:40:41","modified_gmt":"2025-11-03T19:40:41","slug":"commercial-high-yield-money-market-account","status":"publish","type":"page","link":"https:\/\/www.cityfirstbank.com\/es\/commercial-high-yield-money-market-account\/","title":{"rendered":"Cuenta del mercado monetario comercial de alto rendimiento"},"content":{"rendered":"<div id=\"block_47a0fa4678423dd0117dbb77f060ef12\" class=\"wysiwyg page-width\"><h2>Liquidez inteligente para organizaciones con una misi\u00f3n: alto rendimiento, gran impacto<\/h2>\n<p>La cuenta comercial de alto rendimiento del mercado monetario* de City First Bank est\u00e1 dise\u00f1ada para empresas y organizaciones sin fines de lucro que desean hacer crecer sus reservas sin sacrificar la liquidez. Con tasas de inter\u00e9s competitivas por tramos y un l\u00edmite de retiros mensuales, esta cuenta ofrece el equilibrio perfecto entre rentabilidad y accesibilidad.<\/p>\n<p>*Consulte las tasas de dep\u00f3sito para obtener m\u00e1s informaci\u00f3n.<\/p>\n<p>&nbsp;<\/p>\n<h3>Detalles de la cuenta<\/h3>\n<table style=\"border-collapse: collapse;width: 73.8127%\" border=\"1\">\n<tbody>\n<tr>\n<td style=\"width: 37.9848%\">M\u00ednimo para abrir<\/td>\n<td style=\"width: 36.2392%\"><strong>$10,000.00<\/strong><\/td>\n<\/tr>\n<tr>\n<td style=\"width: 37.9848%\">Se aplicar\u00e1 un cargo mensual por servicio si el saldo de la cuenta es inferior al m\u00ednimo requerido<\/td>\n<td style=\"width: 36.2392%\"><strong>$8.00<\/strong><\/td>\n<\/tr>\n<tr>\n<td style=\"width: 37.9848%\">Requisitos de saldo medio mensual m\u00ednimo<\/td>\n<td style=\"width: 36.2392%\"><strong>$1,000.00<\/strong><\/td>\n<\/tr>\n<tr>\n<td style=\"width: 37.9848%\">Con intereses<\/td>\n<td style=\"width: 36.2392%\"><strong>\u00a1S\u00ed!<\/strong><\/td>\n<\/tr>\n<tr>\n<td style=\"width: 37.9848%\">L\u00edmites de retiro<\/td>\n<td style=\"width: 36.2392%\"><em>Nuestra cuenta de ahorros para empresas ofrece una tasa competitiva y tiene un l\u00edmite de hasta 6 retiros al mes.<\/em><\/td>\n<\/tr>\n<\/tbody>\n<\/table>\n<\/div>\n\n\n<div id=\"block_d2def4dc03509ceeac1e39346991689d\" class=\"link-button align-left page-width\">\n\t<a class=\"button\" href=\"https:\/\/www.cityfirstbank.com\/es\/speak-with-a-banker\/\" target=\"_self\" aria-label=\"Enlace a: Hable con un banquero\">Hable con un banquero<\/a>\n<\/div>\n\n\n<div id=\"block_7f4e181edb160a4c30bff480e912e7d6\" class=\"link-button align-left page-width\">\n\t<a class=\"button\" href=\"https:\/\/www.cityfirstbank.com\/es\/appointment-scheduling-dc\/\" target=\"_self\" aria-label=\"Enlace a: Concertar una cita | Washington D. C.\">Concertar una cita | Washington D. C.<\/a>\n<\/div>\n\n\n<div id=\"block_9ef1f10e69665f8f1669e3cdcfe264c2\" class=\"link-button align-left page-width\">\n\t<a class=\"button\" href=\"https:\/\/www.cityfirstbank.com\/es\/deposit-rates\/\" target=\"_self\" aria-label=\"Enlace a: Tipos de inter\u00e9s de los dep\u00f3sitos\">Tipos de dep\u00f3sito<\/a>\n<\/div>","protected":false},"excerpt":{"rendered":"","protected":false},"author":16,"featured_media":0,"parent":0,"menu_order":0,"comment_status":"closed","ping_status":"closed","template":"","meta":{"_acf_changed":false,"inline_featured_image":false,"footnotes":""},"class_list":["post-1483","page","type-page","status-publish","hentry"],"acf":[],"aioseo_notices":[],"_links":{"self":[{"href":"https:\/\/www.cityfirstbank.com\/es\/wp-json\/wp\/v2\/pages\/1483","targetHints":{"allow":["GET"]}}],"collection":[{"href":"https:\/\/www.cityfirstbank.com\/es\/wp-json\/wp\/v2\/pages"}],"about":[{"href":"https:\/\/www.cityfirstbank.com\/es\/wp-json\/wp\/v2\/types\/page"}],"author":[{"embeddable":true,"href":"https:\/\/www.cityfirstbank.com\/es\/wp-json\/wp\/v2\/users\/16"}],"replies":[{"embeddable":true,"href":"https:\/\/www.cityfirstbank.com\/es\/wp-json\/wp\/v2\/comments?post=1483"}],"version-history":[{"count":15,"href":"https:\/\/www.cityfirstbank.com\/es\/wp-json\/wp\/v2\/pages\/1483\/revisions"}],"predecessor-version":[{"id":2951,"href":"https:\/\/www.cityfirstbank.com\/es\/wp-json\/wp\/v2\/pages\/1483\/revisions\/2951"}],"wp:attachment":[{"href":"https:\/\/www.cityfirstbank.com\/es\/wp-json\/wp\/v2\/media?parent=1483"}],"curies":[{"name":"wp","href":"https:\/\/api.w.org\/{rel}","templated":true}]}}