{"id":1485,"date":"2025-08-26T17:39:25","date_gmt":"2025-08-26T17:39:25","guid":{"rendered":"https:\/\/cityfirstbank.com\/?page_id=1485"},"modified":"2026-02-09T15:03:51","modified_gmt":"2026-02-09T15:03:51","slug":"deposit-rates","status":"publish","type":"page","link":"https:\/\/www.cityfirstbank.com\/es\/deposit-rates\/","title":{"rendered":"Tipos de dep\u00f3sito"},"content":{"rendered":"<div id=\"block_53373b88c2ad18a1b2f0aba49915b654\" class=\"wysiwyg page-width\"><h2>Haga crecer sus fondos con las competitivas tasas de dep\u00f3sito de City First Bank<\/h2>\n<h3>Capacitar a empresas, organizaciones sin \u00e1nimo de lucro y particulares invirtiendo en el desarrollo de la comunidad.<\/h3>\n<p>&nbsp;<\/p>\n<p><strong>Lista de tarifas* \u2013 2 de febrero de 2026<\/strong><\/p>\n<h6>*Una vez abierta la cuenta, todos los tipos de inter\u00e9s est\u00e1n sujetos a cambios en cualquier momento y sin previo aviso, a discreci\u00f3n del Banco. La tasa de rendimiento anual (APY) se calcula suponiendo que los intereses se mantienen en la cuenta. Las comisiones pueden reducir las ganancias.  En el caso de los certificados de dep\u00f3sito, se puede aplicar una penalizaci\u00f3n por retiros antes de la fecha de vencimiento. Para obtener m\u00e1s detalles, consulte a un representante de la sucursal m\u00e1s cercana de City First, llame al (888) 351-3280 o visite nuestro sitio web en www.cityfirstbank.com<\/h6>\n<table style=\"border-collapse: collapse;width: 100%\" border=\"1\">\n<tbody>\n<tr style=\"height: 48px\">\n<th style=\"width: 12.9174%;height: 48px\">Tipo de cuenta<\/th>\n<th style=\"width: 9.22671%;height: 48px\">Dep\u00f3sito m\u00ednimo para abrir una cuenta<\/th>\n<th style=\"width: 11.775%;height: 48px\">Saldo Diario M\u00ednimo para Obtener la Rentabilidad Anual Equivalente<\/th>\n<th style=\"width: 6.41476%;height: 48px\">Tipo de inter\u00e9s<\/th>\n<th style=\"width: 9.66608%;height: 48px\">Rentabilidad porcentual anual (APY)<\/th>\n<\/tr>\n<tr style=\"height: 24px\">\n<td class=\"greyed\" style=\"width: 49.9999%;height: 24px\" colspan=\"5\"><strong>COMPROBACI\u00d3N DE INTERESES:<\/strong><\/td>\n<\/tr>\n<tr style=\"height: 24px\">\n<td style=\"width: 12.9174%;height: 24px\">Comprobaci\u00f3n de intereses por impacto<\/td>\n<td style=\"width: 9.22671%;height: 24px\">$100<\/td>\n<td style=\"width: 11.775%;height: 24px\">$1<\/td>\n<td style=\"width: 6.41476%;height: 24px\">0.20%<\/td>\n<td style=\"width: 9.66608%;height: 24px\">0.20%<\/td>\n<\/tr>\n<tr style=\"height: 48px\">\n<td style=\"width: 12.9174%;height: 48px\">Comprobaci\u00f3n de socios comunitarios<\/td>\n<td style=\"width: 9.22671%;height: 48px\">$100<\/td>\n<td style=\"width: 11.775%;height: 48px\">Nivel 1: $0-$749.999<br \/>\nNivel 2: $750.000 y m\u00e1s<\/td>\n<td style=\"width: 6.41476%;height: 48px\">0.25%<br \/>\n0.30%<\/td>\n<td style=\"width: 9.66608%;height: 48px\">0.25%<br \/>\n0.30%<\/td>\n<\/tr>\n<tr style=\"height: 24px\">\n<td style=\"width: 12.9174%;height: 24px\">IOLTA(Empresas)<\/td>\n<td style=\"width: 9.22671%;height: 24px\">$100<\/td>\n<td style=\"width: 11.775%;height: 24px\">$1<\/td>\n<td style=\"width: 6.41476%;height: 24px\">3.06%<\/td>\n<td style=\"width: 9.66608%;height: 24px\">3.10%<\/td>\n<\/tr>\n<tr style=\"height: 24px\">\n<td class=\"greyed\" style=\"width: 49.9999%;height: 24px\" colspan=\"5\"><strong>PROMO MERCADO MONETARIO DE ALTO RENDIMIENTO:<\/strong><\/td>\n<\/tr>\n<tr style=\"height: 48px\">\n<td style=\"width: 12.9174%;height: 48px\">Promo High Yield Consumer Money<\/td>\n<td style=\"width: 9.22671%;height: 48px\">$10,000<\/td>\n<td style=\"width: 11.775%;height: 48px\">Nivel 1: $0 - $249.999<br \/>\nNivel 2: $250.000 y m\u00e1s<\/td>\n<td style=\"width: 6.41476%;height: 48px\">2.98%<br \/>\n3.23%<\/td>\n<td style=\"width: 9.66608%;height: 48px\">3.00%<br \/>\n3.25%<\/td>\n<\/tr>\n<tr style=\"height: 48px\">\n<td style=\"width: 12.9174%;height: 48px\">PROMO Dinero de alto rendimiento para empresas<\/td>\n<td style=\"width: 9.22671%;height: 48px\">$10,000<\/td>\n<td style=\"width: 11.775%;height: 48px\">Nivel 1: $0 - $249.999<br \/>\nNivel 2: $250.000 y m\u00e1s<\/td>\n<td style=\"width: 6.41476%;height: 48px\">2.24%<br \/>\n2.49%<\/td>\n<td style=\"width: 9.66608%;height: 48px\">2.27%<br \/>\n2.52%<\/td>\n<\/tr>\n<tr style=\"height: 48px\">\n<td style=\"width: 12.9174%;height: 48px\">Promo High Yield Non-Profit Advantage<\/td>\n<td style=\"width: 9.22671%;height: 48px\">$10,000<\/td>\n<td style=\"width: 11.775%;height: 48px\">Nivel 1: $0 - $249.999<br \/>\nNivel 2: $250.000 y m\u00e1s<\/td>\n<td style=\"width: 6.41476%;height: 48px\">2.24%<br \/>\n2.49%<\/td>\n<td style=\"width: 9.66608%;height: 48px\">2.27%<br \/>\n2.52%<\/td>\n<\/tr>\n<tr style=\"height: 24px\">\n<td class=\"greyed\" style=\"width: 49.9999%;height: 24px\" colspan=\"5\"><strong>MERCADO DE DINERO:<\/strong><\/td>\n<\/tr>\n<tr style=\"height: 48px\">\n<td style=\"width: 12.9174%;height: 48px\">Mercado monetario de alto rendimiento para consumidores<\/td>\n<td style=\"width: 9.22671%;height: 48px\">$10,000<\/td>\n<td style=\"width: 11.775%;height: 48px\">Nivel 1: $0 - $249.999<br \/>\nNivel 2: $250.000 y m\u00e1s<\/td>\n<td style=\"width: 6.41476%;height: 48px\">1.98%<br \/>\n2.23%<\/td>\n<td style=\"width: 9.66608%;height: 48px\">2.00%<br \/>\n2.25%<\/td>\n<\/tr>\n<tr style=\"height: 48px\">\n<td style=\"width: 12.9174%;height: 48px\">Mercado monetario empresarial de alto rendimiento<\/td>\n<td style=\"width: 9.22671%;height: 48px\">$10,000<\/td>\n<td style=\"width: 11.775%;height: 48px\">Nivel 1: $0 - $249.999<br \/>\nNivel 2: $250.000 y m\u00e1s<\/td>\n<td style=\"width: 6.41476%;height: 48px\">1.24%<br \/>\n1.49%<\/td>\n<td style=\"width: 9.66608%;height: 48px\">1.25%<br \/>\n1.50%<\/td>\n<\/tr>\n<tr style=\"height: 48px\">\n<td style=\"width: 12.9174%;height: 48px\">Mercado monetario de alto rendimiento Non-Profit Advantage<\/td>\n<td style=\"width: 9.22671%;height: 48px\">$10,000<br \/>\n$250,000<\/td>\n<td style=\"width: 11.775%;height: 48px\">Nivel 1: $0 - $249.999<br \/>\nNivel 2: $250.000 y m\u00e1s<\/td>\n<td style=\"width: 6.41476%;height: 48px\">1.24%<br \/>\n1.49%<\/td>\n<td style=\"width: 9.66608%;height: 48px\">1.25%<br \/>\n1.50%<\/td>\n<\/tr>\n<tr style=\"height: 24px\">\n<td class=\"greyed\" style=\"width: 49.9999%;height: 24px\" colspan=\"5\"><strong>AHORRO:<\/strong><\/td>\n<\/tr>\n<tr style=\"height: 24px\">\n<td style=\"width: 12.9174%;height: 24px\">Impacto Ahorro<\/td>\n<td style=\"width: 9.22671%;height: 24px\">$100<\/td>\n<td style=\"width: 11.775%;height: 24px\">$1<\/td>\n<td style=\"width: 6.41476%;height: 24px\">0.20%<\/td>\n<td style=\"width: 9.66608%;height: 24px\">0.20%<\/td>\n<\/tr>\n<tr style=\"height: 24px\">\n<td style=\"width: 12.9174%;height: 24px\">Ahorro First Step (hasta 18 a\u00f1os)<\/td>\n<td style=\"width: 9.22671%;height: 24px\">$25<\/td>\n<td style=\"width: 11.775%;height: 24px\">$1<\/td>\n<td style=\"width: 6.41476%;height: 24px\">0.20%<\/td>\n<td style=\"width: 9.66608%;height: 24px\">0.20%<\/td>\n<\/tr>\n<tr style=\"height: 24px\">\n<td style=\"width: 12.9174%;height: 24px\">Impacto Ahorro empresarial<\/td>\n<td style=\"width: 9.22671%;height: 24px\">$250<\/td>\n<td style=\"width: 11.775%;height: 24px\">$1<\/td>\n<td style=\"width: 6.41476%;height: 24px\">0.35%<\/td>\n<td style=\"width: 9.66608%;height: 24px\">0.35%<\/td>\n<\/tr>\n<tr style=\"height: 24px\">\n<td class=\"greyed\" style=\"width: 49.9999%;height: 24px\" colspan=\"5\"><strong>CERTIFICADOS DE DEP\u00d3SITO (CD):<\/strong><\/td>\n<\/tr>\n<tr style=\"height: 24px\">\n<td style=\"width: 12.9174%;height: 24px\">CD a 3 meses<\/td>\n<td style=\"width: 9.22671%;height: 24px\">$1,000<\/td>\n<td style=\"width: 11.775%;height: 24px\">$1,000<\/td>\n<td style=\"width: 6.41476%;height: 24px\">3.44%<\/td>\n<td style=\"width: 9.66608%;height: 24px\">3.50%<\/td>\n<\/tr>\n<tr style=\"height: 24px\">\n<td style=\"width: 12.9174%;height: 24px\">CD a 4 meses<\/td>\n<td style=\"width: 9.22671%;height: 24px\">$1,000<\/td>\n<td style=\"width: 11.775%;height: 24px\">$1,000<\/td>\n<td style=\"width: 6.41476%;height: 24px\">3.20%<\/td>\n<td style=\"width: 9.66608%;height: 24px\">3.25%<\/td>\n<\/tr>\n<tr style=\"height: 24px\">\n<td style=\"width: 12.9174%;height: 24px\">CD a 6 meses<\/td>\n<td style=\"width: 9.22671%;height: 24px\">$1,000<\/td>\n<td style=\"width: 11.775%;height: 24px\">$1,000<\/td>\n<td style=\"width: 6.41476%;height: 24px\">3.63%<\/td>\n<td style=\"width: 9.66608%;height: 24px\">3.70%<\/td>\n<\/tr>\n<tr style=\"height: 24px\">\n<td style=\"width: 12.9174%;height: 24px\">CD a 9 meses<\/td>\n<td style=\"width: 9.22671%;height: 24px\">$1,000<\/td>\n<td style=\"width: 11.775%;height: 24px\">$1,000<\/td>\n<td style=\"width: 6.41476%;height: 24px\">3.73%<\/td>\n<td style=\"width: 9.66608%;height: 24px\">3.85%<\/td>\n<\/tr>\n<tr style=\"height: 24px\">\n<td style=\"width: 12.9174%;height: 24px\">CD a 12 meses<\/td>\n<td style=\"width: 9.22671%;height: 24px\">$1,000<\/td>\n<td style=\"width: 11.775%;height: 24px\">$1,000<\/td>\n<td style=\"width: 6.41476%;height: 24px\">3.68%<\/td>\n<td style=\"width: 9.66608%;height: 24px\">3.75%<\/td>\n<\/tr>\n<tr style=\"height: 24px\">\n<td style=\"width: 12.9174%;height: 24px\">CD a 18 meses<\/td>\n<td style=\"width: 9.22671%;height: 24px\">$1,000<\/td>\n<td style=\"width: 11.775%;height: 24px\">$1,000<\/td>\n<td style=\"width: 6.41476%;height: 24px\">2.96%<\/td>\n<td style=\"width: 9.66608%;height: 24px\">3.00%<\/td>\n<\/tr>\n<tr style=\"height: 24px\">\n<td style=\"width: 12.9174%;height: 24px\">CD a 24 meses<\/td>\n<td style=\"width: 9.22671%;height: 24px\">$1,000<\/td>\n<td style=\"width: 11.775%;height: 24px\">$1,000<\/td>\n<td style=\"width: 6.41476%;height: 24px\">2.96%<\/td>\n<td style=\"width: 9.66608%;height: 24px\">3.00%<\/td>\n<\/tr>\n<tr style=\"height: 24px\">\n<td style=\"width: 12.9174%;height: 24px\">CD a 36 meses<\/td>\n<td style=\"width: 9.22671%;height: 24px\">$1,000<\/td>\n<td style=\"width: 11.775%;height: 24px\">$1,000<\/td>\n<td style=\"width: 6.41476%;height: 24px\">2.47%<\/td>\n<td style=\"width: 9.66608%;height: 24px\">2.50%<\/td>\n<\/tr>\n<tr style=\"height: 24px\">\n<td style=\"width: 12.9174%;height: 24px\">CD a 48 meses<\/td>\n<td style=\"width: 9.22671%;height: 24px\">$1,000<\/td>\n<td style=\"width: 11.775%;height: 24px\">$1,000<\/td>\n<td style=\"width: 6.41476%;height: 24px\">1.98%<\/td>\n<td style=\"width: 9.66608%;height: 24px\">2.00%<\/td>\n<\/tr>\n<tr style=\"height: 24px\">\n<td style=\"width: 12.9174%;height: 24px\">CD a 60 meses<\/td>\n<td style=\"width: 9.22671%;height: 24px\">$1,000<\/td>\n<td style=\"width: 11.775%;height: 24px\">$1,000<\/td>\n<td style=\"width: 6.41476%;height: 24px\">2.47%<\/td>\n<td style=\"width: 9.66608%;height: 24px\">2.50%<\/td>\n<\/tr>\n<tr style=\"height: 24px\">\n<td class=\"greyed\" style=\"width: 49.9999%;height: 24px\" colspan=\"5\"><strong>CERTIFICADOS DE DEP\u00d3SITO IRA (IRA CD):<\/strong><\/td>\n<\/tr>\n<tr style=\"height: 24px\">\n<td style=\"width: 12.9174%;height: 24px\">Cuenta IRA CD a 3 meses (91 d\u00edas)<\/td>\n<td style=\"width: 9.22671%;height: 24px\">$1,000<\/td>\n<td style=\"width: 11.775%;height: 24px\">$1,000<\/td>\n<td style=\"width: 6.41476%;height: 24px\">3.44%<\/td>\n<td style=\"width: 9.66608%;height: 24px\">3.50%<\/td>\n<\/tr>\n<tr style=\"height: 24px\">\n<td style=\"width: 12.9174%;height: 24px\">IRA CD a 6 meses (182 d\u00edas)<\/td>\n<td style=\"width: 9.22671%;height: 24px\">$1,000<\/td>\n<td style=\"width: 11.775%;height: 24px\">$1,000<\/td>\n<td style=\"width: 6.41476%;height: 24px\">3.63%<\/td>\n<td style=\"width: 9.66608%;height: 24px\">3.70%<\/td>\n<\/tr>\n<tr style=\"height: 24px\">\n<td style=\"width: 12.9174%;height: 24px\">IRA CD a 12 meses<\/td>\n<td style=\"width: 9.22671%;height: 24px\">$1,000<\/td>\n<td style=\"width: 11.775%;height: 24px\">$1,000<\/td>\n<td style=\"width: 6.41476%;height: 24px\">3.68%<\/td>\n<td style=\"width: 9.66608%;height: 24px\">3.75%<\/td>\n<\/tr>\n<tr style=\"height: 24px\">\n<td style=\"width: 12.9174%;height: 24px\">CD IRA a 18 meses<\/td>\n<td style=\"width: 9.22671%;height: 24px\">$1,000<\/td>\n<td style=\"width: 11.775%;height: 24px\">$1,000<\/td>\n<td style=\"width: 6.41476%;height: 24px\">2.96%<\/td>\n<td style=\"width: 9.66608%;height: 24px\">3.00%<\/td>\n<\/tr>\n<tr style=\"height: 24px\">\n<td style=\"width: 12.9174%;height: 24px\">CD Roth IRA a 18 meses<\/td>\n<td style=\"width: 9.22671%;height: 24px\">$1,000<\/td>\n<td style=\"width: 11.775%;height: 24px\">$1,000<\/td>\n<td style=\"width: 6.41476%;height: 24px\">2.96%<\/td>\n<td style=\"width: 9.66608%;height: 24px\">3.00%<\/td>\n<\/tr>\n<tr style=\"height: 24px\">\n<td style=\"width: 12.9174%;height: 24px\">IRA CD a 24 meses<\/td>\n<td style=\"width: 9.22671%;height: 24px\">$1,000<\/td>\n<td style=\"width: 11.775%;height: 24px\">$1,000<\/td>\n<td style=\"width: 6.41476%;height: 24px\">2.96%<\/td>\n<td style=\"width: 9.66608%;height: 24px\">3.00%<\/td>\n<\/tr>\n<\/tbody>\n<\/table>\n<p><em>*La tasa promocional es fija durante el per\u00edodo promocional de 90 d\u00edas. Una vez finalizado dicho per\u00edodo, la tasa ser\u00e1 variable y estar\u00e1 sujeta a cambios en cualquier momento, a discreci\u00f3n de City First Bank, sin previo aviso.<\/em><\/p>\n<p><em>*Las tasas de ICS\u00ae y CDARS\u00ae no figuran en la hoja de tasas publicada. Las tasas se establecen en el momento de la inversi\u00f3n en funci\u00f3n de las condiciones del mercado y de factores relacionados con la relaci\u00f3n con el cliente. Comun\u00edquese con un representante de la sucursal de City First m\u00e1s cercana para obtener informaci\u00f3n actualizada sobre las tasas.<\/em><\/p>\n<\/div>\n\n\n\n\t<div id=\"block_34fcccdbbd673b577a69679864c96509\" class=\"split container--horizontal split-size--50 background-color--light-blue background-alignment--right full-width vertical-align--middle\">\n\t\t<!-- Image Error ($image is empty) -->\t\t<div class=\"split__inner-container\">\n\t\t\t\n\n<div id=\"block_f17f49e36642ff15bd6cd322cadec81a\" class=\"image page-width\">\n\t<div class=\"i72-image cover\" role=\"img\" title=\"aula\" aria-label=\"Texto alternativo no disponible\" data-srcset=\"https:\/\/www.cityfirstbank.com\/wp-content\/uploads\/2025\/09\/classroom.jpg 3000w 3000h,https:\/\/www.cityfirstbank.com\/wp-content\/uploads\/2025\/09\/classroom-200x300.jpg 200w 300h,https:\/\/www.cityfirstbank.com\/wp-content\/uploads\/2025\/09\/classroom-768x1152.jpg 768w 1152h,https:\/\/www.cityfirstbank.com\/wp-content\/uploads\/2025\/09\/classroom-683x1024.jpg 683w 1024h,https:\/\/www.cityfirstbank.com\/wp-content\/uploads\/2025\/09\/classroom.jpg 800w 1200h,https:\/\/www.cityfirstbank.com\/wp-content\/uploads\/2025\/09\/classroom.jpg 800w 1200h,https:\/\/www.cityfirstbank.com\/wp-content\/uploads\/2025\/09\/classroom-8x12.jpg 8w 12h,https:\/\/www.cityfirstbank.com\/wp-content\/uploads\/2025\/09\/classroom-100x150.jpg 100w 150h,https:\/\/www.cityfirstbank.com\/wp-content\/uploads\/2025\/09\/classroom.jpg 800w 1200h,https:\/\/www.cityfirstbank.com\/wp-content\/uploads\/2025\/09\/classroom.jpg 800w 1200h\" data-original-width=\"800\" data-original-height=\"1200\"><\/div><\/div>\n\n\r\n<div id=\"block_2fbb3d8acad83d02e68cbe998c89f2e4\" class=\"paragraph paragraph--button align-left page-width\">\r\n\t\t\t<div class=\"paragraph__inner-container\">\r\n\t\t<div class=\"paragraph__text-container\">\r\n\t\t\t\t\t\t\t\t\t\t<div class=\"paragraph__text\"><p>En City First Bank, ofrecemos tasas de dep\u00f3sito competitivas a trav\u00e9s de un conjunto completo de cuentas, dise\u00f1adas para ayudar a empresas, organizaciones sin fines de lucro e individuos a aumentar sus fondos mientras apoyan el desarrollo de la comunidad. Explore nuestras tasas actuales y opciones de cuenta a continuaci\u00f3n.<\/p>\n<\/div>\r\n\t\t\t\t\t<\/div>\r\n\t\t\t\t\t<a class=\"paragraph__button button\" href=\"https:\/\/www.cityfirstbank.com\/es\/speak-with-a-banker\/\" target=\"_self\" aria-label=\"Enlace a: Hable con un banquero\">Hable con un banquero<\/a>\r\n\t\t\t<\/div>\r\n<\/div>\n\n\t\t<\/div>\n\t<\/div>","protected":false},"excerpt":{"rendered":"","protected":false},"author":16,"featured_media":0,"parent":0,"menu_order":0,"comment_status":"closed","ping_status":"closed","template":"","meta":{"_acf_changed":false,"inline_featured_image":false,"footnotes":""},"class_list":["post-1485","page","type-page","status-publish","hentry"],"acf":[],"aioseo_notices":[],"_links":{"self":[{"href":"https:\/\/www.cityfirstbank.com\/es\/wp-json\/wp\/v2\/pages\/1485","targetHints":{"allow":["GET"]}}],"collection":[{"href":"https:\/\/www.cityfirstbank.com\/es\/wp-json\/wp\/v2\/pages"}],"about":[{"href":"https:\/\/www.cityfirstbank.com\/es\/wp-json\/wp\/v2\/types\/page"}],"author":[{"embeddable":true,"href":"https:\/\/www.cityfirstbank.com\/es\/wp-json\/wp\/v2\/users\/16"}],"replies":[{"embeddable":true,"href":"https:\/\/www.cityfirstbank.com\/es\/wp-json\/wp\/v2\/comments?post=1485"}],"version-history":[{"count":25,"href":"https:\/\/www.cityfirstbank.com\/es\/wp-json\/wp\/v2\/pages\/1485\/revisions"}],"predecessor-version":[{"id":3259,"href":"https:\/\/www.cityfirstbank.com\/es\/wp-json\/wp\/v2\/pages\/1485\/revisions\/3259"}],"wp:attachment":[{"href":"https:\/\/www.cityfirstbank.com\/es\/wp-json\/wp\/v2\/media?parent=1485"}],"curies":[{"name":"wp","href":"https:\/\/api.w.org\/{rel}","templated":true}]}}