{"id":1488,"date":"2025-08-26T17:50:21","date_gmt":"2025-08-26T17:50:21","guid":{"rendered":"https:\/\/cityfirstbank.com\/?page_id=1488"},"modified":"2025-10-01T23:13:21","modified_gmt":"2025-10-01T23:13:21","slug":"commercial-impact-business-savings","status":"publish","type":"page","link":"https:\/\/www.cityfirstbank.com\/es\/commercial-impact-business-savings\/","title":{"rendered":"Impacto comercial Ahorro empresarial"},"content":{"rendered":"<div id=\"block_4a8679af59d175e4ddae980cfa518759\" class=\"wysiwyg page-width\"><h2>Ahorros que benefician tanto a usted como a su comunidad: con intereses competitivos y un impacto positivo<\/h2>\n<p>La cuenta de ahorros comercial \u00abCommercial Impact\u00bb* de City First Bank permite a las organizaciones aumentar sus reservas al tiempo que apoyan una banca inclusiva y centrada en la comunidad. Con un bajo monto m\u00ednimo de apertura y una tasa de inter\u00e9s competitiva, esta cuenta es ideal para empresas y organizaciones sin fines de lucro que desean que sus ahorros contribuyan tanto a su misi\u00f3n como a sus resultados financieros.<\/p>\n<p>*Consulte las tasas de dep\u00f3sito para obtener m\u00e1s informaci\u00f3n.<\/p>\n<p>&nbsp;<\/p>\n<h3>Detalles de la cuenta<\/h3>\n<table style=\"border-collapse: collapse;width: 56.8529%\" border=\"1\">\n<tbody>\n<tr>\n<td style=\"width: 37.1311%\">Dep\u00f3sito m\u00ednimo para obtener una tasa de inter\u00e9s competitiva<\/td>\n<td style=\"width: 12.6601%\"><strong>$100.00<\/strong><\/td>\n<\/tr>\n<tr>\n<td style=\"width: 37.1311%\">M\u00ednimo para abrir<\/td>\n<td style=\"width: 12.6601%\"><strong>$250.00<\/strong><\/td>\n<\/tr>\n<tr>\n<td style=\"width: 37.1311%\">Se aplicar\u00e1 un cargo mensual por servicio si el saldo de la cuenta es inferior al m\u00ednimo requerido<\/td>\n<td style=\"width: 12.6601%\"><strong>$5.00<\/strong><\/td>\n<\/tr>\n<tr>\n<td style=\"width: 37.1311%\">Requisito de saldo medio mensual m\u00ednimo<\/td>\n<td style=\"width: 12.6601%\"><strong>$2,500.00<\/strong><\/td>\n<\/tr>\n<tr>\n<td style=\"width: 37.1311%\">Con intereses<\/td>\n<td style=\"width: 12.6601%\"><strong>\u00a1S\u00ed!<\/strong><\/td>\n<\/tr>\n<\/tbody>\n<\/table>\n<p>&nbsp;<\/p>\n<\/div>\n\n\n<div id=\"block_155f6bef97fc8f57a5c5cef2a27197e1\" class=\"link-button align-left page-width\">\n\t<a class=\"button\" href=\"https:\/\/www.cityfirstbank.com\/es\/speak-with-a-banker\/\" target=\"_self\" aria-label=\"Enlace a: Hable con un banquero\">Hable con un banquero<\/a>\n<\/div>\n\n\n<div id=\"block_eef4071726ddbad2e048b37fca2a8172\" class=\"link-button align-left page-width\">\n\t<a class=\"button\" href=\"https:\/\/www.cityfirstbank.com\/es\/appointment-scheduling-dc\/\" target=\"_self\" aria-label=\"Enlace a: Concertar una cita | Washington D. C.\">Concertar una cita | Washington D. C.<\/a>\n<\/div>\n\n\n<div id=\"block_0946b49f7bb70d0db44804832414a1c5\" class=\"link-button align-left page-width\">\n\t<a class=\"button\" href=\"https:\/\/www.cityfirstbank.com\/es\/deposit-rates\/\" target=\"_self\" aria-label=\"Enlace a: Tipos de inter\u00e9s de los dep\u00f3sitos\">Tipos de dep\u00f3sito<\/a>\n<\/div>","protected":false},"excerpt":{"rendered":"","protected":false},"author":16,"featured_media":0,"parent":0,"menu_order":0,"comment_status":"closed","ping_status":"closed","template":"","meta":{"_acf_changed":false,"inline_featured_image":false,"footnotes":""},"class_list":["post-1488","page","type-page","status-publish","hentry"],"acf":[],"aioseo_notices":[],"_links":{"self":[{"href":"https:\/\/www.cityfirstbank.com\/es\/wp-json\/wp\/v2\/pages\/1488","targetHints":{"allow":["GET"]}}],"collection":[{"href":"https:\/\/www.cityfirstbank.com\/es\/wp-json\/wp\/v2\/pages"}],"about":[{"href":"https:\/\/www.cityfirstbank.com\/es\/wp-json\/wp\/v2\/types\/page"}],"author":[{"embeddable":true,"href":"https:\/\/www.cityfirstbank.com\/es\/wp-json\/wp\/v2\/users\/16"}],"replies":[{"embeddable":true,"href":"https:\/\/www.cityfirstbank.com\/es\/wp-json\/wp\/v2\/comments?post=1488"}],"version-history":[{"count":10,"href":"https:\/\/www.cityfirstbank.com\/es\/wp-json\/wp\/v2\/pages\/1488\/revisions"}],"predecessor-version":[{"id":2751,"href":"https:\/\/www.cityfirstbank.com\/es\/wp-json\/wp\/v2\/pages\/1488\/revisions\/2751"}],"wp:attachment":[{"href":"https:\/\/www.cityfirstbank.com\/es\/wp-json\/wp\/v2\/media?parent=1488"}],"curies":[{"name":"wp","href":"https:\/\/api.w.org\/{rel}","templated":true}]}}