{"id":1492,"date":"2025-08-26T17:53:24","date_gmt":"2025-08-26T17:53:24","guid":{"rendered":"https:\/\/cityfirstbank.com\/?page_id=1492"},"modified":"2025-10-01T23:14:19","modified_gmt":"2025-10-01T23:14:19","slug":"cds-for-non-profits-and-businesses","status":"publish","type":"page","link":"https:\/\/www.cityfirstbank.com\/es\/cds-for-non-profits-and-businesses\/","title":{"rendered":"CD para organizaciones sin fines de lucro y empresas"},"content":{"rendered":"<div id=\"block_251d158e51303091ede073ac4b0b59d2\" class=\"wysiwyg page-width\"><h2>El ahorro inteligente empieza aqu\u00ed: certificados de dep\u00f3sito para organizaciones sin fines de lucro y empresas en crecimiento, desde $10,000<\/h2>\n<p>Ayude a su peque\u00f1a empresa u organizaci\u00f3n sin fines de lucro a aumentar sus fondos a lo largo del tiempo con los certificados de dep\u00f3sito de City First Bank*: ofrecen tasas de inter\u00e9s competitivas y plazos flexibles a partir de tan solo 10,000 d\u00f3lares. Pueden aplicarse penalizaciones por retiro anticipado.<\/p>\n<p>*Consulte las tasas de dep\u00f3sito para obtener m\u00e1s informaci\u00f3n.<\/p>\n<p>&nbsp;<\/p>\n<h3><strong>Detalles de la cuenta<\/strong><\/h3>\n<table style=\"border-collapse: collapse;width: 54.7435%\" border=\"1\">\n<tbody>\n<tr>\n<td style=\"width: 20.826%\"><strong>CD normal<\/strong><\/td>\n<td style=\"width: 33.1508%\"><\/td>\n<\/tr>\n<tr>\n<td style=\"width: 20.826%\">M\u00ednimo para abrir<\/td>\n<td style=\"width: 33.1508%\"><strong>$10,000.00<\/strong><\/td>\n<\/tr>\n<tr>\n<td style=\"width: 20.826%\">Plazo y tipo de inter\u00e9s del CD<\/td>\n<td style=\"width: 33.1508%\"><strong>De 3 meses a 5 a\u00f1os<\/strong><\/td>\n<\/tr>\n<tr>\n<td style=\"width: 20.826%\"><strong>CD gigante<\/strong><\/td>\n<td style=\"width: 33.1508%\"><\/td>\n<\/tr>\n<tr>\n<td style=\"width: 20.826%\">M\u00ednimo para abrir<\/td>\n<td style=\"width: 33.1508%\"><strong>$100,000.00<\/strong><\/td>\n<\/tr>\n<tr>\n<td style=\"width: 20.826%\">Plazo y tipo de inter\u00e9s del CD<\/td>\n<td style=\"width: 33.1508%\"><strong>De 3 meses a 5 a\u00f1os<\/strong><\/td>\n<\/tr>\n<\/tbody>\n<\/table>\n<\/div>\n\n\n<div id=\"block_a53f323d67c6ea05a16e67c662e0f55e\" class=\"link-button align-left page-width\">\n\t<a class=\"button\" href=\"https:\/\/www.cityfirstbank.com\/es\/speak-with-a-banker\/\" target=\"_self\" aria-label=\"Enlace a: Hable con un banquero\">Hable con un banquero<\/a>\n<\/div>\n\n\n<div id=\"block_f34b3cdd973ce7999c7e6b9d9f65102d\" class=\"link-button align-left page-width\">\n\t<a class=\"button\" href=\"https:\/\/www.cityfirstbank.com\/es\/appointment-scheduling-dc\/\" target=\"_self\" aria-label=\"Enlace a: Concertar una cita | Washington D. C.\">Concertar una cita | Washington D. C.<\/a>\n<\/div>\n\n\n<div id=\"block_cf9fd73beb35d857578ae15fe8fc9bc6\" class=\"link-button align-left page-width\">\n\t<a class=\"button\" href=\"https:\/\/www.cityfirstbank.com\/es\/deposit-rates\/\" target=\"_self\" aria-label=\"Enlace a: Tipos de inter\u00e9s de los dep\u00f3sitos\">Tipos de dep\u00f3sito<\/a>\n<\/div>","protected":false},"excerpt":{"rendered":"","protected":false},"author":16,"featured_media":0,"parent":0,"menu_order":0,"comment_status":"closed","ping_status":"closed","template":"","meta":{"_acf_changed":false,"inline_featured_image":false,"footnotes":""},"class_list":["post-1492","page","type-page","status-publish","hentry"],"acf":[],"aioseo_notices":[],"_links":{"self":[{"href":"https:\/\/www.cityfirstbank.com\/es\/wp-json\/wp\/v2\/pages\/1492","targetHints":{"allow":["GET"]}}],"collection":[{"href":"https:\/\/www.cityfirstbank.com\/es\/wp-json\/wp\/v2\/pages"}],"about":[{"href":"https:\/\/www.cityfirstbank.com\/es\/wp-json\/wp\/v2\/types\/page"}],"author":[{"embeddable":true,"href":"https:\/\/www.cityfirstbank.com\/es\/wp-json\/wp\/v2\/users\/16"}],"replies":[{"embeddable":true,"href":"https:\/\/www.cityfirstbank.com\/es\/wp-json\/wp\/v2\/comments?post=1492"}],"version-history":[{"count":15,"href":"https:\/\/www.cityfirstbank.com\/es\/wp-json\/wp\/v2\/pages\/1492\/revisions"}],"predecessor-version":[{"id":2752,"href":"https:\/\/www.cityfirstbank.com\/es\/wp-json\/wp\/v2\/pages\/1492\/revisions\/2752"}],"wp:attachment":[{"href":"https:\/\/www.cityfirstbank.com\/es\/wp-json\/wp\/v2\/media?parent=1492"}],"curies":[{"name":"wp","href":"https:\/\/api.w.org\/{rel}","templated":true}]}}