{"id":1496,"date":"2025-08-26T17:55:25","date_gmt":"2025-08-26T17:55:25","guid":{"rendered":"https:\/\/cityfirstbank.com\/?page_id=1496"},"modified":"2025-10-01T23:15:35","modified_gmt":"2025-10-01T23:15:35","slug":"nonprofit-money-market-account","status":"publish","type":"page","link":"https:\/\/www.cityfirstbank.com\/es\/nonprofit-money-market-account\/","title":{"rendered":"Cuenta del mercado monetario sin \u00e1nimo de lucro"},"content":{"rendered":"<div id=\"block_c733e33ddb2e4eef2574f4ad837406a7\" class=\"wysiwyg page-width\"><h2>Haz crecer tu misi\u00f3n con intereses escalonados y acceso flexible<\/h2>\n<p>La exclusiva cuenta de mercado monetario para organizaciones sin fines de lucro* de City First Bank ofrece tasas de inter\u00e9s competitivas por tramos y permite hasta seis retiros mensuales**, lo que la convierte en la opci\u00f3n ideal para maximizar la rentabilidad y gestionar la liquidez.<\/p>\n<p>*Consulte las tasas de dep\u00f3sito para obtener m\u00e1s informaci\u00f3n.<\/p>\n<p>**Las normas federales limitan el n\u00famero de retiros y\/o transferencias desde cuentas de ahorro o del mercado monetario.<\/p>\n<p>&nbsp;<\/p>\n<h3>Detalles de la cuenta<\/h3>\n<table style=\"border-collapse: collapse;width: 59.4035%\" border=\"1\">\n<tbody>\n<tr>\n<td style=\"width: 38.225%\">M\u00ednimo para abrir<\/td>\n<td style=\"width: 20.2614%\"><strong>$10,000.00<\/strong><\/td>\n<\/tr>\n<tr>\n<td style=\"width: 38.225%\">Se aplicar\u00e1 un cargo mensual por servicio si el saldo de la cuenta cae por debajo del m\u00ednimo requerido.<\/td>\n<td style=\"width: 20.2614%\"><strong>$8.00<\/strong><\/td>\n<\/tr>\n<tr>\n<td style=\"width: 38.225%\">Requisito de saldo medio mensual m\u00ednimo<\/td>\n<td style=\"width: 20.2614%\"><strong>$1,000.00<\/strong><\/td>\n<\/tr>\n<tr>\n<td style=\"width: 38.225%\">Con intereses, tipo de inter\u00e9s escalonado en funci\u00f3n del saldo de la cuenta<\/td>\n<td style=\"width: 20.2614%\"><strong>\u00a1S\u00ed!<\/strong><\/td>\n<\/tr>\n<\/tbody>\n<\/table>\n<p>&nbsp;<\/p>\n<\/div>\n\n\n<div id=\"block_9c014bd5d09cc8c6674b4bd26f8105a0\" class=\"link-button align-left page-width\">\n\t<a class=\"button\" href=\"https:\/\/www.cityfirstbank.com\/es\/speak-with-a-banker\/\" target=\"_self\" aria-label=\"Enlace a: Hable con un banquero\">Hable con un banquero<\/a>\n<\/div>\n\n\n<div id=\"block_6880577e7e79f4f755fed9f997360ab5\" class=\"link-button align-left page-width\">\n\t<a class=\"button\" href=\"https:\/\/www.cityfirstbank.com\/es\/appointment-scheduling-dc\/\" target=\"_self\" aria-label=\"Enlace a: Concertar una cita | Washington D. C.\">Concertar una cita | Washington D. C.<\/a>\n<\/div>\n\n\n<div id=\"block_936c5f400e32d388b35042dd52ad3c1e\" class=\"link-button align-left page-width\">\n\t<a class=\"button\" href=\"https:\/\/www.cityfirstbank.com\/es\/deposit-rates\/\" target=\"_self\" aria-label=\"Enlace a: Tipos de inter\u00e9s de los dep\u00f3sitos\">Tipos de dep\u00f3sito<\/a>\n<\/div>","protected":false},"excerpt":{"rendered":"","protected":false},"author":16,"featured_media":0,"parent":0,"menu_order":0,"comment_status":"closed","ping_status":"closed","template":"","meta":{"_acf_changed":false,"inline_featured_image":false,"footnotes":""},"class_list":["post-1496","page","type-page","status-publish","hentry"],"acf":[],"aioseo_notices":[],"_links":{"self":[{"href":"https:\/\/www.cityfirstbank.com\/es\/wp-json\/wp\/v2\/pages\/1496","targetHints":{"allow":["GET"]}}],"collection":[{"href":"https:\/\/www.cityfirstbank.com\/es\/wp-json\/wp\/v2\/pages"}],"about":[{"href":"https:\/\/www.cityfirstbank.com\/es\/wp-json\/wp\/v2\/types\/page"}],"author":[{"embeddable":true,"href":"https:\/\/www.cityfirstbank.com\/es\/wp-json\/wp\/v2\/users\/16"}],"replies":[{"embeddable":true,"href":"https:\/\/www.cityfirstbank.com\/es\/wp-json\/wp\/v2\/comments?post=1496"}],"version-history":[{"count":8,"href":"https:\/\/www.cityfirstbank.com\/es\/wp-json\/wp\/v2\/pages\/1496\/revisions"}],"predecessor-version":[{"id":2753,"href":"https:\/\/www.cityfirstbank.com\/es\/wp-json\/wp\/v2\/pages\/1496\/revisions\/2753"}],"wp:attachment":[{"href":"https:\/\/www.cityfirstbank.com\/es\/wp-json\/wp\/v2\/media?parent=1496"}],"curies":[{"name":"wp","href":"https:\/\/api.w.org\/{rel}","templated":true}]}}