{"id":1510,"date":"2025-08-26T19:54:39","date_gmt":"2025-08-26T19:54:39","guid":{"rendered":"https:\/\/cityfirstbank.com\/?page_id=1510"},"modified":"2025-11-06T21:08:29","modified_gmt":"2025-11-06T21:08:29","slug":"lending","status":"publish","type":"page","link":"https:\/\/www.cityfirstbank.com\/es\/lending\/","title":{"rendered":"Productos de pr\u00e9stamo comercial"},"content":{"rendered":"<div id=\"block_8536e8b7403b12c632351540b247d89c\" class=\"wysiwyg page-width\"><h2>Financiar el crecimiento. Impulsar el impacto comunitario.<\/h2>\n<p>City First Bank ofrece soluciones de financiaci\u00f3n personalizadas para promotores de viviendas asequibles, peque\u00f1as empresas, organizaciones sin \u00e1nimo de lucro y empresas propiedad de minor\u00edas, potenciando las econom\u00edas locales mediante capital estrat\u00e9gico y experiencia de confianza.<\/p>\n<\/div>\n\n\n\n\t<div id=\"block_ac427756442b4d7dbb23951ffc50553a\" class=\"split container--horizontal split-size--50 background-color--light-blue background-alignment--left full-width vertical-align--middle\">\n\t\t<!-- Image Error ($image is empty) -->\t\t<div class=\"split__inner-container\">\n\t\t\t\n\r\n<div id=\"block_9d01b016259d28da3e09fb3d2822ec79\" class=\"wysiwyg page-width\"><p>El desarrollo de negocios est\u00e1 en el centro de la misi\u00f3n de City First Bank. Nos especializamos en ofrecer soluciones de financiamiento personalizadas para desarrolladores de vivienda asequible, peque\u00f1as empresas, organizaciones sin fines de lucro comunitarias y empresas propiedad de minor\u00edas. Nuestro objetivo es expandir el acceso al capital para las empresas, permiti\u00e9ndoles construir, crecer y servir a las comunidades locales. Somos un l\u00edder de confianza en financiamiento de Cr\u00e9ditos Fiscales para Nuevos Mercados (NMTC) y Cr\u00e9ditos Fiscales para Viviendas de Bajos Ingresos (LIHTC).<\/p>\n<\/div>\n\n\n<div id=\"block_b44308d2ef41fb56af097a7d56e607dc\" class=\"image page-width\">\n\t<div class=\"i72-image cover\" role=\"img\" title=\"Sede del City First Bank\" aria-label=\"Sede del City First Bank\" data-srcset=\"https:\/\/www.cityfirstbank.com\/wp-content\/uploads\/2025\/09\/ust.jpg 3000w 3000h,https:\/\/www.cityfirstbank.com\/wp-content\/uploads\/2025\/09\/ust-201x300.jpg 201w 300h,https:\/\/www.cityfirstbank.com\/wp-content\/uploads\/2025\/09\/ust-768x1144.jpg 768w 1144h,https:\/\/www.cityfirstbank.com\/wp-content\/uploads\/2025\/09\/ust-687x1024.jpg 687w 1024h,https:\/\/www.cityfirstbank.com\/wp-content\/uploads\/2025\/09\/ust.jpg 800w 1192h,https:\/\/www.cityfirstbank.com\/wp-content\/uploads\/2025\/09\/ust.jpg 800w 1192h,https:\/\/www.cityfirstbank.com\/wp-content\/uploads\/2025\/09\/ust-8x12.jpg 8w 12h,https:\/\/www.cityfirstbank.com\/wp-content\/uploads\/2025\/09\/ust-101x150.jpg 101w 150h,https:\/\/www.cityfirstbank.com\/wp-content\/uploads\/2025\/09\/ust.jpg 800w 1192h,https:\/\/www.cityfirstbank.com\/wp-content\/uploads\/2025\/09\/ust.jpg 800w 1192h\" data-original-width=\"800\" data-original-height=\"1192\"><\/div><\/div>\n\n\t\t<\/div>\n\t<\/div>\n\n\n\n\n\n\t<div id=\"block_f101b432a756ff32a28a4bcce82d5211\" class=\"split container--horizontal split-size--50 background-color--none background-alignment--full page-width vertical-align--top\">\n\t\t<!-- Image Error ($image is empty) -->\t\t<div class=\"split__inner-container\">\n\t\t\t\n\r\n<div id=\"block_3d896075c83989bb3b8f32a69e347207\" class=\"wysiwyg page-width\"><h2>Explore nuestros productos de pr\u00e9stamo<\/h2>\n<\/div>\n\n\n<div id=\"block_b6c75adb6407288109576d29c06f9450\" class=\"link-list page-width\">\n\t\t\t<ul class=\"link-list__list\">\n\t\t\t\t\t\t\t\t<li class=\"link-list__item\">\n\t\t\t\t\t\t<a class=\"link-list__link\" href=\"https:\/\/www.cityfirstbank.com\/es\/lending\/affordable-housing-noah-lending\/\" target=\"_self\" aria-label=\"Enlace a: Viviendas asequibles y pr\u00e9stamos NOAH\">Viviendas asequibles y pr\u00e9stamos NOAH<\/a>\n\t\t\t\t\t<\/li>\n\t\t\t\t\t\t\t\t\t<li class=\"link-list__item\">\n\t\t\t\t\t\t<a class=\"link-list__link\" href=\"https:\/\/www.cityfirstbank.com\/es\/nonprofit-financing-for-community-impact\/\" target=\"_self\" aria-label=\"Enlace a: Financiaci\u00f3n sin \u00e1nimo de lucro para el impacto comunitario\">Financiaci\u00f3n sin \u00e1nimo de lucro para el impacto comunitario<\/a>\n\t\t\t\t\t<\/li>\n\t\t\t\t\t\t\t\t\t<li class=\"link-list__item\">\n\t\t\t\t\t\t<a class=\"link-list__link\" href=\"https:\/\/www.cityfirstbank.com\/es\/financing-for-businesses\/\" target=\"_self\" aria-label=\"Enlace a: Financiaci\u00f3n para empresas\">Financiaci\u00f3n para empresas<\/a>\n\t\t\t\t\t<\/li>\n\t\t\t\t\t\t\t\t\t<li class=\"link-list__item\">\n\t\t\t\t\t\t<a class=\"link-list__link\" href=\"https:\/\/www.cityfirstbank.com\/es\/treasury-pace-financing-for-nonprofits\/\" target=\"_self\" aria-label=\"Enlace a: Financiaci\u00f3n PACE\">Financiaci\u00f3n PACE<\/a>\n\t\t\t\t\t<\/li>\n\t\t\t\t\t\t<\/ul>\n\t<\/div>\n\n\n\t\t<\/div>\n\t<\/div>\n\n\n\n\n\n\t<div id=\"block_6227beaa87769fcd941bcd882f139ddd\" class=\"split container--horizontal split-size--50 background-color--light-blue background-alignment--right full-width vertical-align--middle\">\n\t\t<!-- Image Error ($image is empty) -->\t\t<div class=\"split__inner-container\">\n\t\t\t\n\n<div id=\"block_9b3289379e4c72e247ba6cb5e94b3722\" class=\"image page-width\">\n\t<div class=\"i72-image cover\" role=\"img\" title=\"Un hangar de aviones con la puerta grande abierta\" aria-label=\"Un hangar de aviones con la puerta grande abierta\" data-srcset=\"https:\/\/www.cityfirstbank.com\/wp-content\/uploads\/2025\/08\/mael-balland-T86GhJkpPaQ-unsplash-scaled.jpg 3000w 3000h,https:\/\/www.cityfirstbank.com\/wp-content\/uploads\/2025\/08\/mael-balland-T86GhJkpPaQ-unsplash-scaled.jpg 300w 200h,https:\/\/www.cityfirstbank.com\/wp-content\/uploads\/2025\/08\/mael-balland-T86GhJkpPaQ-unsplash-scaled.jpg 768w 512h,https:\/\/www.cityfirstbank.com\/wp-content\/uploads\/2025\/08\/mael-balland-T86GhJkpPaQ-unsplash-scaled.jpg 1024w 683h,https:\/\/www.cityfirstbank.com\/wp-content\/uploads\/2025\/08\/mael-balland-T86GhJkpPaQ-unsplash-scaled.jpg 1536w 1024h,https:\/\/www.cityfirstbank.com\/wp-content\/uploads\/2025\/08\/mael-balland-T86GhJkpPaQ-unsplash-scaled.jpg 2048w 1366h,https:\/\/www.cityfirstbank.com\/wp-content\/uploads\/2025\/08\/mael-balland-T86GhJkpPaQ-unsplash-scaled.jpg 18w 12h,https:\/\/www.cityfirstbank.com\/wp-content\/uploads\/2025\/08\/mael-balland-T86GhJkpPaQ-unsplash-scaled.jpg 150w 100h,https:\/\/www.cityfirstbank.com\/wp-content\/uploads\/2025\/08\/mael-balland-T86GhJkpPaQ-unsplash-scaled.jpg 1280w 854h,https:\/\/www.cityfirstbank.com\/wp-content\/uploads\/2025\/08\/mael-balland-T86GhJkpPaQ-unsplash-scaled.jpg 2560w 1707h\" data-original-width=\"2560\" data-original-height=\"1707\"><\/div><\/div>\n\n\r\n<div id=\"block_ac6956ebf85e09ab3ce61675adca478e\" class=\"paragraph paragraph--button align-left page-width\">\r\n\t\t\t<div class=\"paragraph__inner-container\">\r\n\t\t<div class=\"paragraph__text-container\">\r\n\t\t\t\t\t\t\t\t\t\t<div class=\"paragraph__text\"><p>City First ofrece un conjunto completo de opciones de financiaci\u00f3n comercial, incluyendo:<\/p>\n<ul>\n<li>L\u00edneas de cr\u00e9dito para capital circulante<\/li>\n<li>Pr\u00e9stamos a plazo para existencias o equipos<\/li>\n<li>Pr\u00e9stamos inmobiliarios comerciales para la adquisici\u00f3n de propiedades<\/li>\n<li>Cartas de cr\u00e9dito contingente<\/li>\n<li>V\u00edas de pr\u00e9stamos garantizados por la SBA<\/li>\n<li>Pr\u00e9stamos fuente de apalancamiento y<\/li>\n<li>Pr\u00e9stamos ecol\u00f3gicos a trav\u00e9s del programa PACE (Property Assessed Clean Energy)<\/li>\n<\/ul>\n<p>Nuestro experimentado equipo trabaja en estrecha colaboraci\u00f3n con cada cliente, organizando estrategias de financiaci\u00f3n a medida dise\u00f1adas para alcanzar objetivos empresariales \u00fanicos y apoyar el impacto comunitario a largo plazo.<\/p>\n<\/div>\r\n\t\t\t\t\t<\/div>\r\n\t\t\t\t\t<a class=\"paragraph__button button\" href=\"https:\/\/www.cityfirstbank.com\/es\/speak-with-a-banker\/\" target=\"_self\" aria-label=\"Enlace a: Hable con un banquero\">Hable con un banquero<\/a>\r\n\t\t\t<\/div>\r\n<\/div>\n\n\t\t<\/div>\n\t<\/div>\n\n\n\n\n<div id=\"block_f93d3fbb01133bfa68157e3d506eaafa\" class=\"link-button align-left page-width\">\n\t<a class=\"button\" href=\"https:\/\/www.cityfirstbank.com\/es\/appointment-scheduling-dc\/\" target=\"_self\" aria-label=\"Enlace a: Concertar una cita | Washington D. C.\">Concertar una cita | Washington D. C.<\/a>\n<\/div>","protected":false},"excerpt":{"rendered":"","protected":false},"author":16,"featured_media":0,"parent":0,"menu_order":0,"comment_status":"closed","ping_status":"closed","template":"","meta":{"_acf_changed":false,"inline_featured_image":false,"footnotes":""},"class_list":["post-1510","page","type-page","status-publish","hentry"],"acf":[],"aioseo_notices":[],"_links":{"self":[{"href":"https:\/\/www.cityfirstbank.com\/es\/wp-json\/wp\/v2\/pages\/1510","targetHints":{"allow":["GET"]}}],"collection":[{"href":"https:\/\/www.cityfirstbank.com\/es\/wp-json\/wp\/v2\/pages"}],"about":[{"href":"https:\/\/www.cityfirstbank.com\/es\/wp-json\/wp\/v2\/types\/page"}],"author":[{"embeddable":true,"href":"https:\/\/www.cityfirstbank.com\/es\/wp-json\/wp\/v2\/users\/16"}],"replies":[{"embeddable":true,"href":"https:\/\/www.cityfirstbank.com\/es\/wp-json\/wp\/v2\/comments?post=1510"}],"version-history":[{"count":24,"href":"https:\/\/www.cityfirstbank.com\/es\/wp-json\/wp\/v2\/pages\/1510\/revisions"}],"predecessor-version":[{"id":3013,"href":"https:\/\/www.cityfirstbank.com\/es\/wp-json\/wp\/v2\/pages\/1510\/revisions\/3013"}],"wp:attachment":[{"href":"https:\/\/www.cityfirstbank.com\/es\/wp-json\/wp\/v2\/media?parent=1510"}],"curies":[{"name":"wp","href":"https:\/\/api.w.org\/{rel}","templated":true}]}}