{"id":1514,"date":"2025-08-26T19:58:51","date_gmt":"2025-08-26T19:58:51","guid":{"rendered":"https:\/\/cityfirstbank.com\/?page_id=1514"},"modified":"2025-10-02T03:48:57","modified_gmt":"2025-10-02T03:48:57","slug":"nonprofit-financing-for-community-impact","status":"publish","type":"page","link":"https:\/\/www.cityfirstbank.com\/es\/nonprofit-financing-for-community-impact\/","title":{"rendered":"Financiaci\u00f3n sin \u00e1nimo de lucro para el impacto comunitario"},"content":{"rendered":"<div id=\"block_ce234023500cdd7610a61510f2cd0073\" class=\"wysiwyg page-width\"><h2>Financiamiento de organizaciones sin fines de lucro para construir comunidades m\u00e1s s\u00f3lidas: proyecto a proyecto<\/h2>\n<p>City First Bank se especializa en la financiaci\u00f3n de inmuebles comerciales, pr\u00e9stamos a plazo y l\u00edneas de cr\u00e9dito para organizaciones sin fines de lucro, con el fin de apoyar el desarrollo y la expansi\u00f3n de instalaciones ocupadas por sus propietarios que prestan servicios a comunidades urbanas de mayor\u00eda minoritaria y de bajos ingresos. Nuestros clientes sin fines de lucro construyen espacios de gran impacto, como centros de atenci\u00f3n m\u00e9dica, escuelas aut\u00f3nomas, organizaciones art\u00edsticas e instalaciones de servicios sociales.<\/p>\n<p>&nbsp;<\/p>\n<p><a href=\"https:\/\/cityfirstbank.com\/wp-content\/uploads\/2025\/09\/Product-Grid_Charter-Schools_Final.docx-1.pdf\">Descripci\u00f3n general de las escuelas aut\u00f3nomas<\/a><\/p>\n<p><a href=\"https:\/\/cityfirstbank.com\/wp-content\/uploads\/2025\/09\/Product-Grid_Not-for-Profit_Final.docx-1.pdf\">Descripci\u00f3n general de las organizaciones sin fines de lucro<\/a><\/p>\n<\/div>\n\n\n<div id=\"block_aa5a78a090f6540228030fa44492b318\" class=\"link-button align-left page-width\">\n\t<a class=\"button\" href=\"https:\/\/www.cityfirstbank.com\/es\/speak-with-a-banker\/\" target=\"_blank\" aria-label=\"Enlace a: Hable con un banquero\">Hable con un banquero<\/a>\n<\/div>\n\n\n<div id=\"block_857e0396c6382dcc97692103995e0415\" class=\"link-button align-left page-width\">\n\t<a class=\"button\" href=\"https:\/\/www.cityfirstbank.com\/es\/appointment-scheduling-dc\/\" target=\"_blank\" aria-label=\"Enlace a: Concertar una cita | Washington D. C.\">Concertar una cita | Washington D. C.<\/a>\n<\/div>","protected":false},"excerpt":{"rendered":"","protected":false},"author":16,"featured_media":0,"parent":0,"menu_order":0,"comment_status":"closed","ping_status":"closed","template":"","meta":{"_acf_changed":false,"inline_featured_image":false,"footnotes":""},"class_list":["post-1514","page","type-page","status-publish","hentry"],"acf":[],"aioseo_notices":[],"_links":{"self":[{"href":"https:\/\/www.cityfirstbank.com\/es\/wp-json\/wp\/v2\/pages\/1514","targetHints":{"allow":["GET"]}}],"collection":[{"href":"https:\/\/www.cityfirstbank.com\/es\/wp-json\/wp\/v2\/pages"}],"about":[{"href":"https:\/\/www.cityfirstbank.com\/es\/wp-json\/wp\/v2\/types\/page"}],"author":[{"embeddable":true,"href":"https:\/\/www.cityfirstbank.com\/es\/wp-json\/wp\/v2\/users\/16"}],"replies":[{"embeddable":true,"href":"https:\/\/www.cityfirstbank.com\/es\/wp-json\/wp\/v2\/comments?post=1514"}],"version-history":[{"count":7,"href":"https:\/\/www.cityfirstbank.com\/es\/wp-json\/wp\/v2\/pages\/1514\/revisions"}],"predecessor-version":[{"id":2776,"href":"https:\/\/www.cityfirstbank.com\/es\/wp-json\/wp\/v2\/pages\/1514\/revisions\/2776"}],"wp:attachment":[{"href":"https:\/\/www.cityfirstbank.com\/es\/wp-json\/wp\/v2\/media?parent=1514"}],"curies":[{"name":"wp","href":"https:\/\/api.w.org\/{rel}","templated":true}]}}