{"id":1516,"date":"2025-08-26T20:00:23","date_gmt":"2025-08-26T20:00:23","guid":{"rendered":"https:\/\/cityfirstbank.com\/?page_id=1516"},"modified":"2025-10-02T03:49:55","modified_gmt":"2025-10-02T03:49:55","slug":"financing-for-businesses","status":"publish","type":"page","link":"https:\/\/www.cityfirstbank.com\/es\/financing-for-businesses\/","title":{"rendered":"Financiaci\u00f3n para empresas"},"content":{"rendered":"<div id=\"block_2723bbb33a7d7458da4d1c9d241b1db8\" class=\"wysiwyg page-width\"><h2>Impulsamos el crecimiento de las empresas con soluciones de financiamiento a medida<\/h2>\n<p>City First Bank ofrece a las empresas soluciones de financiamiento a medida para la adquisici\u00f3n de inmuebles comerciales, la compra de equipos y el capital de giro. Ayudamos a las empresas con ingresos inferiores a 25 millones de pesos a convertirse en propietarios-ocupantes o a seguir si\u00e9ndolo, impulsando as\u00ed su crecimiento y su \u00e9xito a largo plazo.<\/p>\n<p>&nbsp;<\/p>\n<p><a href=\"https:\/\/cityfirstbank.com\/wp-content\/uploads\/2025\/09\/Product-Grid_Small-Business_Final.docx-1.pdf\">Resumen de pr\u00e9stamos para empresas<\/a><\/p>\n<\/div>\n\n\n<div id=\"block_fd1947e7310f9d180970ba1e98d78186\" class=\"link-button align-left page-width\">\n\t<a class=\"button\" href=\"https:\/\/www.cityfirstbank.com\/es\/speak-with-a-banker\/\" target=\"_self\" aria-label=\"Enlace a: Hable con un banquero\">Hable con un banquero<\/a>\n<\/div>\n\n\n<div id=\"block_16f8d8c42031f463e6a811660274e066\" class=\"link-button align-left page-width\">\n\t<a class=\"button\" href=\"https:\/\/www.cityfirstbank.com\/es\/appointment-scheduling-dc\/\" target=\"_self\" aria-label=\"Enlace a: Concertar una cita | Washington D. C.\">Concertar una cita | Washington D. C.<\/a>\n<\/div>","protected":false},"excerpt":{"rendered":"","protected":false},"author":16,"featured_media":0,"parent":0,"menu_order":0,"comment_status":"closed","ping_status":"closed","template":"","meta":{"_acf_changed":false,"inline_featured_image":false,"footnotes":""},"class_list":["post-1516","page","type-page","status-publish","hentry"],"acf":[],"aioseo_notices":[],"_links":{"self":[{"href":"https:\/\/www.cityfirstbank.com\/es\/wp-json\/wp\/v2\/pages\/1516","targetHints":{"allow":["GET"]}}],"collection":[{"href":"https:\/\/www.cityfirstbank.com\/es\/wp-json\/wp\/v2\/pages"}],"about":[{"href":"https:\/\/www.cityfirstbank.com\/es\/wp-json\/wp\/v2\/types\/page"}],"author":[{"embeddable":true,"href":"https:\/\/www.cityfirstbank.com\/es\/wp-json\/wp\/v2\/users\/16"}],"replies":[{"embeddable":true,"href":"https:\/\/www.cityfirstbank.com\/es\/wp-json\/wp\/v2\/comments?post=1516"}],"version-history":[{"count":7,"href":"https:\/\/www.cityfirstbank.com\/es\/wp-json\/wp\/v2\/pages\/1516\/revisions"}],"predecessor-version":[{"id":2777,"href":"https:\/\/www.cityfirstbank.com\/es\/wp-json\/wp\/v2\/pages\/1516\/revisions\/2777"}],"wp:attachment":[{"href":"https:\/\/www.cityfirstbank.com\/es\/wp-json\/wp\/v2\/media?parent=1516"}],"curies":[{"name":"wp","href":"https:\/\/api.w.org\/{rel}","templated":true}]}}