{"id":1534,"date":"2025-08-29T17:24:53","date_gmt":"2025-08-29T17:24:53","guid":{"rendered":"https:\/\/cityfirstbank.com\/?page_id=1534"},"modified":"2025-09-29T18:08:11","modified_gmt":"2025-09-29T18:08:11","slug":"treasury","status":"publish","type":"page","link":"https:\/\/www.cityfirstbank.com\/es\/treasury\/","title":{"rendered":"Productos comerciales de tesorer\u00eda"},"content":{"rendered":"<div id=\"block_5a20dcf11814c103717337487b707bd8\" class=\"wysiwyg page-width\"><h2>Gesti\u00f3n de tesorer\u00eda personalizada para empresas y organizaciones sin fines de lucro que impulsan nuestras comunidades<\/h2>\n<p>City First Bank se compromete a impulsar un crecimiento econ\u00f3mico inclusivo mediante el apoyo a las peque\u00f1as empresas, las organizaciones sin fines de lucro y los depositantes que comparten nuestra misi\u00f3n. Nos especializamos en atender a clientes que dan prioridad a la salud financiera de sus comunidades locales.<\/p>\n<p>Nuestros gestores de relaciones colaboran con usted para crear soluciones bancarias a medida que se adapten a las necesidades de su negocio, ofreci\u00e9ndole un servicio personalizado que le permita alcanzar el \u00e9xito financiero a largo plazo.<\/p>\n<\/div>\n\n\n\n\t<div id=\"block_15139b7fc4033b8660abf59734454350\" class=\"split container--horizontal split-size--50 background-color--light-blue background-alignment--full full-width vertical-align--top\">\n\t\t<!-- Image Error ($image is empty) -->\t\t<div class=\"split__inner-container\">\n\t\t\t\n\r\n<div id=\"block_dfbe7eccdcb20409370021fe4966ca57\" class=\"wysiwyg page-width\"><h2>Descubra nuestros productos de tesorer\u00eda<\/h2>\n<\/div>\n\n\n<div id=\"block_31281d0fe4806f891d3a6ef0ccdd2584\" class=\"link-list page-width\">\n\t\t\t<ul class=\"link-list__list\">\n\t\t\t\t\t\t\t\t<li class=\"link-list__item\">\n\t\t\t\t\t\t<a class=\"link-list__link\" href=\"https:\/\/www.cityfirstbank.com\/es\/automated-payroll-payment-solutions\/\" target=\"_self\" aria-label=\"Enlace a: Soluciones automatizadas de n\u00f3mina y pagos\">Soluciones automatizadas de n\u00f3mina y pagos<\/a>\n\t\t\t\t\t<\/li>\n\t\t\t\t\t\t\t\t\t<li class=\"link-list__item\">\n\t\t\t\t\t\t<a class=\"link-list__link\" href=\"https:\/\/www.cityfirstbank.com\/es\/positive-pay-for-fraud-prevention\/\" target=\"_self\" aria-label=\"Enlace a: Positive Pay para la prevenci\u00f3n del fraude\">\u00abPositive Pay\u00bb para la prevenci\u00f3n del fraude<\/a>\n\t\t\t\t\t<\/li>\n\t\t\t\t\t\t\t\t\t<li class=\"link-list__item\">\n\t\t\t\t\t\t<a class=\"link-list__link\" href=\"https:\/\/www.cityfirstbank.com\/es\/mobile-check-deposit\/\" target=\"_self\" aria-label=\"Enlace a: Dep\u00f3sito de cheques desde el m\u00f3vil\">Dep\u00f3sito de cheques desde el celular<\/a>\n\t\t\t\t\t<\/li>\n\t\t\t\t\t\t\t\t\t<li class=\"link-list__item\">\n\t\t\t\t\t\t<a class=\"link-list__link\" href=\"https:\/\/www.cityfirstbank.com\/es\/mobile-remote-check-deposit\/\" target=\"_self\" aria-label=\"Enlace a: Dep\u00f3sito de cheques m\u00f3vil y remoto\">Dep\u00f3sito de cheques por m\u00f3vil y a distancia<\/a>\n\t\t\t\t\t<\/li>\n\t\t\t\t\t\t\t\t\t<li class=\"link-list__item\">\n\t\t\t\t\t\t<a class=\"link-list__link\" href=\"https:\/\/www.cityfirstbank.com\/es\/payment-processing\/\" target=\"_self\" aria-label=\"Enlace a: Procesamiento de pagos\">Procesamiento de pagos<\/a>\n\t\t\t\t\t<\/li>\n\t\t\t\t\t\t\t\t\t<li class=\"link-list__item\">\n\t\t\t\t\t\t<a class=\"link-list__link\" href=\"https:\/\/www.cityfirstbank.com\/es\/sweeps\/\" target=\"_self\" aria-label=\"Enlace a: Sweeps\">Barreduras<\/a>\n\t\t\t\t\t<\/li>\n\t\t\t\t\t\t<\/ul>\n\t<\/div>\n\n\n\t\t<\/div>\n\t<\/div>","protected":false},"excerpt":{"rendered":"","protected":false},"author":16,"featured_media":0,"parent":0,"menu_order":0,"comment_status":"closed","ping_status":"closed","template":"","meta":{"_acf_changed":false,"inline_featured_image":false,"footnotes":""},"class_list":["post-1534","page","type-page","status-publish","hentry"],"acf":[],"aioseo_notices":[],"_links":{"self":[{"href":"https:\/\/www.cityfirstbank.com\/es\/wp-json\/wp\/v2\/pages\/1534","targetHints":{"allow":["GET"]}}],"collection":[{"href":"https:\/\/www.cityfirstbank.com\/es\/wp-json\/wp\/v2\/pages"}],"about":[{"href":"https:\/\/www.cityfirstbank.com\/es\/wp-json\/wp\/v2\/types\/page"}],"author":[{"embeddable":true,"href":"https:\/\/www.cityfirstbank.com\/es\/wp-json\/wp\/v2\/users\/16"}],"replies":[{"embeddable":true,"href":"https:\/\/www.cityfirstbank.com\/es\/wp-json\/wp\/v2\/comments?post=1534"}],"version-history":[{"count":13,"href":"https:\/\/www.cityfirstbank.com\/es\/wp-json\/wp\/v2\/pages\/1534\/revisions"}],"predecessor-version":[{"id":3087,"href":"https:\/\/www.cityfirstbank.com\/es\/wp-json\/wp\/v2\/pages\/1534\/revisions\/3087"}],"wp:attachment":[{"href":"https:\/\/www.cityfirstbank.com\/es\/wp-json\/wp\/v2\/media?parent=1534"}],"curies":[{"name":"wp","href":"https:\/\/api.w.org\/{rel}","templated":true}]}}