{"id":1565,"date":"2025-08-29T19:02:07","date_gmt":"2025-08-29T19:02:07","guid":{"rendered":"https:\/\/cityfirstbank.com\/?page_id=1565"},"modified":"2025-09-04T13:56:16","modified_gmt":"2025-09-04T13:56:16","slug":"automated-payroll-payment-solutions","status":"publish","type":"page","link":"https:\/\/www.cityfirstbank.com\/es\/automated-payroll-payment-solutions\/","title":{"rendered":"Automated Payroll &#038; Payment Solutions"},"content":{"rendered":"<div id=\"block_b77cd20eeaa291e1eec36afd572ea324\" class=\"wysiwyg page-width\"><h2>Optimice la gesti\u00f3n de n\u00f3minas y pagos con la domiciliaci\u00f3n bancaria y los cobros automatizados<\/h2>\n<p>Optimice la gesti\u00f3n de n\u00f3minas y cobros con servicios de dep\u00f3sito directo y pago automatizado: deposite de forma segura los sueldos de los empleados y cobre cuotas de comunidades de propietarios, alquileres o contribuciones con el consentimiento del cliente, todo ello sin necesidad de papel.<\/p>\n<\/div>\n\n\n<div id=\"block_6ebdde2f1a0ed008bb3783083eef2242\" class=\"link-button align-left page-width\">\n\t<a class=\"button\" href=\"https:\/\/www.cityfirstbank.com\/es\/speak-with-a-banker\/\" target=\"_blank\" aria-label=\"Enlace a: Hable con un banquero\">Hable con un banquero<\/a>\n<\/div>","protected":false},"excerpt":{"rendered":"","protected":false},"author":16,"featured_media":0,"parent":0,"menu_order":0,"comment_status":"closed","ping_status":"closed","template":"","meta":{"_acf_changed":false,"inline_featured_image":false,"footnotes":""},"class_list":["post-1565","page","type-page","status-publish","hentry"],"acf":[],"aioseo_notices":[],"_links":{"self":[{"href":"https:\/\/www.cityfirstbank.com\/es\/wp-json\/wp\/v2\/pages\/1565","targetHints":{"allow":["GET"]}}],"collection":[{"href":"https:\/\/www.cityfirstbank.com\/es\/wp-json\/wp\/v2\/pages"}],"about":[{"href":"https:\/\/www.cityfirstbank.com\/es\/wp-json\/wp\/v2\/types\/page"}],"author":[{"embeddable":true,"href":"https:\/\/www.cityfirstbank.com\/es\/wp-json\/wp\/v2\/users\/16"}],"replies":[{"embeddable":true,"href":"https:\/\/www.cityfirstbank.com\/es\/wp-json\/wp\/v2\/comments?post=1565"}],"version-history":[{"count":6,"href":"https:\/\/www.cityfirstbank.com\/es\/wp-json\/wp\/v2\/pages\/1565\/revisions"}],"predecessor-version":[{"id":1870,"href":"https:\/\/www.cityfirstbank.com\/es\/wp-json\/wp\/v2\/pages\/1565\/revisions\/1870"}],"wp:attachment":[{"href":"https:\/\/www.cityfirstbank.com\/es\/wp-json\/wp\/v2\/media?parent=1565"}],"curies":[{"name":"wp","href":"https:\/\/api.w.org\/{rel}","templated":true}]}}