{"id":1570,"date":"2025-08-29T19:07:15","date_gmt":"2025-08-29T19:07:15","guid":{"rendered":"https:\/\/cityfirstbank.com\/?page_id=1570"},"modified":"2025-09-15T15:02:01","modified_gmt":"2025-09-15T15:02:01","slug":"positive-pay-for-fraud-prevention","status":"publish","type":"page","link":"https:\/\/www.cityfirstbank.com\/es\/positive-pay-for-fraud-prevention\/","title":{"rendered":"\u00abPositive Pay\u00bb para la prevenci\u00f3n del fraude"},"content":{"rendered":"<div id=\"block_19729f3964f564a1764f5a0200f20ae1\" class=\"wysiwyg page-width\"><h2>Proteja sus cuentas con la soluci\u00f3n Positive Pay de City First Bank<\/h2>\n<p>Refuerza la protecci\u00f3n contra el fraude de tu empresa con Positive Pay de City First Bank, una soluci\u00f3n esencial de gesti\u00f3n de riesgos para cuentas ACH y de dep\u00f3sito que detecta y previene transacciones no autorizadas mediante una verificaci\u00f3n segura y automatizada.<\/p>\n<p>&nbsp;<\/p>\n<p><strong>Las ventajas incluyen<\/strong><\/p>\n<p>-Integraci\u00f3n en la banca en l\u00ednea para empresas.<br \/>\n-Posibilidad de importar cheques emitidos directamente e importar archivos de partidas emitidas.<br \/>\n-Revisi\u00f3n y gesti\u00f3n independientes de las excepciones sin intervenci\u00f3n alguna por parte de los empleados del banco.<br \/>\n-Detecci\u00f3n autom\u00e1tica de excepciones, tales como transacciones duplicadas, n\u00fameros de cheques o cuentas que no coinciden, cheques no emitidos y cheques caducados.<\/p>\n<\/div>\n\n\n<div id=\"block_36be7bbb81804a6db79e001e4c6be3d4\" class=\"link-button align-left page-width\">\n\t<a class=\"button\" href=\"https:\/\/www.cityfirstbank.com\/es\/speak-with-a-banker\/\" target=\"_self\" aria-label=\"Enlace a: Hable con un banquero\">Hable con un banquero<\/a>\n<\/div>","protected":false},"excerpt":{"rendered":"","protected":false},"author":16,"featured_media":0,"parent":0,"menu_order":0,"comment_status":"closed","ping_status":"closed","template":"","meta":{"_acf_changed":false,"inline_featured_image":false,"footnotes":""},"class_list":["post-1570","page","type-page","status-publish","hentry"],"acf":[],"aioseo_notices":[],"_links":{"self":[{"href":"https:\/\/www.cityfirstbank.com\/es\/wp-json\/wp\/v2\/pages\/1570","targetHints":{"allow":["GET"]}}],"collection":[{"href":"https:\/\/www.cityfirstbank.com\/es\/wp-json\/wp\/v2\/pages"}],"about":[{"href":"https:\/\/www.cityfirstbank.com\/es\/wp-json\/wp\/v2\/types\/page"}],"author":[{"embeddable":true,"href":"https:\/\/www.cityfirstbank.com\/es\/wp-json\/wp\/v2\/users\/16"}],"replies":[{"embeddable":true,"href":"https:\/\/www.cityfirstbank.com\/es\/wp-json\/wp\/v2\/comments?post=1570"}],"version-history":[{"count":4,"href":"https:\/\/www.cityfirstbank.com\/es\/wp-json\/wp\/v2\/pages\/1570\/revisions"}],"predecessor-version":[{"id":1994,"href":"https:\/\/www.cityfirstbank.com\/es\/wp-json\/wp\/v2\/pages\/1570\/revisions\/1994"}],"wp:attachment":[{"href":"https:\/\/www.cityfirstbank.com\/es\/wp-json\/wp\/v2\/media?parent=1570"}],"curies":[{"name":"wp","href":"https:\/\/api.w.org\/{rel}","templated":true}]}}