{"id":1575,"date":"2025-08-29T19:13:39","date_gmt":"2025-08-29T19:13:39","guid":{"rendered":"https:\/\/cityfirstbank.com\/?page_id=1575"},"modified":"2025-09-16T16:08:43","modified_gmt":"2025-09-16T16:08:43","slug":"mobile-check-deposit","status":"publish","type":"page","link":"https:\/\/www.cityfirstbank.com\/es\/mobile-check-deposit\/","title":{"rendered":"Dep\u00f3sito de cheques desde el celular"},"content":{"rendered":"<div id=\"block_f6a0db846854be43d6320ca0d22a89e4\" class=\"wysiwyg page-width\"><h2>Evita las filas: deposita cheques desde cualquier lugar con City First Mobile<\/h2>\n<p>Deposite cheques desde cualquier lugar con el servicio de dep\u00f3sito m\u00f3vil de City First Bank: una opci\u00f3n segura y c\u00f3moda, disponible las 24 horas del d\u00eda, los 7 d\u00edas de la semana, sin necesidad de acudir a una sucursal.<\/p>\n<\/div>\n\n\n<div id=\"block_62d57d3d4f45e8b4ba6e29e0931974ba\" class=\"link-button align-left page-width\">\n\t<a class=\"button\" href=\"https:\/\/www.cityfirstbank.com\/es\/speak-with-a-banker\/\" target=\"_blank\" aria-label=\"Enlace a: Hable con un banquero\">Hable con un banquero<\/a>\n<\/div>","protected":false},"excerpt":{"rendered":"","protected":false},"author":16,"featured_media":0,"parent":0,"menu_order":0,"comment_status":"closed","ping_status":"closed","template":"","meta":{"_acf_changed":false,"inline_featured_image":false,"footnotes":""},"class_list":["post-1575","page","type-page","status-publish","hentry"],"acf":[],"aioseo_notices":[],"_links":{"self":[{"href":"https:\/\/www.cityfirstbank.com\/es\/wp-json\/wp\/v2\/pages\/1575","targetHints":{"allow":["GET"]}}],"collection":[{"href":"https:\/\/www.cityfirstbank.com\/es\/wp-json\/wp\/v2\/pages"}],"about":[{"href":"https:\/\/www.cityfirstbank.com\/es\/wp-json\/wp\/v2\/types\/page"}],"author":[{"embeddable":true,"href":"https:\/\/www.cityfirstbank.com\/es\/wp-json\/wp\/v2\/users\/16"}],"replies":[{"embeddable":true,"href":"https:\/\/www.cityfirstbank.com\/es\/wp-json\/wp\/v2\/comments?post=1575"}],"version-history":[{"count":4,"href":"https:\/\/www.cityfirstbank.com\/es\/wp-json\/wp\/v2\/pages\/1575\/revisions"}],"predecessor-version":[{"id":2208,"href":"https:\/\/www.cityfirstbank.com\/es\/wp-json\/wp\/v2\/pages\/1575\/revisions\/2208"}],"wp:attachment":[{"href":"https:\/\/www.cityfirstbank.com\/es\/wp-json\/wp\/v2\/media?parent=1575"}],"curies":[{"name":"wp","href":"https:\/\/api.w.org\/{rel}","templated":true}]}}