{"id":1581,"date":"2025-08-29T19:28:27","date_gmt":"2025-08-29T19:28:27","guid":{"rendered":"https:\/\/cityfirstbank.com\/?page_id=1581"},"modified":"2025-09-04T13:57:20","modified_gmt":"2025-09-04T13:57:20","slug":"mobile-remote-check-deposit","status":"publish","type":"page","link":"https:\/\/www.cityfirstbank.com\/es\/mobile-remote-check-deposit\/","title":{"rendered":"Dep\u00f3sito de cheques por m\u00f3vil y a distancia"},"content":{"rendered":"<div id=\"block_16ffdd4f552373aaf6a9f6ea53e195f7\" class=\"wysiwyg page-width\"><h2>Deposite cheques en cualquier momento y desde cualquier lugar, sin necesidad de acudir a una sucursal<\/h2>\n<p>Deposite cheques de forma segura y c\u00f3moda mediante el dep\u00f3sito m\u00f3vil o remoto: en cualquier momento y desde cualquier lugar, sin necesidad de acudir a una sucursal.<\/p>\n<\/div>\n\n\n<div id=\"block_217fed2ff93806ed792c1fd5bbad20a3\" class=\"link-button align-left page-width\">\n\t<a class=\"button\" href=\"https:\/\/www.cityfirstbank.com\/es\/speak-with-a-banker\/\" target=\"_blank\" aria-label=\"Enlace a: Hable con un banquero\">Hable con un banquero<\/a>\n<\/div>","protected":false},"excerpt":{"rendered":"","protected":false},"author":16,"featured_media":0,"parent":0,"menu_order":0,"comment_status":"closed","ping_status":"closed","template":"","meta":{"_acf_changed":false,"inline_featured_image":false,"footnotes":""},"class_list":["post-1581","page","type-page","status-publish","hentry"],"acf":[],"aioseo_notices":[],"_links":{"self":[{"href":"https:\/\/www.cityfirstbank.com\/es\/wp-json\/wp\/v2\/pages\/1581","targetHints":{"allow":["GET"]}}],"collection":[{"href":"https:\/\/www.cityfirstbank.com\/es\/wp-json\/wp\/v2\/pages"}],"about":[{"href":"https:\/\/www.cityfirstbank.com\/es\/wp-json\/wp\/v2\/types\/page"}],"author":[{"embeddable":true,"href":"https:\/\/www.cityfirstbank.com\/es\/wp-json\/wp\/v2\/users\/16"}],"replies":[{"embeddable":true,"href":"https:\/\/www.cityfirstbank.com\/es\/wp-json\/wp\/v2\/comments?post=1581"}],"version-history":[{"count":2,"href":"https:\/\/www.cityfirstbank.com\/es\/wp-json\/wp\/v2\/pages\/1581\/revisions"}],"predecessor-version":[{"id":1873,"href":"https:\/\/www.cityfirstbank.com\/es\/wp-json\/wp\/v2\/pages\/1581\/revisions\/1873"}],"wp:attachment":[{"href":"https:\/\/www.cityfirstbank.com\/es\/wp-json\/wp\/v2\/media?parent=1581"}],"curies":[{"name":"wp","href":"https:\/\/api.w.org\/{rel}","templated":true}]}}