{"id":1585,"date":"2025-08-29T19:37:49","date_gmt":"2025-08-29T19:37:49","guid":{"rendered":"https:\/\/cityfirstbank.com\/?page_id=1585"},"modified":"2025-09-15T15:07:57","modified_gmt":"2025-09-15T15:07:57","slug":"sweeps","status":"publish","type":"page","link":"https:\/\/www.cityfirstbank.com\/es\/sweeps\/","title":{"rendered":"Barreduras"},"content":{"rendered":"<div id=\"block_0d1e228b207e51566487ea2aab87220a\" class=\"wysiwyg page-width\"><div id=\"docs-editor-container\" dir=\"ltr\">\n<div id=\"docs-editor\" class=\"\">\n<h2 role=\"navigation\" aria-label=\"Barra de pesta\u00f1as de la hoja\">Protege tu dinero. Mant\u00e9n el control. Gana m\u00e1s de la noche a la ma\u00f1ana<\/h2>\n<\/div>\n<\/div>\n<p>Optimice sus fondos ociosos con la soluci\u00f3n de inversi\u00f3n sin dep\u00f3sito de City First Bank: las transferencias autom\u00e1ticas nocturnas vinculan su cuenta corriente con un acuerdo de recompra garantizado por valores del Gobierno de EE. UU. y de agencias gubernamentales, lo que le ofrece total liquidez y un mayor control financiero.<\/p>\n<p>&nbsp;<\/p>\n<p>Esta inversi\u00f3n sin dep\u00f3sito* le ofrece la comodidad de una liquidez inmediata, al tiempo que le garantiza una seguridad total. Un contrato de recompra vincula su cuenta corriente con una inversi\u00f3n a un d\u00eda garantizada por t\u00edtulos del Gobierno de los Estados Unidos y de agencias gubernamentales. Los fondos que superen las necesidades de liquidez diaria se transfieren cada noche de su cuenta corriente a su cuenta de recompra. Por el contrario, si aumenta su necesidad de fondos, estos se transfieren de nuevo desde su contrato de recompra a su cuenta corriente.<\/p>\n<p><strong>Las ventajas incluyen<\/strong><\/p>\n<p>-El dinero se transfiere autom\u00e1ticamente entre tu cuenta corriente y tu cuenta de acuerdo de recompra.<br \/>\n-Acceso inmediato a liquidez.<br \/>\n-Totalmente garantizado con valores del Gobierno de EE. UU. y de agencias gubernamentales.<\/p>\n<p>*No est\u00e1 asegurado por la FDIC. No es un dep\u00f3sito bancario. Puede perder valor.<\/p>\n<\/div>\n\n\n<div id=\"block_9709bc6b1b03d1f2ab3c818213de158e\" class=\"link-button align-left page-width\">\n\t<a class=\"button\" href=\"https:\/\/www.cityfirstbank.com\/es\/speak-with-a-banker\/\" target=\"_blank\" aria-label=\"Enlace a: Hable con un banquero\">Hable con un banquero<\/a>\n<\/div>","protected":false},"excerpt":{"rendered":"","protected":false},"author":16,"featured_media":0,"parent":0,"menu_order":0,"comment_status":"closed","ping_status":"closed","template":"","meta":{"_acf_changed":false,"inline_featured_image":false,"footnotes":""},"class_list":["post-1585","page","type-page","status-publish","hentry"],"acf":[],"aioseo_notices":[],"_links":{"self":[{"href":"https:\/\/www.cityfirstbank.com\/es\/wp-json\/wp\/v2\/pages\/1585","targetHints":{"allow":["GET"]}}],"collection":[{"href":"https:\/\/www.cityfirstbank.com\/es\/wp-json\/wp\/v2\/pages"}],"about":[{"href":"https:\/\/www.cityfirstbank.com\/es\/wp-json\/wp\/v2\/types\/page"}],"author":[{"embeddable":true,"href":"https:\/\/www.cityfirstbank.com\/es\/wp-json\/wp\/v2\/users\/16"}],"replies":[{"embeddable":true,"href":"https:\/\/www.cityfirstbank.com\/es\/wp-json\/wp\/v2\/comments?post=1585"}],"version-history":[{"count":4,"href":"https:\/\/www.cityfirstbank.com\/es\/wp-json\/wp\/v2\/pages\/1585\/revisions"}],"predecessor-version":[{"id":2234,"href":"https:\/\/www.cityfirstbank.com\/es\/wp-json\/wp\/v2\/pages\/1585\/revisions\/2234"}],"wp:attachment":[{"href":"https:\/\/www.cityfirstbank.com\/es\/wp-json\/wp\/v2\/media?parent=1585"}],"curies":[{"name":"wp","href":"https:\/\/api.w.org\/{rel}","templated":true}]}}