{"id":1587,"date":"2025-08-29T19:46:49","date_gmt":"2025-08-29T19:46:49","guid":{"rendered":"https:\/\/cityfirstbank.com\/?page_id=1587"},"modified":"2025-08-29T19:52:21","modified_gmt":"2025-08-29T19:52:21","slug":"digital-banking-for-business","status":"publish","type":"page","link":"https:\/\/www.cityfirstbank.com\/es\/digital-banking-for-business\/","title":{"rendered":"Digital Banking for Business"},"content":{"rendered":"<div id=\"block_6245d86c76bfe34e14bc6ee7997748dd\" class=\"wysiwyg page-width\"><h2>La banca m\u00f3vil m\u00e1s f\u00e1cil: sus preguntas m\u00e1s frecuentes, respondidas r\u00e1pidamente<\/h2>\n<p>La plataforma de banca digital de City First Bank permite a las empresas y organizaciones sin \u00e1nimo de lucro gestionar sus finanzas en cualquier momento y lugar. Con herramientas seguras y f\u00e1ciles de usar, puede agilizar las operaciones, supervisar el flujo de efectivo y mantener el control, ya sea que est\u00e9 en la oficina o en movimiento.<\/p>\n<\/div>\n\n\n\n\t<div id=\"block_2f02e6892d4ed8cca45365cf2b672688\" class=\"split container--horizontal split-size--50 background-color--light-blue background-alignment--left full-width vertical-align--middle\">\n\t\t<!-- Image Error ($image is empty) -->\t\t<div class=\"split__inner-container\">\n\t\t\t\n\r\n<div id=\"block_5a6ef7aacc20e1c22107a07cd73a6f0b\" class=\"wysiwyg page-width\"><h3>Caracter\u00edsticas principales<\/h3>\n<p>24\/7 Online Banking: View balances, transfer funds, and manage accounts in real time<\/p>\n<p>Mobile Banking App: Deposit checks, pay bills, and set alerts from your smartphone or tablet<\/p>\n<p>e-Statements: Go paperless with fast, secure access to your account history<\/p>\n<p>Bill Pay: Schedule one-time or recurring payments with ease<\/p>\n<p>Wire Transfers: Initiate domestic and international wires securely<\/p>\n<p>Account Alerts: Customize notifications for balance changes, transactions, and more<\/p>\n<p>Software Integration: Seamlessly connect with QuickBooks\u00ae, Quicken\u00ae, and other financial tools<\/p>\n<\/div>\n\n\n<div id=\"block_518097ec7145ec6fdfb615d6da7d7476\" class=\"image page-width\">\n\t<div class=\"i72-image cover\" role=\"img\" title=\"Una obra en construcci\u00f3n con una gran gr\u00faa al fondo\" aria-label=\"Una obra en construcci\u00f3n con una gran gr\u00faa al fondo\" data-srcset=\"https:\/\/www.cityfirstbank.com\/wp-content\/uploads\/2025\/08\/dwlly-gMVb4RqJuik-unsplash-scaled.jpg 3000w 3000h,https:\/\/www.cityfirstbank.com\/wp-content\/uploads\/2025\/08\/dwlly-gMVb4RqJuik-unsplash-scaled-300x240.jpg 300w 240h,https:\/\/www.cityfirstbank.com\/wp-content\/uploads\/2025\/08\/dwlly-gMVb4RqJuik-unsplash-scaled-768x614.jpg 768w 614h,https:\/\/www.cityfirstbank.com\/wp-content\/uploads\/2025\/08\/dwlly-gMVb4RqJuik-unsplash-scaled-1024x819.jpg 1024w 819h,https:\/\/www.cityfirstbank.com\/wp-content\/uploads\/2025\/08\/dwlly-gMVb4RqJuik-unsplash-scaled-1536x1229.jpg 1536w 1229h,https:\/\/www.cityfirstbank.com\/wp-content\/uploads\/2025\/08\/dwlly-gMVb4RqJuik-unsplash-scaled-2048x1638.jpg 2048w 1638h,https:\/\/www.cityfirstbank.com\/wp-content\/uploads\/2025\/08\/dwlly-gMVb4RqJuik-unsplash-scaled-15x12.jpg 15w 12h,https:\/\/www.cityfirstbank.com\/wp-content\/uploads\/2025\/08\/dwlly-gMVb4RqJuik-unsplash-scaled-150x120.jpg 150w 120h,https:\/\/www.cityfirstbank.com\/wp-content\/uploads\/2025\/08\/dwlly-gMVb4RqJuik-unsplash-scaled-1280x1024.jpg 1280w 1024h,https:\/\/www.cityfirstbank.com\/wp-content\/uploads\/2025\/08\/dwlly-gMVb4RqJuik-unsplash-scaled.jpg 2560w 2048h\" data-original-width=\"2560\" data-original-height=\"2048\"><\/div><\/div>\n\n\t\t<\/div>\n\t<\/div>\n\n\n\n\n\n\t<div id=\"block_d166188501c7fe34acc0e7620677db3a\" class=\"split container--horizontal split-size--50 background-color--light-blue background-alignment--right full-width vertical-align--middle\">\n\t\t<!-- Image Error ($image is empty) -->\t\t<div class=\"split__inner-container\">\n\t\t\t\n\n<div id=\"block_2240f8ac859775f009c6cbead4eef60f\" class=\"image page-width\">\n\t<!-- Image Error ($image is empty) --><\/div>\n\n\r\n<div id=\"block_cf0920ca7767cd3a74ebf9f72c8f3786\" class=\"wysiwyg page-width\"><h4>Por qu\u00e9 es importante<\/h4>\n<p>Digital banking with City First Bank gives your organization the flexibility to bank on your terms\u2014while keeping your mission and operations moving forward.<\/p>\n<\/div>\n\n\t\t<\/div>\n\t<\/div>","protected":false},"excerpt":{"rendered":"","protected":false},"author":16,"featured_media":0,"parent":0,"menu_order":0,"comment_status":"closed","ping_status":"closed","template":"","meta":{"_acf_changed":false,"inline_featured_image":false,"footnotes":""},"class_list":["post-1587","page","type-page","status-publish","hentry"],"acf":[],"aioseo_notices":[],"_links":{"self":[{"href":"https:\/\/www.cityfirstbank.com\/es\/wp-json\/wp\/v2\/pages\/1587","targetHints":{"allow":["GET"]}}],"collection":[{"href":"https:\/\/www.cityfirstbank.com\/es\/wp-json\/wp\/v2\/pages"}],"about":[{"href":"https:\/\/www.cityfirstbank.com\/es\/wp-json\/wp\/v2\/types\/page"}],"author":[{"embeddable":true,"href":"https:\/\/www.cityfirstbank.com\/es\/wp-json\/wp\/v2\/users\/16"}],"replies":[{"embeddable":true,"href":"https:\/\/www.cityfirstbank.com\/es\/wp-json\/wp\/v2\/comments?post=1587"}],"version-history":[{"count":5,"href":"https:\/\/www.cityfirstbank.com\/es\/wp-json\/wp\/v2\/pages\/1587\/revisions"}],"predecessor-version":[{"id":1594,"href":"https:\/\/www.cityfirstbank.com\/es\/wp-json\/wp\/v2\/pages\/1587\/revisions\/1594"}],"wp:attachment":[{"href":"https:\/\/www.cityfirstbank.com\/es\/wp-json\/wp\/v2\/media?parent=1587"}],"curies":[{"name":"wp","href":"https:\/\/api.w.org\/{rel}","templated":true}]}}