{"id":1622,"date":"2025-09-02T16:45:57","date_gmt":"2025-09-02T16:45:57","guid":{"rendered":"https:\/\/cityfirstbank.com\/?page_id=1622"},"modified":"2025-11-04T15:42:53","modified_gmt":"2025-11-04T15:42:53","slug":"basic-business-checking","status":"publish","type":"page","link":"https:\/\/www.cityfirstbank.com\/es\/retail\/basic-business-checking\/","title":{"rendered":"Cuenta corriente b\u00e1sica para empresas"},"content":{"rendered":"<div id=\"block_c322f26e2635c4079c7873657a6a92c4\" class=\"wysiwyg page-width\"><h2>La cuenta corriente b\u00e1sica para empresas de City First Bank le ayuda en sus operaciones con herramientas sencillas y eficaces para gestionar el flujo de caja mensual<\/h2>\n<p>La cuenta corriente b\u00e1sica para empresas* es ideal para empresas ya establecidas o de nueva creaci\u00f3n con una actividad mensual moderada en la cuenta corriente y que utilizan el saldo total de su cuenta cada mes.<\/p>\n<p>*Consulte las tasas de dep\u00f3sito para obtener m\u00e1s informaci\u00f3n.<\/p>\n<p>&nbsp;<\/p>\n<h3>Detalles de la cuenta<\/h3>\n<table style=\"border-collapse: collapse;width: 77.5923%\" border=\"1\">\n<tbody>\n<tr>\n<td style=\"width: 35.6766%\">M\u00ednimo para abrir<\/td>\n<td style=\"width: 40.7921%\"><strong>$100.00<\/strong><\/td>\n<\/tr>\n<tr>\n<td style=\"width: 35.6766%\">Cuota mensual de servicios<\/td>\n<td style=\"width: 40.7921%\"><strong>$0.00<\/strong><\/td>\n<\/tr>\n<tr>\n<td style=\"width: 35.6766%\">Requisito de saldo medio mensual m\u00ednimo<\/td>\n<td style=\"width: 40.7921%\"><strong>Ninguno<\/strong><\/td>\n<\/tr>\n<tr>\n<td style=\"width: 35.6766%\">Con intereses<\/td>\n<td style=\"width: 40.7921%\"><strong>No<\/strong><\/td>\n<\/tr>\n<tr>\n<td style=\"width: 35.6766%\">Comisiones por transacciones en la cuenta<\/td>\n<td style=\"width: 40.7921%\"><em>Las primeras 100 transacciones al mes son gratuitas. A partir de ah\u00ed, se cobra una tarifa de $0,25 por transacci\u00f3n.<\/em><\/td>\n<\/tr>\n<\/tbody>\n<\/table>\n<\/div>\n\n\n<div id=\"block_dcf2025841a7817f1248c6ef58000f3f\" class=\"link-button align-left page-width\">\n\t<a class=\"button\" href=\"https:\/\/www.cityfirstbank.com\/es\/speak-with-a-banker\/\" target=\"_self\" aria-label=\"Enlace a: Hable con un banquero\">Hable con un banquero<\/a>\n<\/div>\n\n\n<div id=\"block_7ea1462ebf5032ecec9796b57a97d1ed\" class=\"link-button align-left page-width\">\n\t<a class=\"button\" href=\"https:\/\/www.cityfirstbank.com\/es\/appointment-scheduling-dc\/\" target=\"_self\" aria-label=\"Enlace a: Concertar una cita | Washington D. C.\">Concertar una cita | Washington D. C.<\/a>\n<\/div>\n\n\n<div id=\"block_f2b2cef11fa3463d2777fcefaa0bd71e\" class=\"link-button align-left page-width\">\n\t<a class=\"button\" href=\"https:\/\/www.cityfirstbank.com\/es\/deposit-rates\/\" target=\"_self\" aria-label=\"Enlace a: Tipos de inter\u00e9s de los dep\u00f3sitos\">Tipos de dep\u00f3sito<\/a>\n<\/div>","protected":false},"excerpt":{"rendered":"","protected":false},"author":16,"featured_media":0,"parent":1617,"menu_order":0,"comment_status":"closed","ping_status":"closed","template":"","meta":{"_acf_changed":false,"inline_featured_image":false,"footnotes":""},"class_list":["post-1622","page","type-page","status-publish","hentry"],"acf":[],"aioseo_notices":[],"_links":{"self":[{"href":"https:\/\/www.cityfirstbank.com\/es\/wp-json\/wp\/v2\/pages\/1622","targetHints":{"allow":["GET"]}}],"collection":[{"href":"https:\/\/www.cityfirstbank.com\/es\/wp-json\/wp\/v2\/pages"}],"about":[{"href":"https:\/\/www.cityfirstbank.com\/es\/wp-json\/wp\/v2\/types\/page"}],"author":[{"embeddable":true,"href":"https:\/\/www.cityfirstbank.com\/es\/wp-json\/wp\/v2\/users\/16"}],"replies":[{"embeddable":true,"href":"https:\/\/www.cityfirstbank.com\/es\/wp-json\/wp\/v2\/comments?post=1622"}],"version-history":[{"count":10,"href":"https:\/\/www.cityfirstbank.com\/es\/wp-json\/wp\/v2\/pages\/1622\/revisions"}],"predecessor-version":[{"id":2965,"href":"https:\/\/www.cityfirstbank.com\/es\/wp-json\/wp\/v2\/pages\/1622\/revisions\/2965"}],"up":[{"embeddable":true,"href":"https:\/\/www.cityfirstbank.com\/es\/wp-json\/wp\/v2\/pages\/1617"}],"wp:attachment":[{"href":"https:\/\/www.cityfirstbank.com\/es\/wp-json\/wp\/v2\/media?parent=1622"}],"curies":[{"name":"wp","href":"https:\/\/api.w.org\/{rel}","templated":true}]}}