{"id":1624,"date":"2025-09-02T17:15:53","date_gmt":"2025-09-02T17:15:53","guid":{"rendered":"https:\/\/cityfirstbank.com\/?page_id=1624"},"modified":"2025-10-01T23:08:36","modified_gmt":"2025-10-01T23:08:36","slug":"smart-business-checking","status":"publish","type":"page","link":"https:\/\/www.cityfirstbank.com\/es\/retail\/smart-business-checking\/","title":{"rendered":"Cuenta corriente Smart Business"},"content":{"rendered":"<div id=\"block_f2d9062cb7680fa4d5119ef8378b4e93\" class=\"wysiwyg page-width\"><h2>Dise\u00f1ada para empresas: una cuenta corriente inteligente que trabaja tan duro como t\u00fa<\/h2>\n<p>La cuenta corriente Smart Business Checking* es ideal para empresas con una actividad mensual moderada en la cuenta corriente que utilizan la totalidad del saldo de su cuenta cada mes.<\/p>\n<p>*Consulte las tasas de dep\u00f3sito para obtener m\u00e1s informaci\u00f3n.<\/p>\n<p>&nbsp;<\/p>\n<h3>Detalles de la cuenta<\/h3>\n<table style=\"border-collapse: collapse;width: 100%\" border=\"1\">\n<tbody>\n<tr>\n<td style=\"width: 50%\">M\u00ednimo para abrir<\/td>\n<td style=\"width: 50%\"><strong>$100.00<\/strong><\/td>\n<\/tr>\n<tr>\n<td style=\"width: 50%\">Cargo mensual por servicio si el saldo de la cuenta es inferior al m\u00ednimo requerido<\/td>\n<td style=\"width: 50%\"><strong>$15.00<\/strong><\/td>\n<\/tr>\n<tr>\n<td style=\"width: 50%\">Requisito de saldo medio mensual m\u00ednimo<\/td>\n<td style=\"width: 50%\"><strong>$2,500.00<\/strong><\/td>\n<\/tr>\n<tr>\n<td style=\"width: 50%\">Con intereses<\/td>\n<td style=\"width: 50%\"><strong>No<\/strong><\/td>\n<\/tr>\n<tr>\n<td style=\"width: 50%\">Comisiones por transacciones en la cuenta<\/td>\n<td style=\"width: 50%\"><em>Las primeras 250 operaciones al mes son gratuitas. A partir de ah\u00ed, se cobra una tarifa de $0,25 por operaci\u00f3n.<\/em><\/td>\n<\/tr>\n<\/tbody>\n<\/table>\n<\/div>\n\n\n<div id=\"block_ea77b898626851dfb3557bb8284f8840\" class=\"link-button align-left page-width\">\n\t<a class=\"button\" href=\"https:\/\/www.cityfirstbank.com\/es\/speak-with-a-banker\/\" target=\"_self\" aria-label=\"Enlace a: Hable con un banquero\">Hable con un banquero<\/a>\n<\/div>\n\n\n<div id=\"block_91b613b357159419bb7c2002e9651bd1\" class=\"link-button align-left page-width\">\n\t<a class=\"button\" href=\"https:\/\/www.cityfirstbank.com\/es\/appointment-scheduling-dc\/\" target=\"_self\" aria-label=\"Enlace a: Concertar una cita | Washington D. C.\">Concertar una cita | Washington D. C.<\/a>\n<\/div>\n\n\n<div id=\"block_23fbc2e262c55f6d49cd9d22459dd876\" class=\"link-button align-left page-width\">\n\t<a class=\"button\" href=\"https:\/\/www.cityfirstbank.com\/es\/deposit-rates\/\" target=\"_self\" aria-label=\"Enlace a: Tipos de inter\u00e9s de los dep\u00f3sitos\">Tipos de dep\u00f3sito<\/a>\n<\/div>","protected":false},"excerpt":{"rendered":"","protected":false},"author":16,"featured_media":0,"parent":1617,"menu_order":0,"comment_status":"closed","ping_status":"closed","template":"","meta":{"_acf_changed":false,"inline_featured_image":false,"footnotes":""},"class_list":["post-1624","page","type-page","status-publish","hentry"],"acf":[],"aioseo_notices":[],"_links":{"self":[{"href":"https:\/\/www.cityfirstbank.com\/es\/wp-json\/wp\/v2\/pages\/1624","targetHints":{"allow":["GET"]}}],"collection":[{"href":"https:\/\/www.cityfirstbank.com\/es\/wp-json\/wp\/v2\/pages"}],"about":[{"href":"https:\/\/www.cityfirstbank.com\/es\/wp-json\/wp\/v2\/types\/page"}],"author":[{"embeddable":true,"href":"https:\/\/www.cityfirstbank.com\/es\/wp-json\/wp\/v2\/users\/16"}],"replies":[{"embeddable":true,"href":"https:\/\/www.cityfirstbank.com\/es\/wp-json\/wp\/v2\/comments?post=1624"}],"version-history":[{"count":8,"href":"https:\/\/www.cityfirstbank.com\/es\/wp-json\/wp\/v2\/pages\/1624\/revisions"}],"predecessor-version":[{"id":2747,"href":"https:\/\/www.cityfirstbank.com\/es\/wp-json\/wp\/v2\/pages\/1624\/revisions\/2747"}],"up":[{"embeddable":true,"href":"https:\/\/www.cityfirstbank.com\/es\/wp-json\/wp\/v2\/pages\/1617"}],"wp:attachment":[{"href":"https:\/\/www.cityfirstbank.com\/es\/wp-json\/wp\/v2\/media?parent=1624"}],"curies":[{"name":"wp","href":"https:\/\/api.w.org\/{rel}","templated":true}]}}