{"id":1626,"date":"2025-09-02T17:24:23","date_gmt":"2025-09-02T17:24:23","guid":{"rendered":"https:\/\/cityfirstbank.com\/?page_id=1626"},"modified":"2025-09-15T02:52:04","modified_gmt":"2025-09-15T02:52:04","slug":"business-digital-banking","status":"publish","type":"page","link":"https:\/\/www.cityfirstbank.com\/es\/retail\/business-digital-banking\/","title":{"rendered":"Banca digital para empresas"},"content":{"rendered":"<div id=\"block_71f72889e01c3a39135adff92c0c9919\" class=\"wysiwyg page-width\"><h2>La banca m\u00f3vil m\u00e1s f\u00e1cil: sus preguntas m\u00e1s frecuentes, respondidas r\u00e1pidamente<\/h2>\n<p>La plataforma de banca digital de City First Bank permite a las empresas y organizaciones sin \u00e1nimo de lucro gestionar sus finanzas en cualquier momento y lugar. Con herramientas seguras y f\u00e1ciles de usar, puede agilizar las operaciones, supervisar el flujo de efectivo y mantener el control, ya sea que est\u00e9 en la oficina o en movimiento.<\/p>\n<\/div>\n\n\n\n\t<div id=\"block_8946618ac0a4ee6ef018a5663b274fc3\" class=\"split container--horizontal split-size--50 background-color--light-blue background-alignment--right full-width vertical-align--middle\">\n\t\t<!-- Image Error ($image is empty) -->\t\t<div class=\"split__inner-container\">\n\t\t\t\n\n<div id=\"block_0b4a6721c1b7637b75abe690be107eed\" class=\"image page-width\">\n\t<div class=\"i72-image cover\" role=\"img\" title=\"Una persona con una tarjeta de cr\u00e9dito en un punto de venta.\" aria-label=\"Una persona con una tarjeta de cr\u00e9dito en un punto de venta.\" data-srcset=\"https:\/\/www.cityfirstbank.com\/wp-content\/uploads\/2025\/08\/sumup-qtwhMXYg_LQ-unsplash-scaled.jpg 3000w 3000h,https:\/\/www.cityfirstbank.com\/wp-content\/uploads\/2025\/08\/sumup-qtwhMXYg_LQ-unsplash-300x200.jpg 300w 200h,https:\/\/www.cityfirstbank.com\/wp-content\/uploads\/2025\/08\/sumup-qtwhMXYg_LQ-unsplash-scaled.jpg 768w 512h,https:\/\/www.cityfirstbank.com\/wp-content\/uploads\/2025\/08\/sumup-qtwhMXYg_LQ-unsplash-scaled.jpg 1024w 683h,https:\/\/www.cityfirstbank.com\/wp-content\/uploads\/2025\/08\/sumup-qtwhMXYg_LQ-unsplash-scaled.jpg 1536w 1024h,https:\/\/www.cityfirstbank.com\/wp-content\/uploads\/2025\/08\/sumup-qtwhMXYg_LQ-unsplash-scaled.jpg 2048w 1366h,https:\/\/www.cityfirstbank.com\/wp-content\/uploads\/2025\/08\/sumup-qtwhMXYg_LQ-unsplash-scaled.jpg 18w 12h,https:\/\/www.cityfirstbank.com\/wp-content\/uploads\/2025\/08\/sumup-qtwhMXYg_LQ-unsplash-scaled.jpg 150w 100h,https:\/\/www.cityfirstbank.com\/wp-content\/uploads\/2025\/08\/sumup-qtwhMXYg_LQ-unsplash-scaled.jpg 1280w 854h,https:\/\/www.cityfirstbank.com\/wp-content\/uploads\/2025\/08\/sumup-qtwhMXYg_LQ-unsplash-scaled.jpg 2560w 1707h\" data-original-width=\"2560\" data-original-height=\"1707\"><\/div><\/div>\n\n\r\n<div id=\"block_03d3a4cd55a3a1da253dce9fe09104b9\" class=\"wysiwyg page-width\"><h3>Caracter\u00edsticas principales<\/h3>\n<p><strong>Banca electr\u00f3nica 24\/7<\/strong>: Consultar saldos, transferir fondos y gestionar cuentas en tiempo real<\/p>\n<p><strong>Aplicaci\u00f3n de banca m\u00f3vil<\/strong>: Ingrese cheques, pague facturas y establezca alertas desde su smartphone o tableta.<\/p>\n<p><strong>Extractos electr\u00f3nicos<\/strong>: Olv\u00eddese del papel y acceda de forma r\u00e1pida y segura al historial de su cuenta<\/p>\n<p><strong>Pago de facturas<\/strong>: Programe pagos \u00fanicos o peri\u00f3dicos con facilidad<\/p>\n<p><strong>Transferencias bancarias<\/strong>: Inicie las transferencias nacionales e internacionales de forma segura<\/p>\n<p><strong>Alertas de cuenta<\/strong>: Personaliza las notificaciones de cambios de saldo, transacciones y mucho m\u00e1s.<\/p>\n<p><strong>Integraci\u00f3n de software<\/strong>: Con\u00e9ctese sin problemas con QuickBooks\u00ae, Quicken\u00ae y otras herramientas financieras.<\/p>\n<\/div>\n\n\t\t<\/div>\n\t<\/div>\n\n\n\n\r\n<div id=\"block_b44cf1267f69982910a49348ae7480b3\" class=\"wysiwyg page-width\"><h3>\u00bfPor qu\u00e9 es importante? La banca digital con City First Bank le da a su organizaci\u00f3n la flexibilidad para realizar operaciones bancarias en sus t\u00e9rminos, mientras mantiene su misi\u00f3n y operaciones en movimiento.<\/h3>\n<\/div>","protected":false},"excerpt":{"rendered":"","protected":false},"author":16,"featured_media":0,"parent":1617,"menu_order":0,"comment_status":"closed","ping_status":"closed","template":"","meta":{"_acf_changed":false,"inline_featured_image":false,"footnotes":""},"class_list":["post-1626","page","type-page","status-publish","hentry"],"acf":[],"aioseo_notices":[],"_links":{"self":[{"href":"https:\/\/www.cityfirstbank.com\/es\/wp-json\/wp\/v2\/pages\/1626","targetHints":{"allow":["GET"]}}],"collection":[{"href":"https:\/\/www.cityfirstbank.com\/es\/wp-json\/wp\/v2\/pages"}],"about":[{"href":"https:\/\/www.cityfirstbank.com\/es\/wp-json\/wp\/v2\/types\/page"}],"author":[{"embeddable":true,"href":"https:\/\/www.cityfirstbank.com\/es\/wp-json\/wp\/v2\/users\/16"}],"replies":[{"embeddable":true,"href":"https:\/\/www.cityfirstbank.com\/es\/wp-json\/wp\/v2\/comments?post=1626"}],"version-history":[{"count":7,"href":"https:\/\/www.cityfirstbank.com\/es\/wp-json\/wp\/v2\/pages\/1626\/revisions"}],"predecessor-version":[{"id":1918,"href":"https:\/\/www.cityfirstbank.com\/es\/wp-json\/wp\/v2\/pages\/1626\/revisions\/1918"}],"up":[{"embeddable":true,"href":"https:\/\/www.cityfirstbank.com\/es\/wp-json\/wp\/v2\/pages\/1617"}],"wp:attachment":[{"href":"https:\/\/www.cityfirstbank.com\/es\/wp-json\/wp\/v2\/media?parent=1626"}],"curies":[{"name":"wp","href":"https:\/\/api.w.org\/{rel}","templated":true}]}}