{"id":1634,"date":"2025-09-02T18:22:00","date_gmt":"2025-09-02T18:22:00","guid":{"rendered":"https:\/\/cityfirstbank.com\/?page_id=1634"},"modified":"2025-11-12T20:52:08","modified_gmt":"2025-11-12T20:52:08","slug":"personal-checking","status":"publish","type":"page","link":"https:\/\/www.cityfirstbank.com\/es\/retail\/personal-checking\/","title":{"rendered":"Cuenta corriente personal"},"content":{"rendered":"<div id=\"block_af798660e96dec416ae838102d9263d2\" class=\"wysiwyg page-width\"><h2>Retiros ilimitados. M\u00ednimos bajos. Flexibilidad total.<\/h2>\n<p>Con la cuenta corriente personal* de City First Bank, disfruta de una cuenta de ahorros de f\u00e1cil acceso con un saldo m\u00ednimo bajo y retiros ilimitados: ideal para administrar tus finanzas diarias sin restricciones.<\/p>\n<p>*Consulte las tasas de dep\u00f3sito para obtener m\u00e1s informaci\u00f3n.<\/p>\n<p>&nbsp;<\/p>\n<h3>Detalles de la cuenta<\/h3>\n<table style=\"border-collapse: collapse;width: 100%\" border=\"1\">\n<tbody>\n<tr>\n<td style=\"width: 50%\">M\u00ednimo para abrir<\/td>\n<td style=\"width: 50%\"><strong>$100.00<\/strong><\/td>\n<\/tr>\n<tr>\n<td style=\"width: 50%\">Cuota mensual de servicios<\/td>\n<td style=\"width: 50%\"><strong>$7.00<\/strong><\/td>\n<\/tr>\n<tr>\n<td style=\"width: 50%\">Requisito de saldo medio mensual m\u00ednimo<\/td>\n<td style=\"width: 50%\"><strong>$0.00<\/strong><\/td>\n<\/tr>\n<tr>\n<td style=\"width: 50%\">Con intereses<\/td>\n<td style=\"width: 50%\"><strong>No<\/strong><\/td>\n<\/tr>\n<tr>\n<td style=\"width: 50%\">No se aplicar\u00e1 la cuota mensual si se cumple CUALQUIERA de los siguientes criterios<\/td>\n<td style=\"width: 50%\"><em>1) Un dep\u00f3sito directo al mes, 2) Diez transacciones con tarjeta de d\u00e9bito al mes, 3) Estar suscrito a los estados de cuenta electr\u00f3nicos, 4) Saldo m\u00ednimo mensual de $100,00<\/em><\/td>\n<\/tr>\n<\/tbody>\n<\/table>\n<\/div>\n\n\n<div id=\"block_0181db964978ce781cdd16effb016396\" class=\"link-button align-left page-width\">\n\t<a class=\"button\" href=\"https:\/\/www.cityfirstbank.com\/es\/speak-with-a-banker\/\" target=\"_self\" aria-label=\"Enlace a: Hable con un banquero\">Hable con un banquero<\/a>\n<\/div>\n\n\n<div id=\"block_f7b316fb3fdf50a0d2bcba92583359c1\" class=\"link-button align-left page-width\">\n\t<a class=\"button\" href=\"https:\/\/www.cityfirstbank.com\/es\/appointment-scheduling-dc\/\" target=\"_self\" aria-label=\"Enlace a: Concertar una cita | Washington D. C.\">Concertar una cita | Washington D. C.<\/a>\n<\/div>\n\n\n<div id=\"block_a4c749ce736a612dabd7ab12b51c7141\" class=\"link-button align-left page-width\">\n\t<a class=\"button\" href=\"https:\/\/www.cityfirstbank.com\/es\/deposit-rates\/\" target=\"_self\" aria-label=\"Enlace a: Tipos de inter\u00e9s de los dep\u00f3sitos\">Tipos de dep\u00f3sito<\/a>\n<\/div>","protected":false},"excerpt":{"rendered":"","protected":false},"author":16,"featured_media":0,"parent":1617,"menu_order":0,"comment_status":"closed","ping_status":"closed","template":"","meta":{"_acf_changed":false,"inline_featured_image":false,"footnotes":""},"class_list":["post-1634","page","type-page","status-publish","hentry"],"acf":[],"aioseo_notices":[],"_links":{"self":[{"href":"https:\/\/www.cityfirstbank.com\/es\/wp-json\/wp\/v2\/pages\/1634","targetHints":{"allow":["GET"]}}],"collection":[{"href":"https:\/\/www.cityfirstbank.com\/es\/wp-json\/wp\/v2\/pages"}],"about":[{"href":"https:\/\/www.cityfirstbank.com\/es\/wp-json\/wp\/v2\/types\/page"}],"author":[{"embeddable":true,"href":"https:\/\/www.cityfirstbank.com\/es\/wp-json\/wp\/v2\/users\/16"}],"replies":[{"embeddable":true,"href":"https:\/\/www.cityfirstbank.com\/es\/wp-json\/wp\/v2\/comments?post=1634"}],"version-history":[{"count":14,"href":"https:\/\/www.cityfirstbank.com\/es\/wp-json\/wp\/v2\/pages\/1634\/revisions"}],"predecessor-version":[{"id":3065,"href":"https:\/\/www.cityfirstbank.com\/es\/wp-json\/wp\/v2\/pages\/1634\/revisions\/3065"}],"up":[{"embeddable":true,"href":"https:\/\/www.cityfirstbank.com\/es\/wp-json\/wp\/v2\/pages\/1617"}],"wp:attachment":[{"href":"https:\/\/www.cityfirstbank.com\/es\/wp-json\/wp\/v2\/media?parent=1634"}],"curies":[{"name":"wp","href":"https:\/\/api.w.org\/{rel}","templated":true}]}}