{"id":1662,"date":"2025-09-02T18:58:24","date_gmt":"2025-09-02T18:58:24","guid":{"rendered":"https:\/\/cityfirstbank.com\/?page_id=1662"},"modified":"2025-11-12T15:42:28","modified_gmt":"2025-11-12T15:42:28","slug":"impact-interest-checking","status":"publish","type":"page","link":"https:\/\/www.cityfirstbank.com\/es\/impact-interest-checking\/","title":{"rendered":"Comprobaci\u00f3n de intereses por impacto"},"content":{"rendered":"<div id=\"block_749f9e384abab822dfcdaf0089d65c7c\" class=\"wysiwyg page-width\"><h2>Ahorro inteligente y acceso diario: con intereses<\/h2>\n<p>La cuenta corriente Impact Interest* de City First Bank es ideal para quienes buscan una opci\u00f3n de ahorro sencilla que genere intereses, con un saldo m\u00ednimo obligatorio y retiros mensuales ilimitados.<\/p>\n<p>*Consulte las tasas de dep\u00f3sito para obtener m\u00e1s informaci\u00f3n.<\/p>\n<p>&nbsp;<\/p>\n<h3>Detalles de la cuenta<\/h3>\n<table style=\"border-collapse: collapse;width: 100%\" border=\"1\">\n<tbody>\n<tr>\n<td style=\"width: 50%\">M\u00ednimo para abrir<\/td>\n<td style=\"width: 50%\">$100.00<\/td>\n<\/tr>\n<tr>\n<td style=\"width: 50%\">Se aplicar\u00e1 una comisi\u00f3n de servicio mensual si no se alcanza el saldo m\u00ednimo<\/td>\n<td style=\"width: 50%\">$6.00<\/td>\n<\/tr>\n<tr>\n<td style=\"width: 50%\">Requisito de saldo medio mensual m\u00ednimo<\/td>\n<td style=\"width: 50%\">$1,500.00<\/td>\n<\/tr>\n<tr>\n<td style=\"width: 50%\">Con intereses<\/td>\n<td style=\"width: 50%\">\u00a1S\u00ed!<\/td>\n<\/tr>\n<\/tbody>\n<\/table>\n<\/div>\n\n\n<div id=\"block_12f1342a200d607e15509058e064631f\" class=\"link-button align-left page-width\">\n\t<a class=\"button\" href=\"https:\/\/www.cityfirstbank.com\/es\/speak-with-a-banker\/\" target=\"_self\" aria-label=\"Enlace a: Hable con un banquero\">Hable con un banquero<\/a>\n<\/div>\n\n\n<div id=\"block_d908b3db88d1c6d1dbddca7f985fa303\" class=\"link-button align-left page-width\">\n\t<a class=\"button\" href=\"https:\/\/www.cityfirstbank.com\/es\/appointment-scheduling-dc\/\" target=\"_self\" aria-label=\"Enlace a: Concertar una cita | Washington D. C.\">Concertar una cita | Washington D. C.<\/a>\n<\/div>\n\n\n<div id=\"block_0c982fe355a958d659568b98aa40ee2d\" class=\"link-button align-left page-width\">\n\t<a class=\"button\" href=\"https:\/\/www.cityfirstbank.com\/es\/deposit-rates\/\" target=\"_self\" aria-label=\"Enlace a: Tipos de inter\u00e9s de los dep\u00f3sitos\">Tipos de dep\u00f3sito<\/a>\n<\/div>","protected":false},"excerpt":{"rendered":"","protected":false},"author":16,"featured_media":0,"parent":0,"menu_order":0,"comment_status":"closed","ping_status":"closed","template":"","meta":{"_acf_changed":false,"inline_featured_image":false,"footnotes":""},"class_list":["post-1662","page","type-page","status-publish","hentry"],"acf":[],"aioseo_notices":[],"_links":{"self":[{"href":"https:\/\/www.cityfirstbank.com\/es\/wp-json\/wp\/v2\/pages\/1662","targetHints":{"allow":["GET"]}}],"collection":[{"href":"https:\/\/www.cityfirstbank.com\/es\/wp-json\/wp\/v2\/pages"}],"about":[{"href":"https:\/\/www.cityfirstbank.com\/es\/wp-json\/wp\/v2\/types\/page"}],"author":[{"embeddable":true,"href":"https:\/\/www.cityfirstbank.com\/es\/wp-json\/wp\/v2\/users\/16"}],"replies":[{"embeddable":true,"href":"https:\/\/www.cityfirstbank.com\/es\/wp-json\/wp\/v2\/comments?post=1662"}],"version-history":[{"count":10,"href":"https:\/\/www.cityfirstbank.com\/es\/wp-json\/wp\/v2\/pages\/1662\/revisions"}],"predecessor-version":[{"id":3043,"href":"https:\/\/www.cityfirstbank.com\/es\/wp-json\/wp\/v2\/pages\/1662\/revisions\/3043"}],"wp:attachment":[{"href":"https:\/\/www.cityfirstbank.com\/es\/wp-json\/wp\/v2\/media?parent=1662"}],"curies":[{"name":"wp","href":"https:\/\/api.w.org\/{rel}","templated":true}]}}