{"id":1664,"date":"2025-09-02T19:01:20","date_gmt":"2025-09-02T19:01:20","guid":{"rendered":"https:\/\/cityfirstbank.com\/?page_id=1664"},"modified":"2025-12-19T21:53:46","modified_gmt":"2025-12-19T21:53:46","slug":"personalsavings","status":"publish","type":"page","link":"https:\/\/www.cityfirstbank.com\/es\/retail\/personalsavings\/","title":{"rendered":"Productos de ahorro personal"},"content":{"rendered":"<div id=\"block_d4a9156587f2ac5f2e759604720df8a8\" class=\"wysiwyg page-width\"><h2>Aumenta tus ahorros, crea riqueza generacional<\/h2>\n<p>City First Bank colabora con inversionistas de la comunidad, organismos p\u00fablicos e intermediarios financieros para ofrecer soluciones de ahorro flexibles que generan intereses. Ya sea que est\u00e9 acumulando patrimonio generacional mediante cuentas de custodia, buscando liquidez a trav\u00e9s de cuentas del mercado monetario o ahorrando para la jubilaci\u00f3n con certificados de dep\u00f3sito (CD), le ofrecemos opciones seguras y alineadas con nuestra misi\u00f3n para ayudarle a alcanzar sus metas financieras.<\/p>\n<\/div>\n\n\n\n\t<div id=\"block_82bbc0a4cbe5164595f152cc120b4654\" class=\"split container--horizontal split-size--50 background-color--light-blue background-alignment--full full-width vertical-align--top\">\n\t\t<!-- Image Error ($image is empty) -->\t\t<div class=\"split__inner-container\">\n\t\t\t\n\r\n<div id=\"block_6cb721d0062509caac2f1767552d06fe\" class=\"wysiwyg page-width\"><h2>Descubra nuestros productos de ahorro personal<\/h2>\n<\/div>\n\n\n<div id=\"block_71a4977ad1182077ac0f3c93df72a511\" class=\"link-list page-width\">\n\t\t\t<ul class=\"link-list__list\">\n\t\t\t\t\t\t\t\t<li class=\"link-list__item\">\n\t\t\t\t\t\t<a class=\"link-list__link\" href=\"https:\/\/www.cityfirstbank.com\/es\/retail\/personalsavings\/impact-savings\/\" target=\"_self\" aria-label=\"Enlace a: Impact Savings\">Impacto Ahorro<\/a>\n\t\t\t\t\t<\/li>\n\t\t\t\t\t\t\t\t\t<li class=\"link-list__item\">\n\t\t\t\t\t\t<a class=\"link-list__link\" href=\"https:\/\/www.cityfirstbank.com\/es\/retail\/personalsavings\/high-yield-consumer-money-market\/\" target=\"_self\" aria-label=\"Enlace a: Mercado monetario de alto rendimiento para consumidores\">Mercado monetario de alto rendimiento para consumidores<\/a>\n\t\t\t\t\t<\/li>\n\t\t\t\t\t\t\t\t\t<li class=\"link-list__item\">\n\t\t\t\t\t\t<a class=\"link-list__link\" href=\"https:\/\/www.cityfirstbank.com\/es\/retail\/personalsavings\/first-step-savings\/\" target=\"_self\" aria-label=\"Enlace a: Ahorros \u00abFirst Step\u00bb\">Ahorros \u00abPrimer Paso\u00bb<\/a>\n\t\t\t\t\t<\/li>\n\t\t\t\t\t\t\t\t\t<li class=\"link-list__item\">\n\t\t\t\t\t\t<a class=\"link-list__link\" href=\"https:\/\/www.cityfirstbank.com\/es\/retail\/personalsavings\/cds\/\" target=\"_self\" aria-label=\"Enlace a: CD\">CD<\/a>\n\t\t\t\t\t<\/li>\n\t\t\t\t\t\t<\/ul>\n\t<\/div>\n\n\n\t\t<\/div>\n\t<\/div>","protected":false},"excerpt":{"rendered":"","protected":false},"author":16,"featured_media":0,"parent":1617,"menu_order":0,"comment_status":"closed","ping_status":"closed","template":"","meta":{"_acf_changed":false,"inline_featured_image":false,"footnotes":""},"class_list":["post-1664","page","type-page","status-publish","hentry"],"acf":[],"aioseo_notices":[],"_links":{"self":[{"href":"https:\/\/www.cityfirstbank.com\/es\/wp-json\/wp\/v2\/pages\/1664","targetHints":{"allow":["GET"]}}],"collection":[{"href":"https:\/\/www.cityfirstbank.com\/es\/wp-json\/wp\/v2\/pages"}],"about":[{"href":"https:\/\/www.cityfirstbank.com\/es\/wp-json\/wp\/v2\/types\/page"}],"author":[{"embeddable":true,"href":"https:\/\/www.cityfirstbank.com\/es\/wp-json\/wp\/v2\/users\/16"}],"replies":[{"embeddable":true,"href":"https:\/\/www.cityfirstbank.com\/es\/wp-json\/wp\/v2\/comments?post=1664"}],"version-history":[{"count":14,"href":"https:\/\/www.cityfirstbank.com\/es\/wp-json\/wp\/v2\/pages\/1664\/revisions"}],"predecessor-version":[{"id":3143,"href":"https:\/\/www.cityfirstbank.com\/es\/wp-json\/wp\/v2\/pages\/1664\/revisions\/3143"}],"up":[{"embeddable":true,"href":"https:\/\/www.cityfirstbank.com\/es\/wp-json\/wp\/v2\/pages\/1617"}],"wp:attachment":[{"href":"https:\/\/www.cityfirstbank.com\/es\/wp-json\/wp\/v2\/media?parent=1664"}],"curies":[{"name":"wp","href":"https:\/\/api.w.org\/{rel}","templated":true}]}}