{"id":1669,"date":"2025-09-02T19:03:30","date_gmt":"2025-09-02T19:03:30","guid":{"rendered":"https:\/\/cityfirstbank.com\/?page_id=1669"},"modified":"2025-10-01T23:25:24","modified_gmt":"2025-10-01T23:25:24","slug":"impact-savings","status":"publish","type":"page","link":"https:\/\/www.cityfirstbank.com\/es\/retail\/personalsavings\/impact-savings\/","title":{"rendered":"Impacto Ahorro"},"content":{"rendered":"<div id=\"block_f8e072ed77496d2eb598520bb31ca17c\" class=\"wysiwyg page-width\"><h2>Ahorra con un objetivo, gana con fuerza<\/h2>\n<p>Aumente sus ahorros mientras apoya a su comunidad con una cuenta socialmente responsable* de City First Bank. Abre una cuenta con solo 1 400 TP y mant\u00e9n un saldo promedio de 5 000 TP para obtener una tasa de inter\u00e9s competitiva, dise\u00f1ada para personas que desean que su dinero marque la diferencia.<\/p>\n<p>*Consulte las tasas de dep\u00f3sito para obtener m\u00e1s informaci\u00f3n.<\/p>\n<p>&nbsp;<\/p>\n<h3>Detalles de la cuenta<\/h3>\n<table style=\"border-collapse: collapse;width: 100%\" border=\"1\">\n<tbody>\n<tr>\n<td style=\"width: 50%\">M\u00ednimo para abrir<\/td>\n<td style=\"width: 50%\"><strong>$100<\/strong><\/td>\n<\/tr>\n<tr>\n<td style=\"width: 50%\">Se aplicar\u00e1 una comisi\u00f3n de servicio mensual si no se cumple el requisito de saldo m\u00ednimo<\/td>\n<td style=\"width: 50%\"><strong>$3.00<\/strong><\/td>\n<\/tr>\n<tr>\n<td style=\"width: 50%\">Requisito de saldo medio mensual m\u00ednimo<\/td>\n<td style=\"width: 50%\"><strong>$500.00<\/strong><\/td>\n<\/tr>\n<tr>\n<td style=\"width: 50%\">Con intereses<\/td>\n<td style=\"width: 50%\"><strong>S\u00ed<\/strong><\/td>\n<\/tr>\n<tr>\n<td style=\"width: 50%\">L\u00edmites de retiro<\/td>\n<td style=\"width: 50%\"><em>L\u00edmite de 6 retiros al mes<\/em><\/td>\n<\/tr>\n<\/tbody>\n<\/table>\n<\/div>\n\n\n<div id=\"block_b5a8e5bcdea4c97bf75494b570dbfd8d\" class=\"link-button align-left page-width\">\n\t<a class=\"button\" href=\"https:\/\/www.cityfirstbank.com\/es\/speak-with-a-banker\/\" target=\"_self\" aria-label=\"Enlace a: Hable con un banquero\">Hable con un banquero<\/a>\n<\/div>\n\n\n<div id=\"block_bd2322528d1f6d76a389bc6075a9cafd\" class=\"link-button align-left page-width\">\n\t<a class=\"button\" href=\"https:\/\/www.cityfirstbank.com\/es\/appointment-scheduling-dc\/\" target=\"_self\" aria-label=\"Enlace a: Concertar una cita | Washington D. C.\">Concertar una cita | Washington D. C.<\/a>\n<\/div>\n\n\n<div id=\"block_ec27bb7afb61e0fdd7598a94c6359627\" class=\"link-button align-left page-width\">\n\t<a class=\"button\" href=\"https:\/\/www.cityfirstbank.com\/es\/deposit-rates\/\" target=\"_self\" aria-label=\"Enlace a: Tipos de inter\u00e9s de los dep\u00f3sitos\">Tipos de dep\u00f3sito<\/a>\n<\/div>","protected":false},"excerpt":{"rendered":"","protected":false},"author":16,"featured_media":0,"parent":1664,"menu_order":0,"comment_status":"closed","ping_status":"closed","template":"","meta":{"_acf_changed":false,"inline_featured_image":false,"footnotes":""},"class_list":["post-1669","page","type-page","status-publish","hentry"],"acf":[],"aioseo_notices":[],"_links":{"self":[{"href":"https:\/\/www.cityfirstbank.com\/es\/wp-json\/wp\/v2\/pages\/1669","targetHints":{"allow":["GET"]}}],"collection":[{"href":"https:\/\/www.cityfirstbank.com\/es\/wp-json\/wp\/v2\/pages"}],"about":[{"href":"https:\/\/www.cityfirstbank.com\/es\/wp-json\/wp\/v2\/types\/page"}],"author":[{"embeddable":true,"href":"https:\/\/www.cityfirstbank.com\/es\/wp-json\/wp\/v2\/users\/16"}],"replies":[{"embeddable":true,"href":"https:\/\/www.cityfirstbank.com\/es\/wp-json\/wp\/v2\/comments?post=1669"}],"version-history":[{"count":8,"href":"https:\/\/www.cityfirstbank.com\/es\/wp-json\/wp\/v2\/pages\/1669\/revisions"}],"predecessor-version":[{"id":2759,"href":"https:\/\/www.cityfirstbank.com\/es\/wp-json\/wp\/v2\/pages\/1669\/revisions\/2759"}],"up":[{"embeddable":true,"href":"https:\/\/www.cityfirstbank.com\/es\/wp-json\/wp\/v2\/pages\/1664"}],"wp:attachment":[{"href":"https:\/\/www.cityfirstbank.com\/es\/wp-json\/wp\/v2\/media?parent=1669"}],"curies":[{"name":"wp","href":"https:\/\/api.w.org\/{rel}","templated":true}]}}