{"id":1673,"date":"2025-09-02T19:06:59","date_gmt":"2025-09-02T19:06:59","guid":{"rendered":"https:\/\/cityfirstbank.com\/?page_id=1673"},"modified":"2025-12-29T18:36:38","modified_gmt":"2025-12-29T18:36:38","slug":"high-yield-consumer-money-market","status":"publish","type":"page","link":"https:\/\/www.cityfirstbank.com\/es\/retail\/personalsavings\/high-yield-consumer-money-market\/","title":{"rendered":"Mercado monetario de alto rendimiento para consumidores"},"content":{"rendered":"<div id=\"block_c2213a44c811b066a4de646d84b2ad7b\" class=\"wysiwyg page-width\"><h2>Aumenta tus ahorros con una cuenta del mercado monetario de alto rendimiento<\/h2>\n<p>Maximice sus ahorros con la Cuenta del Mercado Monetario para Particulares de Alto Rendimiento* de City First Bank: obtenga tasas de inter\u00e9s competitivas y escalonadas que se pagan mensualmente, disfrute de la comodidad de poder emitir cheques y \u00e1brala con tan solo 10 000 d\u00f3lares.<\/p>\n<p>*Consulte las tasas de dep\u00f3sito para obtener m\u00e1s informaci\u00f3n.<\/p>\n<p>&nbsp;<\/p>\n<h3>Detalles de la cuenta<\/h3>\n<table style=\"border-collapse: collapse;width: 100%\" border=\"1\">\n<tbody>\n<tr>\n<td style=\"width: 50%\">M\u00ednimo para abrir<\/td>\n<td style=\"width: 50%\">$10,000.00<\/td>\n<\/tr>\n<tr>\n<td style=\"width: 50%\">Se aplicar\u00e1 una comisi\u00f3n de mantenimiento mensual si no se cumple el requisito de saldo m\u00ednimo.<\/td>\n<td style=\"width: 50%\">$8.00<\/td>\n<\/tr>\n<tr>\n<td style=\"width: 50%\">Requisito de saldo medio mensual m\u00ednimo<\/td>\n<td style=\"width: 50%\">$10,000.00<\/td>\n<\/tr>\n<tr>\n<td style=\"width: 50%\">Con intereses<\/td>\n<td style=\"width: 50%\">\u00a1S\u00ed!<\/td>\n<\/tr>\n<tr>\n<td style=\"width: 50%\">L\u00edmites de retiro<\/td>\n<td style=\"width: 50%\">L\u00edmite de 6 retiros al mes.<\/td>\n<\/tr>\n<\/tbody>\n<\/table>\n<\/div>\n\n\n<div id=\"block_ef689295cb398a8b7f77af1aedb17b02\" class=\"link-button align-left page-width\">\n\t<a class=\"button\" href=\"https:\/\/www.cityfirstbank.com\/es\/speak-with-a-banker\/\" target=\"_self\" aria-label=\"Enlace a: Hable con un banquero\">Hable con un banquero<\/a>\n<\/div>\n\n\n<div id=\"block_9739ebbacf2de8dc9e820586d4b3b6ad\" class=\"link-button align-left page-width\">\n\t<a class=\"button\" href=\"https:\/\/www.cityfirstbank.com\/es\/appointment-scheduling-dc\/\" target=\"_self\" aria-label=\"Enlace a: Concertar una cita | Washington D. C.\">Concertar una cita | Washington D. C.<\/a>\n<\/div>\n\n\n<div id=\"block_244ceb5d9fe5138e64467f49b0bed7cb\" class=\"link-button align-left page-width\">\n\t<a class=\"button\" href=\"https:\/\/www.cityfirstbank.com\/es\/deposit-rates\/\" target=\"_self\" aria-label=\"Enlace a: Tipos de inter\u00e9s de los dep\u00f3sitos\">Tipos de dep\u00f3sito<\/a>\n<\/div>","protected":false},"excerpt":{"rendered":"","protected":false},"author":16,"featured_media":0,"parent":1664,"menu_order":0,"comment_status":"closed","ping_status":"closed","template":"","meta":{"_acf_changed":false,"inline_featured_image":false,"footnotes":""},"class_list":["post-1673","page","type-page","status-publish","hentry"],"acf":[],"aioseo_notices":[],"_links":{"self":[{"href":"https:\/\/www.cityfirstbank.com\/es\/wp-json\/wp\/v2\/pages\/1673","targetHints":{"allow":["GET"]}}],"collection":[{"href":"https:\/\/www.cityfirstbank.com\/es\/wp-json\/wp\/v2\/pages"}],"about":[{"href":"https:\/\/www.cityfirstbank.com\/es\/wp-json\/wp\/v2\/types\/page"}],"author":[{"embeddable":true,"href":"https:\/\/www.cityfirstbank.com\/es\/wp-json\/wp\/v2\/users\/16"}],"replies":[{"embeddable":true,"href":"https:\/\/www.cityfirstbank.com\/es\/wp-json\/wp\/v2\/comments?post=1673"}],"version-history":[{"count":13,"href":"https:\/\/www.cityfirstbank.com\/es\/wp-json\/wp\/v2\/pages\/1673\/revisions"}],"predecessor-version":[{"id":3167,"href":"https:\/\/www.cityfirstbank.com\/es\/wp-json\/wp\/v2\/pages\/1673\/revisions\/3167"}],"up":[{"embeddable":true,"href":"https:\/\/www.cityfirstbank.com\/es\/wp-json\/wp\/v2\/pages\/1664"}],"wp:attachment":[{"href":"https:\/\/www.cityfirstbank.com\/es\/wp-json\/wp\/v2\/media?parent=1673"}],"curies":[{"name":"wp","href":"https:\/\/api.w.org\/{rel}","templated":true}]}}