{"id":1675,"date":"2025-09-02T19:08:50","date_gmt":"2025-09-02T19:08:50","guid":{"rendered":"https:\/\/cityfirstbank.com\/?page_id=1675"},"modified":"2025-11-12T15:57:45","modified_gmt":"2025-11-12T15:57:45","slug":"first-step-savings","status":"publish","type":"page","link":"https:\/\/www.cityfirstbank.com\/es\/retail\/personalsavings\/first-step-savings\/","title":{"rendered":"Ahorros \u00abPrimer Paso\u00bb"},"content":{"rendered":"<div id=\"block_9b75b7f0d46f1e39815be926aaa4cb17\" class=\"wysiwyg page-width\"><h2>Cultiva su futuro: ahorros para j\u00f3venes con intereses y un prop\u00f3sito<\/h2>\n<p>Ayude a su hijo a desarrollar h\u00e1bitos financieros inteligentes desde una edad temprana con una cuenta de ahorro para j\u00f3venes* que genera intereses, ense\u00f1\u00e1ndole as\u00ed el valor del ahorro y la responsabilidad financiera para un futuro m\u00e1s s\u00f3lido.<\/p>\n<p>*Consulte las tasas de dep\u00f3sito para obtener m\u00e1s informaci\u00f3n.<\/p>\n<p>&nbsp;<\/p>\n<h3>Detalles de la cuenta<\/h3>\n<table style=\"border-collapse: collapse;width: 56.9418%\" border=\"1\">\n<tbody>\n<tr>\n<td style=\"width: 37.522%\">M\u00ednimo para abrir<\/td>\n<td style=\"width: 19.42%\">$25.00<\/td>\n<\/tr>\n<tr>\n<td style=\"width: 37.522%\">Cuota mensual de servicios<\/td>\n<td style=\"width: 19.42%\">$0.00<\/td>\n<\/tr>\n<tr>\n<td style=\"width: 37.522%\">Requisito de saldo medio mensual m\u00ednimo<\/td>\n<td style=\"width: 19.42%\">$0.00<\/td>\n<\/tr>\n<tr>\n<td style=\"width: 37.522%\">Con intereses<\/td>\n<td style=\"width: 19.42%\">\u00a1S\u00ed!<\/td>\n<\/tr>\n<\/tbody>\n<\/table>\n<div>\n<p style=\"text-align: left\">\n<\/div>\n<\/div>\n\n\n<div id=\"block_e3b8cc4802e8764d738ab6315295fc41\" class=\"link-button align-left page-width\">\n\t<a class=\"button\" href=\"https:\/\/www.cityfirstbank.com\/es\/speak-with-a-banker\/\" target=\"_self\" aria-label=\"Enlace a: Hable con un banquero\">Hable con un banquero<\/a>\n<\/div>\n\n\n<div id=\"block_7e3b91dd94e75266c4142f74dc1e1882\" class=\"link-button align-left page-width\">\n\t<a class=\"button\" href=\"https:\/\/www.cityfirstbank.com\/es\/appointment-scheduling-dc\/\" target=\"_self\" aria-label=\"Enlace a: Concertar una cita | Washington D. C.\">Concertar una cita | Washington D. C.<\/a>\n<\/div>\n\n\n<div id=\"block_8e5aea30b09b5150d0bc4aac567de4f1\" class=\"link-button align-left page-width\">\n\t<a class=\"button\" href=\"https:\/\/www.cityfirstbank.com\/es\/deposit-rates\/\" target=\"_self\" aria-label=\"Enlace a: Tipos de inter\u00e9s de los dep\u00f3sitos\">Tipos de dep\u00f3sito<\/a>\n<\/div>","protected":false},"excerpt":{"rendered":"","protected":false},"author":16,"featured_media":0,"parent":1664,"menu_order":0,"comment_status":"closed","ping_status":"closed","template":"","meta":{"_acf_changed":false,"inline_featured_image":false,"footnotes":""},"class_list":["post-1675","page","type-page","status-publish","hentry"],"acf":[],"aioseo_notices":[],"_links":{"self":[{"href":"https:\/\/www.cityfirstbank.com\/es\/wp-json\/wp\/v2\/pages\/1675","targetHints":{"allow":["GET"]}}],"collection":[{"href":"https:\/\/www.cityfirstbank.com\/es\/wp-json\/wp\/v2\/pages"}],"about":[{"href":"https:\/\/www.cityfirstbank.com\/es\/wp-json\/wp\/v2\/types\/page"}],"author":[{"embeddable":true,"href":"https:\/\/www.cityfirstbank.com\/es\/wp-json\/wp\/v2\/users\/16"}],"replies":[{"embeddable":true,"href":"https:\/\/www.cityfirstbank.com\/es\/wp-json\/wp\/v2\/comments?post=1675"}],"version-history":[{"count":11,"href":"https:\/\/www.cityfirstbank.com\/es\/wp-json\/wp\/v2\/pages\/1675\/revisions"}],"predecessor-version":[{"id":3057,"href":"https:\/\/www.cityfirstbank.com\/es\/wp-json\/wp\/v2\/pages\/1675\/revisions\/3057"}],"up":[{"embeddable":true,"href":"https:\/\/www.cityfirstbank.com\/es\/wp-json\/wp\/v2\/pages\/1664"}],"wp:attachment":[{"href":"https:\/\/www.cityfirstbank.com\/es\/wp-json\/wp\/v2\/media?parent=1675"}],"curies":[{"name":"wp","href":"https:\/\/api.w.org\/{rel}","templated":true}]}}