{"id":1679,"date":"2025-09-02T19:12:54","date_gmt":"2025-09-02T19:12:54","guid":{"rendered":"https:\/\/cityfirstbank.com\/?page_id=1679"},"modified":"2025-11-04T16:06:07","modified_gmt":"2025-11-04T16:06:07","slug":"cds","status":"publish","type":"page","link":"https:\/\/www.cityfirstbank.com\/es\/retail\/personalsavings\/cds\/","title":{"rendered":"CD"},"content":{"rendered":"<div id=\"block_eea56b248f1158a29cd25cd709c4f3a7\" class=\"wysiwyg page-width\"><h2>Aumente sus ahorros con tasas competitivas en certificados de dep\u00f3sito: desde tan solo $1,000<\/h2>\n<p>Empiece hoy mismo a construir su futuro con un certificado de dep\u00f3sito* de City First Bank: haga crecer su dinero con tasas de inter\u00e9s competitivas tanto para objetivos a corto como a largo plazo, a partir de solo $1,000. Pueden aplicarse cargos por retiro anticipado.<\/p>\n<p>*Consulte las tasas de dep\u00f3sito para obtener m\u00e1s informaci\u00f3n.<\/p>\n<p>&nbsp;<\/p>\n<h3>Detalles de la cuenta<\/h3>\n<table style=\"border-collapse: collapse;width: 100%\" border=\"1\">\n<tbody>\n<tr>\n<td style=\"width: 50%\"><strong>CD normal<\/strong><\/td>\n<td style=\"width: 50%\"><\/td>\n<\/tr>\n<tr>\n<td style=\"width: 50%\">M\u00ednimo para abrir<\/td>\n<td style=\"width: 50%\"><strong>$1,000.00<\/strong><\/td>\n<\/tr>\n<tr>\n<td style=\"width: 50%\">Plazo y tipo de inter\u00e9s del CD<\/td>\n<td style=\"width: 50%\"><strong>De 3 meses a 5 a\u00f1os<\/strong><\/td>\n<\/tr>\n<tr>\n<td style=\"width: 50%\"><strong>CD gigante<\/strong><\/td>\n<td style=\"width: 50%\"><\/td>\n<\/tr>\n<tr>\n<td style=\"width: 50%\">M\u00ednimo para abrir<\/td>\n<td style=\"width: 50%\"><strong>$100,000.00<\/strong><\/td>\n<\/tr>\n<tr>\n<td style=\"width: 50%\">Plazo y tipo de inter\u00e9s del CD<\/td>\n<td style=\"width: 50%\"><strong>De 3 meses a 5 a\u00f1os<\/strong><\/td>\n<\/tr>\n<\/tbody>\n<\/table>\n<\/div>\n\n\n<div id=\"block_ae9a7480125d2b7f074bcabf96561db9\" class=\"link-button align-left page-width\">\n\t<a class=\"button\" href=\"https:\/\/www.cityfirstbank.com\/es\/speak-with-a-banker\/\" target=\"_self\" aria-label=\"Enlace a: Hable con un banquero\">Hable con un banquero<\/a>\n<\/div>\n\n\n<div id=\"block_d55f820f34b7a4eb197a0e3c45561135\" class=\"link-button align-left page-width\">\n\t<a class=\"button\" href=\"https:\/\/www.cityfirstbank.com\/es\/appointment-scheduling-dc\/\" target=\"_self\" aria-label=\"Enlace a: Concertar una cita | Washington D. C.\">Concertar una cita | Washington D. C.<\/a>\n<\/div>\n\n\n<div id=\"block_5014b90589b85e6e7cd9b27ee90e2aa3\" class=\"link-button align-left page-width\">\n\t<a class=\"button\" href=\"https:\/\/www.cityfirstbank.com\/es\/deposit-rates\/\" target=\"_self\" aria-label=\"Enlace a: Tipos de inter\u00e9s de los dep\u00f3sitos\">Tipos de dep\u00f3sito<\/a>\n<\/div>","protected":false},"excerpt":{"rendered":"","protected":false},"author":16,"featured_media":0,"parent":1664,"menu_order":0,"comment_status":"closed","ping_status":"closed","template":"","meta":{"_acf_changed":false,"inline_featured_image":false,"footnotes":""},"class_list":["post-1679","page","type-page","status-publish","hentry"],"acf":[],"aioseo_notices":[],"_links":{"self":[{"href":"https:\/\/www.cityfirstbank.com\/es\/wp-json\/wp\/v2\/pages\/1679","targetHints":{"allow":["GET"]}}],"collection":[{"href":"https:\/\/www.cityfirstbank.com\/es\/wp-json\/wp\/v2\/pages"}],"about":[{"href":"https:\/\/www.cityfirstbank.com\/es\/wp-json\/wp\/v2\/types\/page"}],"author":[{"embeddable":true,"href":"https:\/\/www.cityfirstbank.com\/es\/wp-json\/wp\/v2\/users\/16"}],"replies":[{"embeddable":true,"href":"https:\/\/www.cityfirstbank.com\/es\/wp-json\/wp\/v2\/comments?post=1679"}],"version-history":[{"count":11,"href":"https:\/\/www.cityfirstbank.com\/es\/wp-json\/wp\/v2\/pages\/1679\/revisions"}],"predecessor-version":[{"id":2982,"href":"https:\/\/www.cityfirstbank.com\/es\/wp-json\/wp\/v2\/pages\/1679\/revisions\/2982"}],"up":[{"embeddable":true,"href":"https:\/\/www.cityfirstbank.com\/es\/wp-json\/wp\/v2\/pages\/1664"}],"wp:attachment":[{"href":"https:\/\/www.cityfirstbank.com\/es\/wp-json\/wp\/v2\/media?parent=1679"}],"curies":[{"name":"wp","href":"https:\/\/api.w.org\/{rel}","templated":true}]}}