{"id":1683,"date":"2025-09-02T19:19:36","date_gmt":"2025-09-02T19:19:36","guid":{"rendered":"https:\/\/cityfirstbank.com\/?page_id=1683"},"modified":"2025-11-04T16:10:29","modified_gmt":"2025-11-04T16:10:29","slug":"digitalpersonal","status":"publish","type":"page","link":"https:\/\/www.cityfirstbank.com\/es\/retail\/digitalpersonal\/","title":{"rendered":"Banca Digital Personal"},"content":{"rendered":"<div id=\"block_a5a6b138d5d2a3ddeec9ddb364a4679c\" class=\"wysiwyg page-width\"><h3>Toma el control de tus finanzas con la banca digital de City First<\/h3>\n<p>Las herramientas de banca digital de City First Bank para particulares te permiten gestionar f\u00e1cilmente tus finanzas personales, de forma segura y c\u00f3moda. Ya sea para consultar saldos, pagar facturas o depositar cheques, nuestras plataformas en l\u00ednea y m\u00f3viles te ofrecen todo el control al alcance de la mano.<\/p>\n<\/div>\n\n\n\n\t<div id=\"block_c35c9f2f0ae318f022b35414d2808791\" class=\"split container--horizontal split-size--50 background-color--light-blue background-alignment--right full-width vertical-align--middle\">\n\t\t<!-- Image Error ($image is empty) -->\t\t<div class=\"split__inner-container\">\n\t\t\t\n\n<div id=\"block_04aa10e17796453673c37c624307ffb7\" class=\"image page-width\">\n\t<div class=\"i72-image cover\" role=\"img\" title=\"iStock-1139537240\" aria-label=\"Texto alternativo no disponible\" data-srcset=\"https:\/\/www.cityfirstbank.com\/wp-content\/uploads\/2025\/11\/iStock-1139537240.jpg 3000w 3000h,https:\/\/www.cityfirstbank.com\/wp-content\/uploads\/2025\/11\/iStock-1139537240-300x176.jpg 300w 176h,https:\/\/www.cityfirstbank.com\/wp-content\/uploads\/2025\/11\/iStock-1139537240-768x451.jpg 768w 451h,https:\/\/www.cityfirstbank.com\/wp-content\/uploads\/2025\/11\/iStock-1139537240-1024x601.jpg 1024w 601h,https:\/\/www.cityfirstbank.com\/wp-content\/uploads\/2025\/11\/iStock-1139537240-1536x901.jpg 1536w 901h,https:\/\/www.cityfirstbank.com\/wp-content\/uploads\/2025\/11\/iStock-1139537240-2048x1202.jpg 2048w 1202h,https:\/\/www.cityfirstbank.com\/wp-content\/uploads\/2025\/11\/iStock-1139537240-18x12.jpg 18w 12h,https:\/\/www.cityfirstbank.com\/wp-content\/uploads\/2025\/11\/iStock-1139537240-150x88.jpg 150w 88h,https:\/\/www.cityfirstbank.com\/wp-content\/uploads\/2025\/11\/iStock-1139537240-1280x751.jpg 1280w 751h,https:\/\/www.cityfirstbank.com\/wp-content\/uploads\/2025\/11\/iStock-1139537240.jpg 2500w 1467h\" data-original-width=\"2500\" data-original-height=\"1467\"><\/div><\/div>\n\n\r\n<div id=\"block_db1095df6dd0cae29d4d36b109438953\" class=\"wysiwyg page-width\"><h3>Caracter\u00edsticas principales<\/h3>\n<p><strong>Banca electr\u00f3nica 24\/7<\/strong>: Acceda a sus cuentas, transfiera fondos y pague facturas en cualquier momento<\/p>\n<p><strong>Aplicaci\u00f3n de banca m\u00f3vil<\/strong>: Deposita cheques, configura alertas y administra tus finanzas desde cualquier lugar<\/p>\n<p><strong>Extractos electr\u00f3nicos<\/strong>: Olv\u00eddese del papel y acceda de forma r\u00e1pida y segura al historial de su cuenta<\/p>\n<p><strong>Pago de facturas<\/strong>: Programe pagos \u00fanicos o peri\u00f3dicos con facilidad<\/p>\n<p><strong>Alertas de cuenta<\/strong>: Mantente informado con notificaciones personalizables<\/p>\n<p><strong>Integraci\u00f3n de software financiero<\/strong>: Con\u00e9ctate con herramientas como Quicken\u00ae y QuickBooks\u00ae para una gesti\u00f3n financiera sin complicaciones<\/p>\n<\/div>\n\n\t\t<\/div>\n\t<\/div>\n\n\n\n\r\n<div id=\"block_cf073a6c346af9017b47648d03f03f7d\" class=\"wysiwyg page-width\"><h3>\u00bfPor qu\u00e9 es importante? Con la banca digital de City First Bank, tendr\u00e1s la libertad de gestionar tus finanzas cuando y donde te convenga, sin sacrificar la seguridad ni la calidad del servicio.<\/h3>\n<\/div>","protected":false},"excerpt":{"rendered":"","protected":false},"author":16,"featured_media":0,"parent":1617,"menu_order":0,"comment_status":"closed","ping_status":"closed","template":"","meta":{"_acf_changed":false,"inline_featured_image":false,"footnotes":""},"class_list":["post-1683","page","type-page","status-publish","hentry"],"acf":[],"aioseo_notices":[],"_links":{"self":[{"href":"https:\/\/www.cityfirstbank.com\/es\/wp-json\/wp\/v2\/pages\/1683","targetHints":{"allow":["GET"]}}],"collection":[{"href":"https:\/\/www.cityfirstbank.com\/es\/wp-json\/wp\/v2\/pages"}],"about":[{"href":"https:\/\/www.cityfirstbank.com\/es\/wp-json\/wp\/v2\/types\/page"}],"author":[{"embeddable":true,"href":"https:\/\/www.cityfirstbank.com\/es\/wp-json\/wp\/v2\/users\/16"}],"replies":[{"embeddable":true,"href":"https:\/\/www.cityfirstbank.com\/es\/wp-json\/wp\/v2\/comments?post=1683"}],"version-history":[{"count":8,"href":"https:\/\/www.cityfirstbank.com\/es\/wp-json\/wp\/v2\/pages\/1683\/revisions"}],"predecessor-version":[{"id":2984,"href":"https:\/\/www.cityfirstbank.com\/es\/wp-json\/wp\/v2\/pages\/1683\/revisions\/2984"}],"up":[{"embeddable":true,"href":"https:\/\/www.cityfirstbank.com\/es\/wp-json\/wp\/v2\/pages\/1617"}],"wp:attachment":[{"href":"https:\/\/www.cityfirstbank.com\/es\/wp-json\/wp\/v2\/media?parent=1683"}],"curies":[{"name":"wp","href":"https:\/\/api.w.org\/{rel}","templated":true}]}}