{"id":1692,"date":"2025-09-02T19:45:38","date_gmt":"2025-09-02T19:45:38","guid":{"rendered":"https:\/\/cityfirstbank.com\/?page_id=1692"},"modified":"2026-01-26T18:30:20","modified_gmt":"2026-01-26T18:30:20","slug":"news-and-reports","status":"publish","type":"page","link":"https:\/\/www.cityfirstbank.com\/es\/news-and-reports\/","title":{"rendered":"Noticias e informes"},"content":{"rendered":"<div id=\"block_7ddd31927ff90395ed7338e52b901010\" class=\"wysiwyg page-width\"><h2>Su fuente de noticias financieras<\/h2>\n<p>Mant\u00e9ngase conectado con las \u00faltimas novedades de City First Bank y Broadway Financial Corporation (NASDAQ: BYFC). Desde asociaciones estrat\u00e9gicas y actualizaciones financieras hasta historias de impacto en la comunidad y reconocimiento nacional, esta es su fuente de informaci\u00f3n oportuna y de confianza.<\/p>\n<h3 class=\"title\">Noticias e informes<\/h3>\n<p><a href=\"https:\/\/www.cityfirstbank.com\/es\/2026\/01\/26\/city-first-bank-awarded-75-million-new-markets-tax-credit-allocation-by-cdfi-fund\/\">City First Bank recibe una asignaci\u00f3n de $75 millones de d\u00f3lares en cr\u00e9ditos fiscales para nuevos mercados por parte del Fondo CDFI<\/a><br \/>\n26 de enero de 2026<br \/>\nCr\u00e9dito fiscal para nuevos mercados<br \/>\n______________________<\/p>\n<div class=\"views-field views-field-body\">\n<div class=\"field-content\"><a href=\"https:\/\/www.cfg.bank\/news\/cfg-bank-commits-to-expanding-capital-access-for-affordable-housing-small-businesses-and-community-services\/\">CFG Bank deposita 1.450 millones de d\u00f3lares en City First Bank para impulsar el desarrollo del \u00e1rea metropolitana de Baltimore<\/a><\/div>\n<div class=\"field-content\">30 de octubre de 2025<\/div>\n<div class=\"field-content\">CFG Bank<\/div>\n<div class=\"field-content\">______________________<\/div>\n<div class=\"field-content\"><a href=\"https:\/\/www.prnewswire.com\/news-releases\/city-first-bank-appoints-justin-jennings-as-executive-vice-president-chief-deposit-officer-302589195.html\">City First Bank nombra a Justin Jennings vicepresidente ejecutivo y director de dep\u00f3sitos<\/a><\/div>\n<div class=\"field-content\">20 de octubre de 2025<\/div>\n<div class=\"field-content\">PR News Wire Am\u00e9rica Latina (es-419) Espa\u00f1ol<\/div>\n<div class=\"field-content\">_______________________<\/div>\n<div class=\"field-content\"><a href=\"https:\/\/www.calbankers.com\/become-a-member\/newsroom\/californiabanker-magazine\">Banquero de California: Una conversaci\u00f3n con Brian Argrett City First Bank<\/a><\/div>\n<div class=\"field-content\">19 de noviembre de 2024<\/div>\n<div class=\"field-content\">Asociaci\u00f3n de Banqueros de California<\/div>\n<div class=\"field-content\">_______________________<\/div>\n<div class=\"field-content\"><a href=\"https:\/\/www.familyoffice.com\/podcasts\/generating-positive-impact-through-the-act-deposit-program\"><span class=\"NormalTextRun SCXW222687145 BCX8\">A <\/span><span class=\"NormalTextRun SCXW222687145 BCX8\">Conversaci\u00f3n con<\/span><span class=\"NormalTextRun SCXW222687145 BCX8\">con Brian <\/span><span class=\"NormalTextRun SpellingErrorV2Themed SCXW222687145 BCX8\">Argrett<\/span><span class=\"NormalTextRun SCXW222687145 BCX8\"> City First Bank<\/span><\/a><\/div>\n<div class=\"field-content\">24 de octubre de 2024<\/div>\n<div class=\"field-content\">Podcast de Family Office Exchange<\/div>\n<div class=\"field-content\">_______________________<\/div>\n<div class=\"field-content\"><a href=\"https:\/\/www.housingfinance.com\/finance\/m-t-realty-capital-corp-and-city-first-bank-announce-agency-correspondent-relationship_o\">City First Bank y M&amp;T anuncian una relaci\u00f3n de corresponsal\u00eda de agencia<\/a><\/div>\n<div class=\"field-content\">17 de noviembre de 2023<\/div>\n<div class=\"field-content\">Financiaci\u00f3n de la vivienda<\/div>\n<div class=\"field-content\">_______________________<\/div>\n<div class=\"field-content\"><a href=\"https:\/\/www.blackenterprise.com\/bank-of-america-to-invest-100-million-in-deposits-to-support-mdis-and-cdfis-in-underserved-communities\/\" target=\"_blank\" rel=\"noopener\">Bank of America invertir\u00e1 $100M en IDM<\/a><\/div>\n<div class=\"field-content\">5 de octubre de 2022<\/div>\n<div class=\"field-content\">Empresa negra<\/div>\n<div class=\"field-content\">_______________________<\/div>\n<div class=\"field-content\"><a href=\"https:\/\/time.com\/nextadvisor\/banking\/black-owned-banks-in-every-state\/\" target=\"_blank\" rel=\"noopener\">Los bancos de propiedad negra y dirigidos por negros est\u00e1n reduciendo la brecha de riqueza. D\u00f3nde encontrar uno en los 50 estados<\/a><\/div>\n<div class=\"field-content\">19 de septiembre de 2022<\/div>\n<div class=\"field-content\">TIEMPO<\/div>\n<div class=\"field-content\">_______________________<\/div>\n<div class=\"field-content\"><a href=\"https:\/\/shoppeblack.us\/black-led-bank-real-estate-and-the-wealth-gap\/\">Panel del mayor banco dirigido por negros sobre el sector inmobiliario y la brecha de riqueza<\/a><\/div>\n<div class=\"field-content\">22 de julio de 2022<\/div>\n<div class=\"field-content\">Shoppe Negro<\/div>\n<div class=\"field-content\">_______________________<\/div>\n<div class=\"field-content\"><a href=\"https:\/\/labusinessjournal.com\/finance\/money-issue-2022-financial-inst-digital-age\/\" target=\"_blank\" rel=\"noopener\">Instituciones financieras: La era digital<\/a><\/div>\n<div class=\"field-content\">31 de enero de 2022<\/div>\n<div class=\"field-content\">LA Business Journal, edici\u00f3n de 2022<\/div>\n<div class=\"field-content\">_______________________<\/div>\n<div class=\"field-content\"><a href=\"https:\/\/finance.yahoo.com\/news\/u-department-treasury-announces-broadway-194500157.html?guccounter=1&amp;guce_referrer=aHR0cHM6Ly93d3cuZ29vZ2xlLmNvbS8&amp;guce_referrer_sig=AQAAAHndAsjCzZg3LkiU6uYucXlrHHlALPFu9DpQZiSODf4IoTdhVCWEvzRmtKn0J6e7dGodHxJ32z7RDRJ-lwW_yBONc2k1LNqRvQhmkSTOCqktD1uRIz9zeXuTdX34ZTsCRwjtbGutWUzrvTRH4XLadqP2Xn1CippxKjz_eJR17OEq\" target=\"_blank\" rel=\"noopener\">El Departamento del Tesoro de EE.UU. anuncia que Broadway es uno de los beneficiarios de las inversiones del Programa de Inversiones de Capital de Emergencia<\/a><\/div>\n<div class=\"field-content\">17 de diciembre de 2021<\/div>\n<div class=\"field-content\">Yahoo Finanzas<\/div>\n<div class=\"field-content\">_______________________<\/div>\n<div class=\"field-content\"><a href=\"https:\/\/www.nytimes.com\/2020\/08\/26\/business\/black-banks-m.html\">Dos bancos dirigidos por negros se fusionan para formar un prestamista de $1.000 millones<\/a><\/div>\n<div class=\"field-content\">26 de agosto de 2020<\/div>\n<div class=\"field-content\">El New York Times<\/div>\n<div class=\"field-content\">_______________________<\/div>\n<div class=\"field-content\"><a href=\"https:\/\/www.bizjournals.com\/washington\/news\/2020\/08\/26\/city-first-bank-dc-merger-broadway-federal-bank.html\" target=\"_blank\" rel=\"noopener\">City First Bank of D.C. se fusionar\u00e1 con otro banco de propiedad negra para crear un gigante nacional<\/a><\/div>\n<div class=\"field-content\">26 de agosto de 2020<\/div>\n<div class=\"field-content\">Washington Business Journal<\/div>\n<div class=\"field-content\">_______________________<\/div>\n<div class=\"field-content\"><a href=\"https:\/\/www.bloomberg.com\/news\/articles\/2020-08-26\/city-first-broadway-deal-will-create-biggest-black-led-u-s-bank#:~:text=City%20First%20Bank%20of%20D.C.,led%20bank%20in%20the%20U.S\">El acuerdo City First-Broadway crear\u00e1 el mayor banco estadounidense dirigido por negros<\/a><\/div>\n<div class=\"field-content\">26 de agosto de 2020<\/div>\n<div class=\"field-content\">Bloomberg<\/div>\n<div class=\"field-content\">_______________________<\/div>\n<div class=\"field-content\"><a href=\"https:\/\/pennystocks.com\/featured\/2020\/08\/26\/find-penny-stocks-to-buy-now-3-hitting-stride-this-week-august-26-2020\/\" target=\"_blank\" rel=\"noopener\">\u00bfBuscando Penny Stocks para comprar ahora? 3 A buen ritmo esta semana<\/a><\/div>\n<div class=\"field-content\">26 de agosto de 2020<\/div>\n<div class=\"field-content\">Acciones de un c\u00e9ntimo<\/div>\n<\/div>\n<\/div>","protected":false},"excerpt":{"rendered":"","protected":false},"author":16,"featured_media":0,"parent":0,"menu_order":0,"comment_status":"closed","ping_status":"closed","template":"","meta":{"_acf_changed":false,"inline_featured_image":false,"footnotes":""},"class_list":["post-1692","page","type-page","status-publish","hentry"],"acf":[],"aioseo_notices":[],"_links":{"self":[{"href":"https:\/\/www.cityfirstbank.com\/es\/wp-json\/wp\/v2\/pages\/1692","targetHints":{"allow":["GET"]}}],"collection":[{"href":"https:\/\/www.cityfirstbank.com\/es\/wp-json\/wp\/v2\/pages"}],"about":[{"href":"https:\/\/www.cityfirstbank.com\/es\/wp-json\/wp\/v2\/types\/page"}],"author":[{"embeddable":true,"href":"https:\/\/www.cityfirstbank.com\/es\/wp-json\/wp\/v2\/users\/16"}],"replies":[{"embeddable":true,"href":"https:\/\/www.cityfirstbank.com\/es\/wp-json\/wp\/v2\/comments?post=1692"}],"version-history":[{"count":16,"href":"https:\/\/www.cityfirstbank.com\/es\/wp-json\/wp\/v2\/pages\/1692\/revisions"}],"predecessor-version":[{"id":3232,"href":"https:\/\/www.cityfirstbank.com\/es\/wp-json\/wp\/v2\/pages\/1692\/revisions\/3232"}],"wp:attachment":[{"href":"https:\/\/www.cityfirstbank.com\/es\/wp-json\/wp\/v2\/media?parent=1692"}],"curies":[{"name":"wp","href":"https:\/\/api.w.org\/{rel}","templated":true}]}}