{"id":1802,"date":"2025-09-03T17:39:06","date_gmt":"2025-09-03T17:39:06","guid":{"rendered":"https:\/\/cityfirstbank.com\/?page_id=1802"},"modified":"2026-02-04T17:23:13","modified_gmt":"2026-02-04T17:23:13","slug":"commercial-checking-products","status":"publish","type":"page","link":"https:\/\/www.cityfirstbank.com\/es\/commercial-checking-products\/","title":{"rendered":"Productos de cheques comerciales"},"content":{"rendered":"<div id=\"block_f80ffeb71a67a762fca34230d38463a4\" class=\"wysiwyg page-width\"><h2>Cuentas corrientes comerciales de City First Bank<\/h2>\n<p>En City First Bank, nuestras soluciones de cuentas corrientes comerciales est\u00e1n dise\u00f1adas para empoderar a las empresas de todos los tama\u00f1os con una banca flexible, rentable y socialmente responsable. Si usted es una empresa nueva, una empresa en crecimiento, o una organizaci\u00f3n centrada en la comunidad, ofrecemos cuentas a medida para satisfacer sus necesidades operativas.<\/p>\n<\/div>\n\n\n\n\t<div id=\"block_fbb8cab6d6f60ecd05d47537456af830\" class=\"split container--horizontal split-size--50 background-color--light-blue background-alignment--full full-width vertical-align--top\">\n\t\t<!-- Image Error ($image is empty) -->\t\t<div class=\"split__inner-container\">\n\t\t\t\n\r\n<div id=\"block_d49a67e45cb8a4ab377da524983ed190\" class=\"wysiwyg page-width\"><h2>Descubra nuestros productos de cheques comerciales<\/h2>\n<\/div>\n\n\n<div id=\"block_fc081af108ef6ed91f0d9bd4f9636daf\" class=\"link-list page-width\">\n\t\t\t<ul class=\"link-list__list\">\n\t\t\t\t\t\t\t\t<li class=\"link-list__item\">\n\t\t\t\t\t\t<a class=\"link-list__link\" href=\"https:\/\/www.cityfirstbank.com\/es\/first-premier-business-analysis-checking\/\" target=\"_self\" aria-label=\"Enlace a: Primera Comprobaci\u00f3n Premier de An\u00e1lisis de Negocio\">First Premier An\u00e1lisis Empresarial Comprobaci\u00f3n<\/a>\n\t\t\t\t\t<\/li>\n\t\t\t\t\t\t\t\t\t<li class=\"link-list__item\">\n\t\t\t\t\t\t<a class=\"link-list__link\" href=\"https:\/\/www.cityfirstbank.com\/es\/community-partner-business-checking\/\" target=\"_self\" aria-label=\"Enlace a: Comprobaci\u00f3n de empresas socias de la Comunidad\">Cuenta de cheques para empresas asociadas a la Comunidad<\/a>\n\t\t\t\t\t<\/li>\n\t\t\t\t\t\t\t\t\t<li class=\"link-list__item\">\n\t\t\t\t\t\t<a class=\"link-list__link\" href=\"https:\/\/www.cityfirstbank.com\/es\/interest-on-lawyers-trust-accounts-iolta\/\" target=\"_self\" aria-label=\"Enlace a: Intereses de las cuentas fiduciarias de los abogados (IOLTA)\">Intereses de las cuentas fiduciarias de los abogados (IOLTA)<\/a>\n\t\t\t\t\t<\/li>\n\t\t\t\t\t\t<\/ul>\n\t<\/div>\n\n\n\t\t<\/div>\n\t<\/div>","protected":false},"excerpt":{"rendered":"","protected":false},"author":16,"featured_media":0,"parent":0,"menu_order":0,"comment_status":"closed","ping_status":"closed","template":"","meta":{"_acf_changed":false,"inline_featured_image":false,"footnotes":""},"class_list":["post-1802","page","type-page","status-publish","hentry"],"acf":[],"aioseo_notices":[],"_links":{"self":[{"href":"https:\/\/www.cityfirstbank.com\/es\/wp-json\/wp\/v2\/pages\/1802","targetHints":{"allow":["GET"]}}],"collection":[{"href":"https:\/\/www.cityfirstbank.com\/es\/wp-json\/wp\/v2\/pages"}],"about":[{"href":"https:\/\/www.cityfirstbank.com\/es\/wp-json\/wp\/v2\/types\/page"}],"author":[{"embeddable":true,"href":"https:\/\/www.cityfirstbank.com\/es\/wp-json\/wp\/v2\/users\/16"}],"replies":[{"embeddable":true,"href":"https:\/\/www.cityfirstbank.com\/es\/wp-json\/wp\/v2\/comments?post=1802"}],"version-history":[{"count":7,"href":"https:\/\/www.cityfirstbank.com\/es\/wp-json\/wp\/v2\/pages\/1802\/revisions"}],"predecessor-version":[{"id":3253,"href":"https:\/\/www.cityfirstbank.com\/es\/wp-json\/wp\/v2\/pages\/1802\/revisions\/3253"}],"wp:attachment":[{"href":"https:\/\/www.cityfirstbank.com\/es\/wp-json\/wp\/v2\/media?parent=1802"}],"curies":[{"name":"wp","href":"https:\/\/api.w.org\/{rel}","templated":true}]}}