{"id":1806,"date":"2025-09-03T17:42:39","date_gmt":"2025-09-03T17:42:39","guid":{"rendered":"https:\/\/cityfirstbank.com\/?page_id=1806"},"modified":"2025-12-19T21:50:53","modified_gmt":"2025-12-19T21:50:53","slug":"commercial-savings-products","status":"publish","type":"page","link":"https:\/\/www.cityfirstbank.com\/es\/commercial-savings-products\/","title":{"rendered":"Productos de ahorro comercial"},"content":{"rendered":"<div id=\"block_38b2e5959b9cb21a3cce2a28888a029a\" class=\"wysiwyg page-width\"><h2>Cuentas de ahorro comerciales de City First Bank<\/h2>\n<p>En City First Bank, creemos que los ahorros de su empresa deben hacer algo m\u00e1s que generar intereses: deben impulsar su misi\u00f3n. Nuestros productos de ahorro comercial est\u00e1n dise\u00f1ados para ayudar a las empresas, las organizaciones sin fines de lucro y las organizaciones comunitarias a crecer, al tiempo que fomentan las oportunidades econ\u00f3micas y generan un impacto positivo.<\/p>\n<\/div>\n\n\n\n\t<div id=\"block_d31f52d703296252e20f41c945179244\" class=\"split container--horizontal split-size--50 background-color--light-blue background-alignment--full full-width vertical-align--top\">\n\t\t<!-- Image Error ($image is empty) -->\t\t<div class=\"split__inner-container\">\n\t\t\t\n\r\n<div id=\"block_74ff42ea170857181789f92e8d88604d\" class=\"wysiwyg page-width\"><h2>Explore nuestros productos de ahorro comercial<\/h2>\n<\/div>\n\n\n<div id=\"block_afcaf5e3d337682b0d4eb3205f024998\" class=\"link-list page-width\">\n\t\t\t<ul class=\"link-list__list\">\n\t\t\t\t\t\t\t\t<li class=\"link-list__item\">\n\t\t\t\t\t\t<a class=\"link-list__link\" href=\"https:\/\/www.cityfirstbank.com\/es\/commercial-high-yield-money-market-account\/\" target=\"_self\" aria-label=\"Enlace a: Cuenta del mercado monetario comercial de alto rendimiento\">Cuenta del mercado monetario comercial de alto rendimiento<\/a>\n\t\t\t\t\t<\/li>\n\t\t\t\t\t\t\t\t\t<li class=\"link-list__item\">\n\t\t\t\t\t\t<a class=\"link-list__link\" href=\"https:\/\/www.cityfirstbank.com\/es\/commercial-impact-business-savings\/\" target=\"_self\" aria-label=\"Enlace a: Impacto comercial Ahorro empresarial\">Impacto comercial Ahorro empresarial<\/a>\n\t\t\t\t\t<\/li>\n\t\t\t\t\t\t\t\t\t<li class=\"link-list__item\">\n\t\t\t\t\t\t<a class=\"link-list__link\" href=\"https:\/\/www.cityfirstbank.com\/es\/cds-for-non-profits-and-businesses\/\" target=\"_self\" aria-label=\"Enlace a: CD para organizaciones sin fines de lucro y empresas\">CD para organizaciones sin fines de lucro y empresas<\/a>\n\t\t\t\t\t<\/li>\n\t\t\t\t\t\t\t\t\t<li class=\"link-list__item\">\n\t\t\t\t\t\t<a class=\"link-list__link\" href=\"https:\/\/www.cityfirstbank.com\/es\/nonprofit-money-market-account\/\" target=\"_self\" aria-label=\"Enlace a: Cuenta del mercado monetario sin \u00e1nimo de lucro\">Cuenta del mercado monetario sin \u00e1nimo de lucro<\/a>\n\t\t\t\t\t<\/li>\n\t\t\t\t\t\t<\/ul>\n\t<\/div>\n\n\n\t\t<\/div>\n\t<\/div>","protected":false},"excerpt":{"rendered":"","protected":false},"author":16,"featured_media":0,"parent":0,"menu_order":0,"comment_status":"closed","ping_status":"closed","template":"","meta":{"_acf_changed":false,"inline_featured_image":false,"footnotes":""},"class_list":["post-1806","page","type-page","status-publish","hentry"],"acf":[],"aioseo_notices":[],"_links":{"self":[{"href":"https:\/\/www.cityfirstbank.com\/es\/wp-json\/wp\/v2\/pages\/1806","targetHints":{"allow":["GET"]}}],"collection":[{"href":"https:\/\/www.cityfirstbank.com\/es\/wp-json\/wp\/v2\/pages"}],"about":[{"href":"https:\/\/www.cityfirstbank.com\/es\/wp-json\/wp\/v2\/types\/page"}],"author":[{"embeddable":true,"href":"https:\/\/www.cityfirstbank.com\/es\/wp-json\/wp\/v2\/users\/16"}],"replies":[{"embeddable":true,"href":"https:\/\/www.cityfirstbank.com\/es\/wp-json\/wp\/v2\/comments?post=1806"}],"version-history":[{"count":7,"href":"https:\/\/www.cityfirstbank.com\/es\/wp-json\/wp\/v2\/pages\/1806\/revisions"}],"predecessor-version":[{"id":3189,"href":"https:\/\/www.cityfirstbank.com\/es\/wp-json\/wp\/v2\/pages\/1806\/revisions\/3189"}],"wp:attachment":[{"href":"https:\/\/www.cityfirstbank.com\/es\/wp-json\/wp\/v2\/media?parent=1806"}],"curies":[{"name":"wp","href":"https:\/\/api.w.org\/{rel}","templated":true}]}}