{"id":1832,"date":"2025-09-03T20:29:17","date_gmt":"2025-09-03T20:29:17","guid":{"rendered":"https:\/\/cityfirstbank.com\/?page_id=1832"},"modified":"2025-09-29T19:01:26","modified_gmt":"2025-09-29T19:01:26","slug":"personal-checking-products","status":"publish","type":"page","link":"https:\/\/www.cityfirstbank.com\/es\/personal-checking-products\/","title":{"rendered":"Productos de cheques personales"},"content":{"rendered":"<div id=\"block_84a7b53ee4df0e7dd1ddee398b765822\" class=\"wysiwyg page-width\"><h2>La cuenta corriente personal que le da prioridad<\/h2>\n<p>En CityFirst Bank, creemos que su dinero debe trabajar para usted y para su comunidad. Nuestras cuentas corrientes personales est\u00e1n dise\u00f1adas para ofrecer comodidad, flexibilidad e impacto. Ya sea que est\u00e9 administrando los gastos diarios o planificando para el futuro, ofrecemos soluciones bancarias seguras, accesibles y socialmente responsables.<\/p>\n<\/div>\n\n\n\n\t<div id=\"block_7569f701e4bfa6108897f9c7950bf60d\" class=\"split container--horizontal split-size--50 background-color--light-blue background-alignment--full full-width vertical-align--top\">\n\t\t<!-- Image Error ($image is empty) -->\t\t<div class=\"split__inner-container\">\n\t\t\t\n\r\n<div id=\"block_fa3a3e851f2e47aa5bd58a209be81aca\" class=\"wysiwyg page-width\"><h2>Explore nuestros productos de cheques personales<\/h2>\n<\/div>\n\n\n<div id=\"block_daff35bd49954806246b45e8ec9b67fd\" class=\"link-list page-width\">\n\t\t\t<ul class=\"link-list__list\">\n\t\t\t\t\t\t\t\t<li class=\"link-list__item\">\n\t\t\t\t\t\t<a class=\"link-list__link\" href=\"https:\/\/www.cityfirstbank.com\/es\/retail\/personal-checking\/\" target=\"_self\" aria-label=\"Enlace a: Cuenta corriente personal\">Cuenta corriente personal<\/a>\n\t\t\t\t\t<\/li>\n\t\t\t\t\t\t\t\t\t<li class=\"link-list__item\">\n\t\t\t\t\t\t<a class=\"link-list__link\" href=\"https:\/\/www.cityfirstbank.com\/es\/impact-interest-checking\/\" target=\"_self\" aria-label=\"Enlace a: Comprobaci\u00f3n de intereses de impacto\">Comprobaci\u00f3n de intereses por impacto<\/a>\n\t\t\t\t\t<\/li>\n\t\t\t\t\t\t<\/ul>\n\t<\/div>\n\n\n\t\t<\/div>\n\t<\/div>","protected":false},"excerpt":{"rendered":"","protected":false},"author":16,"featured_media":0,"parent":0,"menu_order":0,"comment_status":"closed","ping_status":"closed","template":"","meta":{"_acf_changed":false,"inline_featured_image":false,"footnotes":""},"class_list":["post-1832","page","type-page","status-publish","hentry"],"acf":[],"aioseo_notices":[],"_links":{"self":[{"href":"https:\/\/www.cityfirstbank.com\/es\/wp-json\/wp\/v2\/pages\/1832","targetHints":{"allow":["GET"]}}],"collection":[{"href":"https:\/\/www.cityfirstbank.com\/es\/wp-json\/wp\/v2\/pages"}],"about":[{"href":"https:\/\/www.cityfirstbank.com\/es\/wp-json\/wp\/v2\/types\/page"}],"author":[{"embeddable":true,"href":"https:\/\/www.cityfirstbank.com\/es\/wp-json\/wp\/v2\/users\/16"}],"replies":[{"embeddable":true,"href":"https:\/\/www.cityfirstbank.com\/es\/wp-json\/wp\/v2\/comments?post=1832"}],"version-history":[{"count":3,"href":"https:\/\/www.cityfirstbank.com\/es\/wp-json\/wp\/v2\/pages\/1832\/revisions"}],"predecessor-version":[{"id":2628,"href":"https:\/\/www.cityfirstbank.com\/es\/wp-json\/wp\/v2\/pages\/1832\/revisions\/2628"}],"wp:attachment":[{"href":"https:\/\/www.cityfirstbank.com\/es\/wp-json\/wp\/v2\/media?parent=1832"}],"curies":[{"name":"wp","href":"https:\/\/api.w.org\/{rel}","templated":true}]}}