{"id":1835,"date":"2025-09-03T20:32:31","date_gmt":"2025-09-03T20:32:31","guid":{"rendered":"https:\/\/cityfirstbank.com\/?page_id=1835"},"modified":"2026-01-09T23:20:40","modified_gmt":"2026-01-09T23:20:40","slug":"business-checking-products","status":"publish","type":"page","link":"https:\/\/www.cityfirstbank.com\/es\/business-checking-products\/","title":{"rendered":"Productos de cuenta corriente empresarial"},"content":{"rendered":"<div id=\"block_3274a7050de35eb6acba273aed9e2ea8\" class=\"wysiwyg page-width\"><h2>Cuentas corrientes empresariales flexibles para cada etapa de crecimiento<\/h2>\n<p>En CityFirst Bank, nuestras cuentas corrientes para empresas no solo sirven para administrar su dinero, sino que tambi\u00e9n contribuyen al desarrollo de las comunidades. Como Instituci\u00f3n Financiera de Desarrollo Comunitario (CDFI), ofrecemos soluciones financieras alineadas con nuestra misi\u00f3n que apoyan a las peque\u00f1as empresas, las organizaciones sin fines de lucro y las empresas socialmente responsables.<\/p>\n<\/div>\n\n\n\n\t<div id=\"block_6147b49cc9e51d3db4855bd352873f5b\" class=\"split container--horizontal split-size--50 background-color--light-blue background-alignment--full full-width vertical-align--top\">\n\t\t<!-- Image Error ($image is empty) -->\t\t<div class=\"split__inner-container\">\n\t\t\t\n\r\n<div id=\"block_e1816af77783b4c9b03e6de96d2627f9\" class=\"wysiwyg page-width\"><h2>Descubra nuestros productos de cuentas corrientes para empresas<\/h2>\n<\/div>\n\n\n<div id=\"block_35cc3900f3c22cf4e7b665b518f7f3f2\" class=\"link-list page-width\">\n\t\t\t<ul class=\"link-list__list\">\n\t\t\t\t\t\t\t\t<li class=\"link-list__item\">\n\t\t\t\t\t\t<a class=\"link-list__link\" href=\"https:\/\/www.cityfirstbank.com\/es\/retail\/basic-business-checking\/\" target=\"_self\" aria-label=\"Enlace a: Cuenta corriente b\u00e1sica para empresas\">Cuenta corriente b\u00e1sica para empresas<\/a>\n\t\t\t\t\t<\/li>\n\t\t\t\t\t\t\t\t\t<li class=\"link-list__item\">\n\t\t\t\t\t\t<a class=\"link-list__link\" href=\"https:\/\/www.cityfirstbank.com\/es\/retail\/smart-business-checking\/\" target=\"_self\" aria-label=\"Enlace a: Cuenta corriente Smart Business\">Cuenta corriente Smart Business<\/a>\n\t\t\t\t\t<\/li>\n\t\t\t\t\t\t<\/ul>\n\t<\/div>\n\n\n\t\t<\/div>\n\t<\/div>","protected":false},"excerpt":{"rendered":"","protected":false},"author":16,"featured_media":0,"parent":0,"menu_order":0,"comment_status":"closed","ping_status":"closed","template":"","meta":{"_acf_changed":false,"inline_featured_image":false,"footnotes":""},"class_list":["post-1835","page","type-page","status-publish","hentry"],"acf":[],"aioseo_notices":[],"_links":{"self":[{"href":"https:\/\/www.cityfirstbank.com\/es\/wp-json\/wp\/v2\/pages\/1835","targetHints":{"allow":["GET"]}}],"collection":[{"href":"https:\/\/www.cityfirstbank.com\/es\/wp-json\/wp\/v2\/pages"}],"about":[{"href":"https:\/\/www.cityfirstbank.com\/es\/wp-json\/wp\/v2\/types\/page"}],"author":[{"embeddable":true,"href":"https:\/\/www.cityfirstbank.com\/es\/wp-json\/wp\/v2\/users\/16"}],"replies":[{"embeddable":true,"href":"https:\/\/www.cityfirstbank.com\/es\/wp-json\/wp\/v2\/comments?post=1835"}],"version-history":[{"count":5,"href":"https:\/\/www.cityfirstbank.com\/es\/wp-json\/wp\/v2\/pages\/1835\/revisions"}],"predecessor-version":[{"id":3190,"href":"https:\/\/www.cityfirstbank.com\/es\/wp-json\/wp\/v2\/pages\/1835\/revisions\/3190"}],"wp:attachment":[{"href":"https:\/\/www.cityfirstbank.com\/es\/wp-json\/wp\/v2\/media?parent=1835"}],"curies":[{"name":"wp","href":"https:\/\/api.w.org\/{rel}","templated":true}]}}