{"id":2099,"date":"2025-09-15T19:51:52","date_gmt":"2025-09-15T19:51:52","guid":{"rendered":"https:\/\/cityfirstbank.com\/?page_id=2099"},"modified":"2025-10-02T03:58:57","modified_gmt":"2025-10-02T03:58:57","slug":"personal-credit-cards","status":"publish","type":"page","link":"https:\/\/www.cityfirstbank.com\/es\/personal-credit-cards\/","title":{"rendered":"Tarjetas de cr\u00e9dito personales"},"content":{"rendered":"<div id=\"block_c8e1eeae00cb510f445face1fb1f5672\" class=\"paragraph paragraph--default align-left page-width\">\r\n\t\t\t<div class=\"paragraph__inner-container\">\r\n\t\t<div class=\"paragraph__text-container\">\r\n\t\t\t\t\t\t\t<h2 class=\"paragraph__title\">Tarjeta de cr\u00e9dito personal<\/h2>\r\n\t\t\t\t\t\t\t\t\t\t<div class=\"paragraph__text\"><p>Elegir la tarjeta de cr\u00e9dito adecuada es m\u00e1s f\u00e1cil que nunca. Ya sea que quieras pagar tus saldos m\u00e1s r\u00e1pido,<br \/>\nYa sea que quieras maximizar tu reembolso en efectivo, ganar recompensas o empezar a construir tu historial crediticio, \u00a1tenemos la tarjeta ideal para ti!<\/p>\n<p><strong>Independientemente de la tarjeta que elijas, disfrutar\u00e1s de importantes ventajas como:<\/strong><\/p>\n<p>\u2022 Un medio de pago c\u00f3modo y flexible. Aceptado en millones de establecimientos de todo el mundo.<br \/>\n\u2022 Funci\u00f3n de compra desde el m\u00f3vil para mayor comodidad.<br \/>\n\u2022 Responsabilidad cero por fraude.* No tendr\u00e1s que hacerte cargo de las compras fraudulentas en caso de p\u00e9rdida o robo de tu tarjeta.<br \/>\n\u2022 Servicio de atenci\u00f3n al titular disponible las 24 horas del d\u00eda, los 365 d\u00edas del a\u00f1o.<br \/>\n\u2022 \u00a1Y mucho m\u00e1s!<\/p>\n<\/div>\r\n\t\t\t\t\t<\/div>\r\n\t\t\t<\/div>\r\n<\/div>\n\n\n<div id=\"block_27f2d88a21e0448d6947ff6081107f1c\" class=\"link-button align-left page-width\">\n\t<a class=\"button\" href=\"https:\/\/creditcardlearnmore.com\/11t3\/index?ecdma-lc=27829&#038;ecid=OTHE_25940\" target=\"_self\" aria-label=\"Enlace a: M\u00e1s informaci\u00f3n\">M\u00e1s informaci\u00f3n<\/a>\n<\/div>\n\n\n<div id=\"block_af660158cf1c7a7809860fd57ef51818\" class=\"link-button align-left page-width\">\n\t<a class=\"button\" href=\"https:\/\/www.cityfirstbank.com\/es\/appointment-scheduling-dc\/\" target=\"_self\" aria-label=\"Enlace a: Concertar una cita | Washington D. C.\">Concertar una cita | Washington D. C.<\/a>\n<\/div>\n\n\r\n<div id=\"block_d4dcf1ceffdd1dd152d418e71aba7e48\" class=\"paragraph paragraph--default align-left page-width\">\r\n\t\t\t<div class=\"paragraph__inner-container\">\r\n\t\t<div class=\"paragraph__text-container\">\r\n\t\t\t\t\t\t\t\t\t\t<div class=\"paragraph__text\"><h6>*Elan Financial Services ofrece exenci\u00f3n de responsabilidad por fraude en caso de transacciones no autorizadas. El titular de la tarjeta debe notificar inmediatamente a Elan Financial Services cualquier uso no autorizado. Pueden aplicarse ciertas condiciones y limitaciones.<\/h6>\n<h6>El acreedor y emisor de estas tarjetas es Elan Financial Services, en virtud de licencias independientes otorgadas por Visa U.S.A. Inc. y Mastercard International Incorporated. Mastercard es una marca registrada, y el dise\u00f1o de los c\u00edrculos es una marca comercial de Mastercard International Incorporated.<\/h6>\n<\/div>\r\n\t\t\t\t\t<\/div>\r\n\t\t\t<\/div>\r\n<\/div>","protected":false},"excerpt":{"rendered":"","protected":false},"author":4,"featured_media":0,"parent":0,"menu_order":0,"comment_status":"closed","ping_status":"closed","template":"","meta":{"_acf_changed":false,"inline_featured_image":false,"footnotes":""},"class_list":["post-2099","page","type-page","status-publish","hentry"],"acf":[],"aioseo_notices":[],"_links":{"self":[{"href":"https:\/\/www.cityfirstbank.com\/es\/wp-json\/wp\/v2\/pages\/2099","targetHints":{"allow":["GET"]}}],"collection":[{"href":"https:\/\/www.cityfirstbank.com\/es\/wp-json\/wp\/v2\/pages"}],"about":[{"href":"https:\/\/www.cityfirstbank.com\/es\/wp-json\/wp\/v2\/types\/page"}],"author":[{"embeddable":true,"href":"https:\/\/www.cityfirstbank.com\/es\/wp-json\/wp\/v2\/users\/4"}],"replies":[{"embeddable":true,"href":"https:\/\/www.cityfirstbank.com\/es\/wp-json\/wp\/v2\/comments?post=2099"}],"version-history":[{"count":10,"href":"https:\/\/www.cityfirstbank.com\/es\/wp-json\/wp\/v2\/pages\/2099\/revisions"}],"predecessor-version":[{"id":2780,"href":"https:\/\/www.cityfirstbank.com\/es\/wp-json\/wp\/v2\/pages\/2099\/revisions\/2780"}],"wp:attachment":[{"href":"https:\/\/www.cityfirstbank.com\/es\/wp-json\/wp\/v2\/media?parent=2099"}],"curies":[{"name":"wp","href":"https:\/\/api.w.org\/{rel}","templated":true}]}}