{"id":2120,"date":"2025-09-15T20:19:16","date_gmt":"2025-09-15T20:19:16","guid":{"rendered":"https:\/\/cityfirstbank.com\/?page_id=2120"},"modified":"2025-10-02T03:58:08","modified_gmt":"2025-10-02T03:58:08","slug":"2120-2","status":"publish","type":"page","link":"https:\/\/www.cityfirstbank.com\/es\/2120-2\/","title":{"rendered":"Tarjeta de cr\u00e9dito empresarial"},"content":{"rendered":"<div id=\"block_e8a4a8225cdb1f1566fd1fd99d3461d0\" class=\"paragraph paragraph--default align-left page-width\">\r\n\t\t\t<div class=\"paragraph__inner-container\">\r\n\t\t<div class=\"paragraph__text-container\">\r\n\t\t\t\t\t\t\t<h2 class=\"paragraph__title\">Tarjeta de cr\u00e9dito empresarial <\/h2>\r\n\t\t\t\t\t\t\t\t\t\t<div class=\"paragraph__text\"><p>Elige entre nuestras populares opciones de tarjetas de cr\u00e9dito para empresas, como las de tasa baja, reembolso en efectivo o recompensas flexibles, para<br \/>\nEncuentra la que mejor se adapte a tu negocio.<\/p>\n<p><strong>Independientemente de la tarjeta que elijas, tu empresa se beneficiar\u00e1 de importantes funciones como:<\/strong><br \/>\n\u2022 Herramientas gratuitas en l\u00ednea para la presentaci\u00f3n de informes de gastos.<br \/>\n\u2022 Sin cargo por tarjetas adicionales para empleados.<br \/>\n\u2022 Funci\u00f3n de pago m\u00f3vil para mayor comodidad.<br \/>\n\u2022 Responsabilidad cero por fraude.* No tendr\u00e1s que hacerte cargo de las compras fraudulentas en caso de p\u00e9rdida o robo de tu tarjeta.<br \/>\n\u2022 Servicio de atenci\u00f3n al titular disponible las 24 horas del d\u00eda, los 365 d\u00edas del a\u00f1o.<\/p>\n<\/div>\r\n\t\t\t\t\t<\/div>\r\n\t\t\t<\/div>\r\n<\/div>\n\n\n<div id=\"block_3bc442515fb37817ab5031394fbb1de9\" class=\"link-button align-left page-width\">\n\t<a class=\"button\" href=\"https:\/\/creditcardlearnmore.com\/11t3\/index?ecdma-lc=27829&#038;ecid=OTHE_25940#business\" target=\"_self\" aria-label=\"Enlace a: M\u00e1s informaci\u00f3n\">M\u00e1s informaci\u00f3n<\/a>\n<\/div>\n\n\n<div id=\"block_78797a4557ff881a8f1193f609e76ca1\" class=\"link-button align-left page-width\">\n\t<a class=\"button\" href=\"https:\/\/www.cityfirstbank.com\/es\/appointment-scheduling-dc\/\" target=\"_self\" aria-label=\"Enlace a: Concertar una cita | Washington D. C.\">Concertar una cita | Washington D. C.<\/a>\n<\/div>\n\n\r\n<div id=\"block_58a8c927f1e17cc6579fc0bd506317ce\" class=\"paragraph paragraph--default align-left page-width\">\r\n\t\t\t<div class=\"paragraph__inner-container\">\r\n\t\t<div class=\"paragraph__text-container\">\r\n\t\t\t\t\t\t\t\t\t\t<div class=\"paragraph__text\"><h6>*Elan Financial Services ofrece exenci\u00f3n de responsabilidad por fraude en caso de transacciones no autorizadas. El titular de la tarjeta debe notificar inmediatamente a Elan Financial Services cualquier uso no autorizado. Pueden aplicarse ciertas condiciones y limitaciones.<\/h6>\n<h6>El acreedor y emisor de estas tarjetas es Elan Financial Services, en virtud de licencias independientes otorgadas por Visa U.S.A. Inc. y Mastercard International Incorporated. Mastercard es una marca registrada, y el dise\u00f1o de los c\u00edrculos es una marca comercial de Mastercard International Incorporated.<\/h6>\n<\/div>\r\n\t\t\t\t\t<\/div>\r\n\t\t\t<\/div>\r\n<\/div>","protected":false},"excerpt":{"rendered":"","protected":false},"author":4,"featured_media":0,"parent":0,"menu_order":0,"comment_status":"closed","ping_status":"closed","template":"","meta":{"_acf_changed":false,"inline_featured_image":false,"footnotes":""},"class_list":["post-2120","page","type-page","status-publish","hentry"],"acf":[],"aioseo_notices":[],"_links":{"self":[{"href":"https:\/\/www.cityfirstbank.com\/es\/wp-json\/wp\/v2\/pages\/2120","targetHints":{"allow":["GET"]}}],"collection":[{"href":"https:\/\/www.cityfirstbank.com\/es\/wp-json\/wp\/v2\/pages"}],"about":[{"href":"https:\/\/www.cityfirstbank.com\/es\/wp-json\/wp\/v2\/types\/page"}],"author":[{"embeddable":true,"href":"https:\/\/www.cityfirstbank.com\/es\/wp-json\/wp\/v2\/users\/4"}],"replies":[{"embeddable":true,"href":"https:\/\/www.cityfirstbank.com\/es\/wp-json\/wp\/v2\/comments?post=2120"}],"version-history":[{"count":10,"href":"https:\/\/www.cityfirstbank.com\/es\/wp-json\/wp\/v2\/pages\/2120\/revisions"}],"predecessor-version":[{"id":2779,"href":"https:\/\/www.cityfirstbank.com\/es\/wp-json\/wp\/v2\/pages\/2120\/revisions\/2779"}],"wp:attachment":[{"href":"https:\/\/www.cityfirstbank.com\/es\/wp-json\/wp\/v2\/media?parent=2120"}],"curies":[{"name":"wp","href":"https:\/\/api.w.org\/{rel}","templated":true}]}}